{"id":595,"date":"2023-08-02T11:50:35","date_gmt":"2023-08-02T11:50:35","guid":{"rendered":"https:\/\/fabrik.vamtam.com\/?page_id=595"},"modified":"2025-06-02T00:22:26","modified_gmt":"2025-06-01T21:22:26","slug":"kompanzasyon-panolari","status":"publish","type":"page","link":"https:\/\/www.egesmuhendislik.com.tr\/fr\/cozumlerimiz\/kompanzasyon-panolari\/","title":{"rendered":"Panneaux de compensation"},"content":{"rendered":"<div data-elementor-type=\"wp-page\" data-elementor-id=\"595\" class=\"elementor elementor-595\" data-elementor-post-type=\"page\">\n\t\t\t\t\t\t<section class=\"elementor-section elementor-top-section elementor-element elementor-element-77af8952 elementor-section-boxed elementor-section-height-default elementor-section-height-default\" data-id=\"77af8952\" data-element_type=\"section\">\n\t\t\t\t\t\t<div class=\"elementor-container elementor-column-gap-no\">\n\t\t\t\t\t<div class=\"elementor-column elementor-col-33 elementor-top-column elementor-element elementor-element-78d6e8a9\" data-id=\"78d6e8a9\" data-element_type=\"column\">\n\t\t\t<div class=\"elementor-widget-wrap elementor-element-populated\">\n\t\t\t\t\t\t<div class=\"elementor-element elementor-element-6416558c elementor-invisible elementor-widget elementor-widget-heading\" data-id=\"6416558c\" data-element_type=\"widget\" data-settings=\"{&quot;_animation&quot;:&quot;fadeIn&quot;,&quot;_animation_tablet&quot;:&quot;none&quot;,&quot;_animation_delay&quot;:200}\" data-widget_type=\"heading.default\">\n\t\t\t\t<div class=\"elementor-widget-container\">\n\t\t\t<style>\/*! elementor - v3.23.0 - 05-08-2024 *\/\n.elementor-heading-title{padding:0;margin:0;line-height:1}.elementor-widget-heading .elementor-heading-title[class*=elementor-size-]>a{color:inherit;font-size:inherit;line-height:inherit}.elementor-widget-heading .elementor-heading-title.elementor-size-small{font-size:15px}.elementor-widget-heading .elementor-heading-title.elementor-size-medium{font-size:19px}.elementor-widget-heading .elementor-heading-title.elementor-size-large{font-size:29px}.elementor-widget-heading .elementor-heading-title.elementor-size-xl{font-size:39px}.elementor-widget-heading .elementor-heading-title.elementor-size-xxl{font-size:59px}<\/style><h2 class=\"elementor-heading-title elementor-size-default\">KOMPANZASYON PANO\n<\/h2>\t\t<\/div>\n\t\t\t\t<\/div>\n\t\t\t\t\t<\/div>\n\t\t<\/div>\n\t\t\t\t<div class=\"elementor-column elementor-col-33 elementor-top-column elementor-element elementor-element-6a81c658 elementor-hidden-mobile\" data-id=\"6a81c658\" data-element_type=\"column\">\n\t\t\t<div class=\"elementor-widget-wrap elementor-element-populated\">\n\t\t\t\t\t\t<div class=\"elementor-element elementor-element-19227b07 elementor-widget elementor-widget-spacer\" data-id=\"19227b07\" data-element_type=\"widget\" data-widget_type=\"spacer.default\">\n\t\t\t\t<div class=\"elementor-widget-container\">\n\t\t\t<style>\/*! elementor - v3.23.0 - 05-08-2024 *\/\n.elementor-column .elementor-spacer-inner{height:var(--spacer-size)}.e-con{--container-widget-width:100%}.e-con-inner>.elementor-widget-spacer,.e-con>.elementor-widget-spacer{width:var(--container-widget-width,var(--spacer-size));--align-self:var(--container-widget-align-self,initial);--flex-shrink:0}.e-con-inner>.elementor-widget-spacer>.elementor-widget-container,.e-con>.elementor-widget-spacer>.elementor-widget-container{height:100%;width:100%}.e-con-inner>.elementor-widget-spacer>.elementor-widget-container>.elementor-spacer,.e-con>.elementor-widget-spacer>.elementor-widget-container>.elementor-spacer{height:100%}.e-con-inner>.elementor-widget-spacer>.elementor-widget-container>.elementor-spacer>.elementor-spacer-inner,.e-con>.elementor-widget-spacer>.elementor-widget-container>.elementor-spacer>.elementor-spacer-inner{height:var(--container-widget-height,var(--spacer-size))}.e-con-inner>.elementor-widget-spacer.elementor-widget-empty,.e-con>.elementor-widget-spacer.elementor-widget-empty{position:relative;min-height:22px;min-width:22px}.e-con-inner>.elementor-widget-spacer.elementor-widget-empty .elementor-widget-empty-icon,.e-con>.elementor-widget-spacer.elementor-widget-empty .elementor-widget-empty-icon{position:absolute;top:0;bottom:0;left:0;right:0;margin:auto;padding:0;width:22px;height:22px}<\/style>\t\t<div class=\"elementor-spacer\">\n\t\t\t<div class=\"elementor-spacer-inner\"><\/div>\n\t\t<\/div>\n\t\t\t\t<\/div>\n\t\t\t\t<\/div>\n\t\t\t\t\t<\/div>\n\t\t<\/div>\n\t\t\t\t<div class=\"elementor-column elementor-col-33 elementor-top-column elementor-element elementor-element-38553be7 elementor-hidden-mobile\" data-id=\"38553be7\" data-element_type=\"column\">\n\t\t\t<div class=\"elementor-widget-wrap elementor-element-populated\">\n\t\t\t\t\t\t<div class=\"elementor-element elementor-element-15c43266 elementor-widget elementor-widget-spacer\" data-id=\"15c43266\" data-element_type=\"widget\" data-widget_type=\"spacer.default\">\n\t\t\t\t<div class=\"elementor-widget-container\">\n\t\t\t\t\t<div class=\"elementor-spacer\">\n\t\t\t<div class=\"elementor-spacer-inner\"><\/div>\n\t\t<\/div>\n\t\t\t\t<\/div>\n\t\t\t\t<\/div>\n\t\t\t\t\t<\/div>\n\t\t<\/div>\n\t\t\t\t\t<\/div>\n\t\t<\/section>\n\t\t\t\t<section class=\"elementor-section elementor-top-section elementor-element elementor-element-5915d0fd elementor-section-boxed elementor-section-height-default elementor-section-height-default\" data-id=\"5915d0fd\" data-element_type=\"section\">\n\t\t\t\t\t\t<div class=\"elementor-container elementor-column-gap-no\">\n\t\t\t\t\t<div class=\"elementor-column elementor-col-33 elementor-top-column elementor-element elementor-element-e30df3b\" data-id=\"e30df3b\" data-element_type=\"column\" data-settings=\"{&quot;background_background&quot;:&quot;classic&quot;}\">\n\t\t\t<div class=\"elementor-widget-wrap elementor-element-populated\">\n\t\t\t\t\t\t<div class=\"elementor-element elementor-element-14c4a921 elementor-widget elementor-widget-text-editor\" data-id=\"14c4a921\" data-element_type=\"widget\" data-widget_type=\"text-editor.default\">\n\t\t\t\t<div class=\"elementor-widget-container\">\n\t\t\t<style>\/*! elementor - v3.23.0 - 05-08-2024 *\/\n.elementor-widget-text-editor.elementor-drop-cap-view-stacked .elementor-drop-cap{background-color:#69727d;color:#fff}.elementor-widget-text-editor.elementor-drop-cap-view-framed .elementor-drop-cap{color:#69727d;border:3px solid;background-color:transparent}.elementor-widget-text-editor:not(.elementor-drop-cap-view-default) .elementor-drop-cap{margin-top:8px}.elementor-widget-text-editor:not(.elementor-drop-cap-view-default) .elementor-drop-cap-letter{width:1em;height:1em}.elementor-widget-text-editor .elementor-drop-cap{float:left;text-align:center;line-height:1;font-size:50px}.elementor-widget-text-editor .elementor-drop-cap-letter{display:inline-block}<\/style>\t\t\t\t<p>Kompanzasyon, \u00f6zellikle end\u00fcstriyel tesislerde ve b\u00fcy\u00fck ticari binalarda, reaktif g\u00fc\u00e7 (kondansat\u00f6rler taraf\u0131ndan sa\u011flanan) ile aktif g\u00fc\u00e7 aras\u0131ndaki dengesizli\u011fi d\u00fczeltmek i\u00e7in kullan\u0131l\u0131r. Bu panolar, enerji maliyetlerini d\u00fc\u015f\u00fcrmeye ve g\u00fc\u00e7 kalitesini art\u0131rmaya yard\u0131mc\u0131 olur.<\/p><h4>Temel \u0130\u015flevleri:<\/h4><ol><li><p><strong>G\u00fc\u00e7 Fakt\u00f6r\u00fc D\u00fczeltmesi<\/strong>:<\/p><ul><li><strong>Reaktif G\u00fc\u00e7 Kontrol\u00fc<\/strong>: Kompanzasyon panolar\u0131, reaktif g\u00fcc\u00fc dengeleyerek g\u00fc\u00e7 fakt\u00f6r\u00fcn\u00fc iyile\u015ftirir. Bu, enerji kay\u0131plar\u0131n\u0131 azalt\u0131r ve g\u00fc\u00e7 \u015febekesi \u00fczerindeki y\u00fck\u00fc azalt\u0131r.<\/li><li><strong>Enerji Verimlili\u011fi<\/strong>: D\u00fc\u015f\u00fck g\u00fc\u00e7 fakt\u00f6r\u00fc, enerji kay\u0131plar\u0131na yol a\u00e7ar. Kompanzasyon ile bu kay\u0131plar minimize edilir ve enerji verimlili\u011fi art\u0131r\u0131l\u0131r.<\/li><\/ul><\/li><li><p><strong>Enerji Maliyetlerini Azaltma<\/strong>:<\/p><ul><li><strong>Elektrik Faturas\u0131<\/strong>: G\u00fc\u00e7 fakt\u00f6r\u00fcn\u00fc d\u00fczeltmek, elektrik sa\u011flay\u0131c\u0131lar\u0131n\u0131n uygulad\u0131\u011f\u0131 cezalardan ka\u00e7\u0131nmak i\u00e7in \u00f6nemlidir. Bu, maliyetleri d\u00fc\u015f\u00fcr\u00fcr.<\/li><\/ul><\/li><li><p><strong>G\u00fc\u00e7 Kalitesini Art\u0131rma<\/strong>:<\/p><ul><li><strong>Gerilim D\u00fc\u015f\u00fc\u015f\u00fc<\/strong>: Kompanzasyon, gerilim d\u00fc\u015f\u00fc\u015flerini minimize eder ve g\u00fc\u00e7 kalitesini iyile\u015ftirir.<\/li><li><strong>Harmonik D\u00fczeltme<\/strong>: Baz\u0131 kompanzasyon panolar\u0131, harmonik bozulmalar\u0131 da azaltabilir.<\/li><\/ul><\/li><li><p><strong>Sistem G\u00fcvenilirli\u011fi<\/strong>:<\/p><ul><li><strong>Ar\u0131za Riski Azaltma<\/strong>: Reaktif g\u00fc\u00e7 dengesizli\u011fi, sistem ar\u0131zalar\u0131na yol a\u00e7abilir. Kompanzasyon, bu t\u00fcr ar\u0131zalar\u0131n riskini azalt\u0131r ve sistem g\u00fcvenilirli\u011fini art\u0131r\u0131r.<\/li><\/ul><\/li><\/ol>\t\t\t\t\t\t<\/div>\n\t\t\t\t<\/div>\n\t\t\t\t\t<\/div>\n\t\t<\/div>\n\t\t\t\t<div class=\"elementor-column elementor-col-33 elementor-top-column elementor-element elementor-element-6e2dad9c\" data-id=\"6e2dad9c\" data-element_type=\"column\">\n\t\t\t<div class=\"elementor-widget-wrap elementor-element-populated\">\n\t\t\t\t\t\t<div class=\"elementor-element elementor-element-591b44c1 elementor-widget elementor-widget-image\" data-id=\"591b44c1\" data-element_type=\"widget\" data-settings=\"{&quot;motion_fx_motion_fx_scrolling&quot;:&quot;yes&quot;,&quot;motion_fx_translateY_effect&quot;:&quot;yes&quot;,&quot;motion_fx_translateY_speed&quot;:{&quot;unit&quot;:&quot;px&quot;,&quot;size&quot;:1,&quot;sizes&quot;:[]},&quot;motion_fx_devices&quot;:[&quot;desktop&quot;],&quot;motion_fx_translateY_direction&quot;:&quot;negative&quot;,&quot;motion_fx_translateY_affectedRange&quot;:{&quot;unit&quot;:&quot;%&quot;,&quot;size&quot;:&quot;&quot;,&quot;sizes&quot;:{&quot;start&quot;:0,&quot;end&quot;:100}}}\" data-widget_type=\"image.default\">\n\t\t\t\t<div class=\"elementor-widget-container\">\n\t\t\t<style>\/*! elementor - v3.23.0 - 05-08-2024 *\/\n.elementor-widget-image{text-align:center}.elementor-widget-image a{display:inline-block}.elementor-widget-image a img[src$=\".svg\"]{width:48px}.elementor-widget-image img{vertical-align:middle;display:inline-block}<\/style>\t\t\t\t\t\t\t\t\t\t<img fetchpriority=\"high\" decoding=\"async\" width=\"690\" height=\"1024\" src=\"https:\/\/www.egesmuhendislik.com.tr\/wp-content\/uploads\/2025\/06\/CozumlerimizYeni-2-690x1024.jpg\" class=\"attachment-large size-large wp-image-988671\" alt=\"\" srcset=\"https:\/\/www.egesmuhendislik.com.tr\/wp-content\/uploads\/2025\/06\/CozumlerimizYeni-2-690x1024.jpg 690w, https:\/\/www.egesmuhendislik.com.tr\/wp-content\/uploads\/2025\/06\/CozumlerimizYeni-2-202x300.jpg 202w, https:\/\/www.egesmuhendislik.com.tr\/wp-content\/uploads\/2025\/06\/CozumlerimizYeni-2.jpg 728w\" sizes=\"(max-width: 690px) 100vw, 690px\" \/>\t\t\t\t\t\t\t\t\t\t\t\t\t<\/div>\n\t\t\t\t<\/div>\n\t\t\t\t\t<\/div>\n\t\t<\/div>\n\t\t\t\t<div class=\"elementor-column elementor-col-33 elementor-top-column elementor-element elementor-element-29ac2b6c\" data-id=\"29ac2b6c\" data-element_type=\"column\">\n\t\t\t<div class=\"elementor-widget-wrap elementor-element-populated\">\n\t\t\t\t\t\t<div class=\"elementor-element elementor-element-c5497b6 elementor-widget elementor-widget-image\" data-id=\"c5497b6\" data-element_type=\"widget\" data-settings=\"{&quot;motion_fx_motion_fx_scrolling&quot;:&quot;yes&quot;,&quot;motion_fx_translateY_effect&quot;:&quot;yes&quot;,&quot;motion_fx_translateY_speed&quot;:{&quot;unit&quot;:&quot;px&quot;,&quot;size&quot;:1,&quot;sizes&quot;:[]},&quot;motion_fx_devices&quot;:[&quot;desktop&quot;],&quot;motion_fx_translateY_affectedRange&quot;:{&quot;unit&quot;:&quot;%&quot;,&quot;size&quot;:&quot;&quot;,&quot;sizes&quot;:{&quot;start&quot;:0,&quot;end&quot;:100}}}\" data-widget_type=\"image.default\">\n\t\t\t\t<div class=\"elementor-widget-container\">\n\t\t\t\t\t\t\t\t\t\t\t\t\t<img decoding=\"async\" width=\"728\" height=\"924\" src=\"https:\/\/www.egesmuhendislik.com.tr\/wp-content\/uploads\/2024\/09\/Resim-3.jpg\" class=\"attachment-large size-large wp-image-988009\" alt=\"\" srcset=\"https:\/\/www.egesmuhendislik.com.tr\/wp-content\/uploads\/2024\/09\/Resim-3.jpg 728w, https:\/\/www.egesmuhendislik.com.tr\/wp-content\/uploads\/2024\/09\/Resim-3-236x300.jpg 236w\" sizes=\"(max-width: 728px) 100vw, 728px\" \/>\t\t\t\t\t\t\t\t\t\t\t\t\t<\/div>\n\t\t\t\t<\/div>\n\t\t\t\t\t<\/div>\n\t\t<\/div>\n\t\t\t\t\t<\/div>\n\t\t<\/section>\n\t\t\t\t<section class=\"elementor-section elementor-top-section elementor-element elementor-element-1d9e6d35 elementor-section-content-top elementor-section-boxed elementor-section-height-default elementor-section-height-default\" data-id=\"1d9e6d35\" data-element_type=\"section\" data-settings=\"{&quot;background_background&quot;:&quot;classic&quot;}\">\n\t\t\t\t\t\t<div class=\"elementor-container elementor-column-gap-no\">\n\t\t\t\t\t<div class=\"elementor-column elementor-col-33 elementor-top-column elementor-element elementor-element-76e2fa33\" data-id=\"76e2fa33\" data-element_type=\"column\">\n\t\t\t<div class=\"elementor-widget-wrap elementor-element-populated\">\n\t\t\t\t\t\t<div class=\"elementor-element elementor-element-3e97925d elementor-invisible elementor-widget elementor-widget-heading\" data-id=\"3e97925d\" data-element_type=\"widget\" data-settings=\"{&quot;_animation&quot;:&quot;fadeIn&quot;,&quot;_animation_delay&quot;:200}\" data-widget_type=\"heading.default\">\n\t\t\t\t<div class=\"elementor-widget-container\">\n\t\t\t<h2 class=\"elementor-heading-title elementor-size-default\">Kompanzasyon Panosunun Temel Bile\u015fenleri<\/h2>\t\t<\/div>\n\t\t\t\t<\/div>\n\t\t\t\t\t<\/div>\n\t\t<\/div>\n\t\t\t\t<div class=\"elementor-column elementor-col-66 elementor-top-column elementor-element elementor-element-472f6bfb\" data-id=\"472f6bfb\" data-element_type=\"column\">\n\t\t\t<div class=\"elementor-widget-wrap elementor-element-populated\">\n\t\t\t\t\t\t<div class=\"elementor-element elementor-element-16615c06 elementor-widget elementor-widget-text-editor\" data-id=\"16615c06\" data-element_type=\"widget\" data-widget_type=\"text-editor.default\">\n\t\t\t\t<div class=\"elementor-widget-container\">\n\t\t\t\t\t\t\t<ul><li><p><strong>Kondansat\u00f6rler<\/strong>:<\/p><ul><li><strong>Reaktif G\u00fc\u00e7 Sa\u011flay\u0131c\u0131lar<\/strong>: Reaktif g\u00fcc\u00fc sa\u011flayarak g\u00fc\u00e7 fakt\u00f6r\u00fcn\u00fc d\u00fczeltir. Kondansat\u00f6rler, kompanzasyon panosunun ana bile\u015fenidir.<\/li><\/ul><\/li><li><p><strong>Reakt\u00f6rler<\/strong>:<\/p><ul><li><strong>Harmonik D\u00fczeltici<\/strong>: Baz\u0131 durumlarda, kondansat\u00f6rlerin yaratt\u0131\u011f\u0131 harmonikleri dengelemek i\u00e7in reakt\u00f6rler kullan\u0131l\u0131r. Bu, g\u00fc\u00e7 kalitesini art\u0131r\u0131r.<\/li><\/ul><\/li><li><p><strong>Devre Kesiciler<\/strong>:<\/p><ul><li><strong>Koruma<\/strong>: A\u015f\u0131r\u0131 ak\u0131m ve k\u0131sa devrelere kar\u015f\u0131 koruma sa\u011flar. Devre kesiciler, sistemin g\u00fcvenli\u011fini sa\u011flar.<\/li><\/ul><\/li><li><p><strong>Kontrol ve \u00d6l\u00e7\u00fcm Cihazlar\u0131<\/strong>:<\/p><ul><li><strong>Kontrol Panelleri<\/strong>: Kompanzasyon panosunun \u00e7al\u0131\u015fmas\u0131n\u0131 kontrol eden ve ayarlayan cihazlard\u0131r.<\/li><li><strong>Enerji \u00d6l\u00e7\u00fcm Cihazlar\u0131<\/strong>: G\u00fc\u00e7 fakt\u00f6r\u00fc, voltaj ve ak\u0131m gibi parametreleri \u00f6l\u00e7er ve izler.<\/li><\/ul><\/li><li><p><strong>Kompanzasyon Kontrol Cihazlar\u0131<\/strong>:<\/p><ul><li><strong>Otomatik Kompanzasyon<\/strong>: G\u00fc\u00e7 fakt\u00f6r\u00fcn\u00fc s\u00fcrekli olarak izler ve gerekli kondansat\u00f6r kapasitelerini otomatik olarak devreye al\u0131r veya \u00e7\u0131kar\u0131r.<\/li><li><strong>Manuel Kontrol<\/strong>: Kullan\u0131c\u0131lar\u0131n elle m\u00fcdahale etmesine olanak tan\u0131r, ancak genellikle otomatik kontrol daha yayg\u0131nd\u0131r.<\/li><\/ul><\/li><li><p><strong>Frekans \u0130nverterleri<\/strong>:<\/p><ul><li><strong>G\u00fc\u00e7 Fakt\u00f6r\u00fc D\u00fczeltme<\/strong>: Frekans inverterleri, baz\u0131 uygulamalarda g\u00fc\u00e7 fakt\u00f6r\u00fcn\u00fc d\u00fczeltmek i\u00e7in kullan\u0131labilir.<\/li><\/ul><\/li><\/ul>\t\t\t\t\t\t<\/div>\n\t\t\t\t<\/div>\n\t\t\t\t\t<\/div>\n\t\t<\/div>\n\t\t\t\t\t<\/div>\n\t\t<\/section>\n\t\t\t\t<section class=\"elementor-section elementor-top-section elementor-element elementor-element-6c30a402 elementor-section-height-min-height elementor-section-items-stretch elementor-section-boxed elementor-section-height-default\" data-id=\"6c30a402\" data-element_type=\"section\" data-settings=\"{&quot;background_background&quot;:&quot;gradient&quot;}\">\n\t\t\t\t\t\t<div class=\"elementor-container elementor-column-gap-no\">\n\t\t\t\t\t<div class=\"elementor-column elementor-col-100 elementor-top-column elementor-element elementor-element-4daf7b87\" data-id=\"4daf7b87\" data-element_type=\"column\" data-settings=\"{&quot;background_background&quot;:&quot;classic&quot;,&quot;background_motion_fx_scale_effect&quot;:&quot;yes&quot;,&quot;background_motion_fx_scale_speed&quot;:{&quot;unit&quot;:&quot;px&quot;,&quot;size&quot;:1,&quot;sizes&quot;:[]},&quot;background_motion_fx_devices&quot;:[&quot;desktop&quot;],&quot;background_motion_fx_motion_fx_scrolling&quot;:&quot;yes&quot;,&quot;background_motion_fx_scale_direction&quot;:&quot;out-in&quot;,&quot;background_motion_fx_scale_range&quot;:{&quot;unit&quot;:&quot;%&quot;,&quot;size&quot;:&quot;&quot;,&quot;sizes&quot;:{&quot;start&quot;:20,&quot;end&quot;:80}}}\">\n\t\t\t<div class=\"elementor-widget-wrap elementor-element-populated\">\n\t\t\t\t\t\t<div class=\"elementor-element elementor-element-1cb601c7 elementor-widget elementor-widget-spacer\" data-id=\"1cb601c7\" data-element_type=\"widget\" data-widget_type=\"spacer.default\">\n\t\t\t\t<div class=\"elementor-widget-container\">\n\t\t\t\t\t<div class=\"elementor-spacer\">\n\t\t\t<div class=\"elementor-spacer-inner\"><\/div>\n\t\t<\/div>\n\t\t\t\t<\/div>\n\t\t\t\t<\/div>\n\t\t\t\t\t<\/div>\n\t\t<\/div>\n\t\t\t\t\t<\/div>\n\t\t<\/section>\n\t\t\t\t<section class=\"elementor-section elementor-top-section elementor-element elementor-element-5459864c elementor-section-boxed elementor-section-height-default elementor-section-height-default\" data-id=\"5459864c\" data-element_type=\"section\">\n\t\t\t\t\t\t<div class=\"elementor-container elementor-column-gap-no\">\n\t\t\t\t\t<div class=\"elementor-column elementor-col-33 elementor-top-column elementor-element elementor-element-71ebb35c\" data-id=\"71ebb35c\" data-element_type=\"column\">\n\t\t\t<div class=\"elementor-widget-wrap elementor-element-populated\">\n\t\t\t\t\t\t<div class=\"elementor-element elementor-element-307d8f6b elementor-widget elementor-widget-heading\" data-id=\"307d8f6b\" data-element_type=\"widget\" data-widget_type=\"heading.default\">\n\t\t\t\t<div class=\"elementor-widget-container\">\n\t\t\t<h5 class=\"elementor-heading-title elementor-size-default\">Enerji Tasarrufu<\/h5>\t\t<\/div>\n\t\t\t\t<\/div>\n\t\t\t\t<div class=\"elementor-element elementor-element-7a602ce1 elementor-widget elementor-widget-text-editor\" data-id=\"7a602ce1\" data-element_type=\"widget\" data-widget_type=\"text-editor.default\">\n\t\t\t\t<div class=\"elementor-widget-container\">\n\t\t\t\t\t\t\t<ul><li><strong>Maliyet Azaltma<\/strong>: Elektrik faturas\u0131n\u0131 d\u00fc\u015f\u00fcr\u00fcr ve ceza \u00fccretlerini ortadan kald\u0131r\u0131r.<\/li><li><strong>Verimlilik Art\u0131\u015f\u0131<\/strong>: Enerji verimlili\u011fini art\u0131rarak i\u015fletme maliyetlerini azalt\u0131r.<\/li><\/ul>\t\t\t\t\t\t<\/div>\n\t\t\t\t<\/div>\n\t\t\t\t\t<\/div>\n\t\t<\/div>\n\t\t\t\t<div class=\"elementor-column elementor-col-33 elementor-top-column elementor-element elementor-element-5a1cdc79\" data-id=\"5a1cdc79\" data-element_type=\"column\">\n\t\t\t<div class=\"elementor-widget-wrap elementor-element-populated\">\n\t\t\t\t\t\t<div class=\"elementor-element elementor-element-489c172c elementor-widget elementor-widget-heading\" data-id=\"489c172c\" data-element_type=\"widget\" data-widget_type=\"heading.default\">\n\t\t\t\t<div class=\"elementor-widget-container\">\n\t\t\t<h5 class=\"elementor-heading-title elementor-size-default\">G\u00fc\u00e7 Kalitesinin \u0130yile\u015ftirilmesi<\/h5>\t\t<\/div>\n\t\t\t\t<\/div>\n\t\t\t\t<div class=\"elementor-element elementor-element-604056c8 elementor-widget elementor-widget-text-editor\" data-id=\"604056c8\" data-element_type=\"widget\" data-widget_type=\"text-editor.default\">\n\t\t\t\t<div class=\"elementor-widget-container\">\n\t\t\t\t\t\t\t<ul><li><strong>Gerilim Stabilitesi<\/strong>: Gerilim dalgalanmalar\u0131n\u0131 azalt\u0131r ve sistem performans\u0131n\u0131 art\u0131r\u0131r.<\/li><li><strong>Harmonik D\u00fczeltme<\/strong>: Enerji kalitesini iyile\u015ftirir.<\/li><\/ul>\t\t\t\t\t\t<\/div>\n\t\t\t\t<\/div>\n\t\t\t\t\t<\/div>\n\t\t<\/div>\n\t\t\t\t<div class=\"elementor-column elementor-col-33 elementor-top-column elementor-element elementor-element-391aa8d\" data-id=\"391aa8d\" data-element_type=\"column\">\n\t\t\t<div class=\"elementor-widget-wrap elementor-element-populated\">\n\t\t\t\t\t\t<div class=\"elementor-element elementor-element-4330ab20 elementor-widget elementor-widget-heading\" data-id=\"4330ab20\" data-element_type=\"widget\" data-widget_type=\"heading.default\">\n\t\t\t\t<div class=\"elementor-widget-container\">\n\t\t\t<h5 class=\"elementor-heading-title elementor-size-default\">Sistem G\u00fcvenilirli\u011fi<\/h5>\t\t<\/div>\n\t\t\t\t<\/div>\n\t\t\t\t<div class=\"elementor-element elementor-element-4f39f8b1 elementor-widget elementor-widget-text-editor\" data-id=\"4f39f8b1\" data-element_type=\"widget\" data-widget_type=\"text-editor.default\">\n\t\t\t\t<div class=\"elementor-widget-container\">\n\t\t\t\t\t\t\t<p><strong>Ar\u0131za Riski Azaltma<\/strong>: Sistemdeki ar\u0131za riskini azalt\u0131r ve g\u00fcvenilirli\u011fi art\u0131r\u0131r.<\/p><p><strong>Ekipman Koruma<\/strong>: Sistemdeki di\u011fer elektrikli ekipmanlar\u0131n \u00f6mr\u00fcn\u00fc uzat\u0131r.<\/p>\t\t\t\t\t\t<\/div>\n\t\t\t\t<\/div>\n\t\t\t\t\t<\/div>\n\t\t<\/div>\n\t\t\t\t\t<\/div>\n\t\t<\/section>\n\t\t\t\t<\/div>","protected":false},"excerpt":{"rendered":"<p>Kompanzasyon Pano, elektrik sistemlerinde g\u00fc\u00e7 fakt\u00f6r\u00fcn\u00fc d\u00fczeltmek ve enerji verimlili\u011fini art\u0131rmak amac\u0131yla kullan\u0131lan bir panodur. <\/p>","protected":false},"author":1,"featured_media":988007,"parent":138,"menu_order":0,"comment_status":"closed","ping_status":"closed","template":"","meta":{"footnotes":""},"class_list":["post-595","page","type-page","status-publish","has-post-thumbnail","hentry"],"_links":{"self":[{"href":"https:\/\/www.egesmuhendislik.com.tr\/fr\/wp-json\/wp\/v2\/pages\/595","targetHints":{"allow":["GET"]}}],"collection":[{"href":"https:\/\/www.egesmuhendislik.com.tr\/fr\/wp-json\/wp\/v2\/pages"}],"about":[{"href":"https:\/\/www.egesmuhendislik.com.tr\/fr\/wp-json\/wp\/v2\/types\/page"}],"author":[{"embeddable":true,"href":"https:\/\/www.egesmuhendislik.com.tr\/fr\/wp-json\/wp\/v2\/users\/1"}],"replies":[{"embeddable":true,"href":"https:\/\/www.egesmuhendislik.com.tr\/fr\/wp-json\/wp\/v2\/comments?post=595"}],"version-history":[{"count":9,"href":"https:\/\/www.egesmuhendislik.com.tr\/fr\/wp-json\/wp\/v2\/pages\/595\/revisions"}],"predecessor-version":[{"id":988686,"href":"https:\/\/www.egesmuhendislik.com.tr\/fr\/wp-json\/wp\/v2\/pages\/595\/revisions\/988686"}],"up":[{"embeddable":true,"href":"https:\/\/www.egesmuhendislik.com.tr\/fr\/wp-json\/wp\/v2\/pages\/138"}],"wp:featuredmedia":[{"embeddable":true,"href":"https:\/\/www.egesmuhendislik.com.tr\/fr\/wp-json\/wp\/v2\/media\/988007"}],"wp:attachment":[{"href":"https:\/\/www.egesmuhendislik.com.tr\/fr\/wp-json\/wp\/v2\/media?parent=595"}],"curies":[{"name":"wp","href":"https:\/\/api.w.org\/{rel}","templated":true}]}}