{"id":593,"date":"2023-08-02T11:50:19","date_gmt":"2023-08-02T11:50:19","guid":{"rendered":"https:\/\/fabrik.vamtam.com\/?page_id=593"},"modified":"2024-10-14T16:35:53","modified_gmt":"2024-10-14T13:35:53","slug":"otomasyon-ve-scada-sistemleri","status":"publish","type":"page","link":"https:\/\/www.egesmuhendislik.com.tr\/fr\/cozumlerimiz\/otomasyon-ve-scada-sistemleri\/","title":{"rendered":"Automatisation et syst\u00e8mes Scada"},"content":{"rendered":"<div data-elementor-type=\"wp-page\" data-elementor-id=\"593\" class=\"elementor elementor-593\" data-elementor-post-type=\"page\">\n\t\t\t\t\t\t<section class=\"elementor-section elementor-top-section elementor-element elementor-element-36fd4031 elementor-section-boxed elementor-section-height-default elementor-section-height-default\" data-id=\"36fd4031\" data-element_type=\"section\">\n\t\t\t\t\t\t<div class=\"elementor-container elementor-column-gap-no\">\n\t\t\t\t\t<div class=\"elementor-column elementor-col-33 elementor-top-column elementor-element elementor-element-16d2ebff\" data-id=\"16d2ebff\" data-element_type=\"column\">\n\t\t\t<div class=\"elementor-widget-wrap elementor-element-populated\">\n\t\t\t\t\t\t<div class=\"elementor-element elementor-element-37eee7e elementor-invisible elementor-widget elementor-widget-heading\" data-id=\"37eee7e\" data-element_type=\"widget\" data-settings=\"{&quot;_animation&quot;:&quot;fadeIn&quot;,&quot;_animation_tablet&quot;:&quot;none&quot;,&quot;_animation_delay&quot;:200}\" data-widget_type=\"heading.default\">\n\t\t\t\t<div class=\"elementor-widget-container\">\n\t\t\t<style>\/*! elementor - v3.23.0 - 05-08-2024 *\/\n.elementor-heading-title{padding:0;margin:0;line-height:1}.elementor-widget-heading .elementor-heading-title[class*=elementor-size-]>a{color:inherit;font-size:inherit;line-height:inherit}.elementor-widget-heading .elementor-heading-title.elementor-size-small{font-size:15px}.elementor-widget-heading .elementor-heading-title.elementor-size-medium{font-size:19px}.elementor-widget-heading .elementor-heading-title.elementor-size-large{font-size:29px}.elementor-widget-heading .elementor-heading-title.elementor-size-xl{font-size:39px}.elementor-widget-heading .elementor-heading-title.elementor-size-xxl{font-size:59px}<\/style><h2 class=\"elementor-heading-title elementor-size-default\">Otomasyon Sistemleri<\/h2>\t\t<\/div>\n\t\t\t\t<\/div>\n\t\t\t\t\t<\/div>\n\t\t<\/div>\n\t\t\t\t<div class=\"elementor-column elementor-col-33 elementor-top-column elementor-element elementor-element-6ab8d9ba elementor-hidden-mobile\" data-id=\"6ab8d9ba\" data-element_type=\"column\">\n\t\t\t<div class=\"elementor-widget-wrap elementor-element-populated\">\n\t\t\t\t\t\t<div class=\"elementor-element elementor-element-5298154d elementor-widget elementor-widget-spacer\" data-id=\"5298154d\" data-element_type=\"widget\" data-widget_type=\"spacer.default\">\n\t\t\t\t<div class=\"elementor-widget-container\">\n\t\t\t<style>\/*! elementor - v3.23.0 - 05-08-2024 *\/\n.elementor-column .elementor-spacer-inner{height:var(--spacer-size)}.e-con{--container-widget-width:100%}.e-con-inner>.elementor-widget-spacer,.e-con>.elementor-widget-spacer{width:var(--container-widget-width,var(--spacer-size));--align-self:var(--container-widget-align-self,initial);--flex-shrink:0}.e-con-inner>.elementor-widget-spacer>.elementor-widget-container,.e-con>.elementor-widget-spacer>.elementor-widget-container{height:100%;width:100%}.e-con-inner>.elementor-widget-spacer>.elementor-widget-container>.elementor-spacer,.e-con>.elementor-widget-spacer>.elementor-widget-container>.elementor-spacer{height:100%}.e-con-inner>.elementor-widget-spacer>.elementor-widget-container>.elementor-spacer>.elementor-spacer-inner,.e-con>.elementor-widget-spacer>.elementor-widget-container>.elementor-spacer>.elementor-spacer-inner{height:var(--container-widget-height,var(--spacer-size))}.e-con-inner>.elementor-widget-spacer.elementor-widget-empty,.e-con>.elementor-widget-spacer.elementor-widget-empty{position:relative;min-height:22px;min-width:22px}.e-con-inner>.elementor-widget-spacer.elementor-widget-empty .elementor-widget-empty-icon,.e-con>.elementor-widget-spacer.elementor-widget-empty .elementor-widget-empty-icon{position:absolute;top:0;bottom:0;left:0;right:0;margin:auto;padding:0;width:22px;height:22px}<\/style>\t\t<div class=\"elementor-spacer\">\n\t\t\t<div class=\"elementor-spacer-inner\"><\/div>\n\t\t<\/div>\n\t\t\t\t<\/div>\n\t\t\t\t<\/div>\n\t\t\t\t\t<\/div>\n\t\t<\/div>\n\t\t\t\t<div class=\"elementor-column elementor-col-33 elementor-top-column elementor-element elementor-element-4d5473ea elementor-hidden-mobile\" data-id=\"4d5473ea\" data-element_type=\"column\">\n\t\t\t<div class=\"elementor-widget-wrap elementor-element-populated\">\n\t\t\t\t\t\t<div class=\"elementor-element elementor-element-569b17aa elementor-widget elementor-widget-spacer\" data-id=\"569b17aa\" data-element_type=\"widget\" data-widget_type=\"spacer.default\">\n\t\t\t\t<div class=\"elementor-widget-container\">\n\t\t\t\t\t<div class=\"elementor-spacer\">\n\t\t\t<div class=\"elementor-spacer-inner\"><\/div>\n\t\t<\/div>\n\t\t\t\t<\/div>\n\t\t\t\t<\/div>\n\t\t\t\t\t<\/div>\n\t\t<\/div>\n\t\t\t\t\t<\/div>\n\t\t<\/section>\n\t\t\t\t<section class=\"elementor-section elementor-top-section elementor-element elementor-element-34945524 elementor-section-boxed elementor-section-height-default elementor-section-height-default\" data-id=\"34945524\" data-element_type=\"section\">\n\t\t\t\t\t\t<div class=\"elementor-container elementor-column-gap-no\">\n\t\t\t\t\t<div class=\"elementor-column elementor-col-33 elementor-top-column elementor-element elementor-element-236a157b\" data-id=\"236a157b\" data-element_type=\"column\" data-settings=\"{&quot;background_background&quot;:&quot;classic&quot;}\">\n\t\t\t<div class=\"elementor-widget-wrap elementor-element-populated\">\n\t\t\t\t\t\t<div class=\"elementor-element elementor-element-5ff1d823 elementor-widget elementor-widget-text-editor\" data-id=\"5ff1d823\" data-element_type=\"widget\" data-widget_type=\"text-editor.default\">\n\t\t\t\t<div class=\"elementor-widget-container\">\n\t\t\t<style>\/*! elementor - v3.23.0 - 05-08-2024 *\/\n.elementor-widget-text-editor.elementor-drop-cap-view-stacked .elementor-drop-cap{background-color:#69727d;color:#fff}.elementor-widget-text-editor.elementor-drop-cap-view-framed .elementor-drop-cap{color:#69727d;border:3px solid;background-color:transparent}.elementor-widget-text-editor:not(.elementor-drop-cap-view-default) .elementor-drop-cap{margin-top:8px}.elementor-widget-text-editor:not(.elementor-drop-cap-view-default) .elementor-drop-cap-letter{width:1em;height:1em}.elementor-widget-text-editor .elementor-drop-cap{float:left;text-align:center;line-height:1;font-size:50px}.elementor-widget-text-editor .elementor-drop-cap-letter{display:inline-block}<\/style>\t\t\t\t<p>\u00a0<\/p><p>Otomasyon sistemleri, makinelerin, s\u00fcre\u00e7lerin ve sistemlerin otomatik olarak kontrol edilmesini sa\u011flar. Bu sistemler, insan m\u00fcdahalesini en aza indirerek verimlili\u011fi art\u0131r\u0131r ve hatalar\u0131 azalt\u0131r. Otomasyon sistemleri genellikle \u015funlar\u0131 i\u00e7erir:<\/p><ul><li><strong>PLC (Programmable Logic Controller):<\/strong> End\u00fcstriyel makineleri kontrol etmek i\u00e7in kullan\u0131lan programlanabilir kontrol\u00f6rlerdir.<\/li><li><strong>Sens\u00f6rler:<\/strong> Fiziksel de\u011fi\u015fkenleri (s\u0131cakl\u0131k, bas\u0131n\u00e7, ak\u0131\u015f vb.) izleyip veri toplamak i\u00e7in kullan\u0131l\u0131r.<\/li><li><strong>Akt\u00fcat\u00f6rler:<\/strong> Kontrol sinyalleri alarak fiziksel hareketleri ger\u00e7ekle\u015ftiren bile\u015fenlerdir.<\/li><\/ul><h3>\u00a0<\/h3>\t\t\t\t\t\t<\/div>\n\t\t\t\t<\/div>\n\t\t\t\t\t<\/div>\n\t\t<\/div>\n\t\t\t\t<div class=\"elementor-column elementor-col-33 elementor-top-column elementor-element elementor-element-6ff6f7e\" data-id=\"6ff6f7e\" data-element_type=\"column\">\n\t\t\t<div class=\"elementor-widget-wrap elementor-element-populated\">\n\t\t\t\t\t\t<div class=\"elementor-element elementor-element-77f58c81 elementor-widget elementor-widget-image\" data-id=\"77f58c81\" data-element_type=\"widget\" data-settings=\"{&quot;motion_fx_motion_fx_scrolling&quot;:&quot;yes&quot;,&quot;motion_fx_translateY_effect&quot;:&quot;yes&quot;,&quot;motion_fx_translateY_speed&quot;:{&quot;unit&quot;:&quot;px&quot;,&quot;size&quot;:1,&quot;sizes&quot;:[]},&quot;motion_fx_devices&quot;:[&quot;desktop&quot;],&quot;motion_fx_translateY_direction&quot;:&quot;negative&quot;,&quot;motion_fx_translateY_affectedRange&quot;:{&quot;unit&quot;:&quot;%&quot;,&quot;size&quot;:&quot;&quot;,&quot;sizes&quot;:{&quot;start&quot;:0,&quot;end&quot;:100}}}\" data-widget_type=\"image.default\">\n\t\t\t\t<div class=\"elementor-widget-container\">\n\t\t\t<style>\/*! elementor - v3.23.0 - 05-08-2024 *\/\n.elementor-widget-image{text-align:center}.elementor-widget-image a{display:inline-block}.elementor-widget-image a img[src$=\".svg\"]{width:48px}.elementor-widget-image img{vertical-align:middle;display:inline-block}<\/style>\t\t\t\t\t\t\t\t\t\t<img fetchpriority=\"high\" decoding=\"async\" width=\"1024\" height=\"610\" src=\"https:\/\/www.egesmuhendislik.com.tr\/wp-content\/uploads\/2024\/10\/scada-2-1024x610.jpg\" class=\"attachment-large size-large wp-image-988492\" alt=\"\" srcset=\"https:\/\/www.egesmuhendislik.com.tr\/wp-content\/uploads\/2024\/10\/scada-2-1024x610.jpg 1024w, https:\/\/www.egesmuhendislik.com.tr\/wp-content\/uploads\/2024\/10\/scada-2-300x179.jpg 300w, https:\/\/www.egesmuhendislik.com.tr\/wp-content\/uploads\/2024\/10\/scada-2-768x457.jpg 768w, https:\/\/www.egesmuhendislik.com.tr\/wp-content\/uploads\/2024\/10\/scada-2-1536x915.jpg 1536w, https:\/\/www.egesmuhendislik.com.tr\/wp-content\/uploads\/2024\/10\/scada-2-2048x1220.jpg 2048w\" sizes=\"(max-width: 1024px) 100vw, 1024px\" \/>\t\t\t\t\t\t\t\t\t\t\t\t\t<\/div>\n\t\t\t\t<\/div>\n\t\t\t\t\t<\/div>\n\t\t<\/div>\n\t\t\t\t<div class=\"elementor-column elementor-col-33 elementor-top-column elementor-element elementor-element-4f2bdc02\" data-id=\"4f2bdc02\" data-element_type=\"column\">\n\t\t\t<div class=\"elementor-widget-wrap elementor-element-populated\">\n\t\t\t\t\t\t<div class=\"elementor-element elementor-element-44c6c09 elementor-widget elementor-widget-image\" data-id=\"44c6c09\" data-element_type=\"widget\" data-settings=\"{&quot;motion_fx_motion_fx_scrolling&quot;:&quot;yes&quot;,&quot;motion_fx_translateY_effect&quot;:&quot;yes&quot;,&quot;motion_fx_translateY_speed&quot;:{&quot;unit&quot;:&quot;px&quot;,&quot;size&quot;:1,&quot;sizes&quot;:[]},&quot;motion_fx_devices&quot;:[&quot;desktop&quot;],&quot;motion_fx_translateY_affectedRange&quot;:{&quot;unit&quot;:&quot;%&quot;,&quot;size&quot;:&quot;&quot;,&quot;sizes&quot;:{&quot;start&quot;:0,&quot;end&quot;:100}}}\" data-widget_type=\"image.default\">\n\t\t\t\t<div class=\"elementor-widget-container\">\n\t\t\t\t\t\t\t\t\t\t\t\t\t<img decoding=\"async\" width=\"1024\" height=\"683\" src=\"https:\/\/www.egesmuhendislik.com.tr\/wp-content\/uploads\/2024\/10\/scada-3-1024x683.jpg\" class=\"attachment-large size-large wp-image-988491\" alt=\"\" srcset=\"https:\/\/www.egesmuhendislik.com.tr\/wp-content\/uploads\/2024\/10\/scada-3-1024x683.jpg 1024w, https:\/\/www.egesmuhendislik.com.tr\/wp-content\/uploads\/2024\/10\/scada-3-300x200.jpg 300w, https:\/\/www.egesmuhendislik.com.tr\/wp-content\/uploads\/2024\/10\/scada-3-768x512.jpg 768w, https:\/\/www.egesmuhendislik.com.tr\/wp-content\/uploads\/2024\/10\/scada-3-1536x1024.jpg 1536w, https:\/\/www.egesmuhendislik.com.tr\/wp-content\/uploads\/2024\/10\/scada-3-2048x1365.jpg 2048w\" sizes=\"(max-width: 1024px) 100vw, 1024px\" \/>\t\t\t\t\t\t\t\t\t\t\t\t\t<\/div>\n\t\t\t\t<\/div>\n\t\t\t\t\t<\/div>\n\t\t<\/div>\n\t\t\t\t\t<\/div>\n\t\t<\/section>\n\t\t\t\t<section class=\"elementor-section elementor-top-section elementor-element elementor-element-d0284f1 elementor-section-content-top elementor-section-boxed elementor-section-height-default elementor-section-height-default\" data-id=\"d0284f1\" data-element_type=\"section\" data-settings=\"{&quot;background_background&quot;:&quot;classic&quot;}\">\n\t\t\t\t\t\t<div class=\"elementor-container elementor-column-gap-no\">\n\t\t\t\t\t<div class=\"elementor-column elementor-col-33 elementor-top-column elementor-element elementor-element-1e370db\" data-id=\"1e370db\" data-element_type=\"column\">\n\t\t\t<div class=\"elementor-widget-wrap elementor-element-populated\">\n\t\t\t\t\t\t<div class=\"elementor-element elementor-element-116fdcf4 elementor-invisible elementor-widget elementor-widget-heading\" data-id=\"116fdcf4\" data-element_type=\"widget\" data-settings=\"{&quot;_animation&quot;:&quot;fadeIn&quot;,&quot;_animation_delay&quot;:200}\" data-widget_type=\"heading.default\">\n\t\t\t\t<div class=\"elementor-widget-container\">\n\t\t\t<h2 class=\"elementor-heading-title elementor-size-default\">SCADA Sistemleri<\/h2>\t\t<\/div>\n\t\t\t\t<\/div>\n\t\t\t\t\t<\/div>\n\t\t<\/div>\n\t\t\t\t<div class=\"elementor-column elementor-col-66 elementor-top-column elementor-element elementor-element-2582c334\" data-id=\"2582c334\" data-element_type=\"column\">\n\t\t\t<div class=\"elementor-widget-wrap elementor-element-populated\">\n\t\t\t\t\t\t<div class=\"elementor-element elementor-element-1bd7d5bb elementor-widget elementor-widget-text-editor\" data-id=\"1bd7d5bb\" data-element_type=\"widget\" data-widget_type=\"text-editor.default\">\n\t\t\t\t<div class=\"elementor-widget-container\">\n\t\t\t\t\t\t\t<p>SCADA sistemleri, geni\u015f alanlardaki end\u00fcstriyel tesislerin izlenmesi ve kontrol edilmesi i\u00e7in kullan\u0131lan yaz\u0131l\u0131m ve donan\u0131m sistemleridir. SCADA sistemlerinin ana bile\u015fenleri \u015funlard\u0131r:<\/p><ul><li><strong>Veri Toplama:<\/strong> Sens\u00f6rlerden ve cihazlardan veri toplar.<\/li><li><strong>Veri \u0130zleme:<\/strong> Toplanan verileri g\u00f6rselle\u015ftirerek kullan\u0131c\u0131lar\u0131n s\u00fcre\u00e7leri takip etmesini sa\u011flar.<\/li><li><strong>Kontrol \u0130\u015flemleri:<\/strong> Uzaktan kontrol mekanizmalar\u0131 arac\u0131l\u0131\u011f\u0131yla sistemin y\u00f6netimini sa\u011flar.<\/li><li><strong>Alarm ve Bildirim:<\/strong> Belirli durumlar i\u00e7in alarm sistemleri kurarak kullan\u0131c\u0131lar\u0131 bilgilendirir.<\/li><\/ul><h3><span style=\"color: #ffffff;\">Kullan\u0131m Alanlar\u0131<\/span><\/h3><ul><li style=\"list-style-type: none;\"><ul><li><strong>Enerji ve Elektrik Da\u011f\u0131t\u0131m\u0131:<\/strong> Elektrik santralleri, iletim hatlar\u0131 ve da\u011f\u0131t\u0131m a\u011flar\u0131.<\/li><li><strong>Su ve At\u0131k Su Y\u00f6netimi:<\/strong> Su ar\u0131tma tesisleri ve kanalizasyon sistemleri.<\/li><li><strong>\u0130malat:<\/strong> \u00dcretim hatlar\u0131 ve montaj sistemleri.<\/li><li><strong>Petrol ve Gaz:<\/strong> Sondaj ve da\u011f\u0131t\u0131m sistemleri.<\/li><\/ul><\/li><\/ul>\t\t\t\t\t\t<\/div>\n\t\t\t\t<\/div>\n\t\t\t\t\t<\/div>\n\t\t<\/div>\n\t\t\t\t\t<\/div>\n\t\t<\/section>\n\t\t\t\t<section class=\"elementor-section elementor-top-section elementor-element elementor-element-49601f3e elementor-section-height-min-height elementor-section-items-stretch elementor-section-boxed elementor-section-height-default\" data-id=\"49601f3e\" data-element_type=\"section\" data-settings=\"{&quot;background_background&quot;:&quot;gradient&quot;}\">\n\t\t\t\t\t\t<div class=\"elementor-container elementor-column-gap-no\">\n\t\t\t\t\t<div class=\"elementor-column elementor-col-100 elementor-top-column elementor-element elementor-element-447c003\" data-id=\"447c003\" data-element_type=\"column\" data-settings=\"{&quot;background_background&quot;:&quot;classic&quot;,&quot;background_motion_fx_scale_effect&quot;:&quot;yes&quot;,&quot;background_motion_fx_scale_speed&quot;:{&quot;unit&quot;:&quot;px&quot;,&quot;size&quot;:1,&quot;sizes&quot;:[]},&quot;background_motion_fx_devices&quot;:[&quot;desktop&quot;],&quot;background_motion_fx_motion_fx_scrolling&quot;:&quot;yes&quot;,&quot;background_motion_fx_scale_direction&quot;:&quot;out-in&quot;,&quot;background_motion_fx_scale_range&quot;:{&quot;unit&quot;:&quot;%&quot;,&quot;size&quot;:&quot;&quot;,&quot;sizes&quot;:{&quot;start&quot;:20,&quot;end&quot;:80}}}\">\n\t\t\t<div class=\"elementor-widget-wrap elementor-element-populated\">\n\t\t\t\t\t\t<div class=\"elementor-element elementor-element-6d6dfdff elementor-widget elementor-widget-spacer\" data-id=\"6d6dfdff\" data-element_type=\"widget\" data-widget_type=\"spacer.default\">\n\t\t\t\t<div class=\"elementor-widget-container\">\n\t\t\t\t\t<div class=\"elementor-spacer\">\n\t\t\t<div class=\"elementor-spacer-inner\"><\/div>\n\t\t<\/div>\n\t\t\t\t<\/div>\n\t\t\t\t<\/div>\n\t\t\t\t\t<\/div>\n\t\t<\/div>\n\t\t\t\t\t<\/div>\n\t\t<\/section>\n\t\t\t\t<section class=\"elementor-section elementor-top-section elementor-element elementor-element-10552a21 elementor-section-boxed elementor-section-height-default elementor-section-height-default\" data-id=\"10552a21\" data-element_type=\"section\">\n\t\t\t\t\t\t<div class=\"elementor-container elementor-column-gap-no\">\n\t\t\t\t\t<div class=\"elementor-column elementor-col-33 elementor-top-column elementor-element elementor-element-7319d707\" data-id=\"7319d707\" data-element_type=\"column\">\n\t\t\t<div class=\"elementor-widget-wrap elementor-element-populated\">\n\t\t\t\t\t\t<div class=\"elementor-element elementor-element-17653968 elementor-widget elementor-widget-heading\" data-id=\"17653968\" data-element_type=\"widget\" data-widget_type=\"heading.default\">\n\t\t\t\t<div class=\"elementor-widget-container\">\n\t\t\t<h5 class=\"elementor-heading-title elementor-size-default\">Verimlilik Art\u0131\u015f\u0131: <\/h5>\t\t<\/div>\n\t\t\t\t<\/div>\n\t\t\t\t<div class=\"elementor-element elementor-element-50bedf57 elementor-widget elementor-widget-text-editor\" data-id=\"50bedf57\" data-element_type=\"widget\" data-widget_type=\"text-editor.default\">\n\t\t\t\t<div class=\"elementor-widget-container\">\n\t\t\t\t\t\t\t<p>S\u00fcre\u00e7lerin otomatikle\u015ftirilmesi ile insan hatalar\u0131n\u0131n azalt\u0131lmas\u0131.<\/p>\t\t\t\t\t\t<\/div>\n\t\t\t\t<\/div>\n\t\t\t\t\t<\/div>\n\t\t<\/div>\n\t\t\t\t<div class=\"elementor-column elementor-col-33 elementor-top-column elementor-element elementor-element-294f7607\" data-id=\"294f7607\" data-element_type=\"column\">\n\t\t\t<div class=\"elementor-widget-wrap elementor-element-populated\">\n\t\t\t\t\t\t<div class=\"elementor-element elementor-element-36341006 elementor-view-default elementor-widget elementor-widget-icon\" data-id=\"36341006\" data-element_type=\"widget\" data-settings=\"{&quot;motion_fx_motion_fx_scrolling&quot;:&quot;yes&quot;,&quot;motion_fx_translateY_effect&quot;:&quot;yes&quot;,&quot;motion_fx_translateY_speed&quot;:{&quot;unit&quot;:&quot;px&quot;,&quot;size&quot;:1,&quot;sizes&quot;:[]},&quot;motion_fx_devices&quot;:[&quot;desktop&quot;],&quot;motion_fx_translateY_affectedRange&quot;:{&quot;unit&quot;:&quot;%&quot;,&quot;size&quot;:&quot;&quot;,&quot;sizes&quot;:{&quot;start&quot;:0,&quot;end&quot;:100}}}\" data-widget_type=\"icon.default\">\n\t\t\t\t<div class=\"elementor-widget-container\">\n\t\t\t\t\t<div class=\"elementor-icon-wrapper\">\n\t\t\t<div class=\"elementor-icon\">\n\t\t\t<svg aria-hidden=\"true\" class=\"e-font-icon-svg e-fas-plus\" viewbox=\"0 0 448 512\" xmlns=\"http:\/\/www.w3.org\/2000\/svg\"><path d=\"M416 208H272V64c0-17.67-14.33-32-32-32h-32c-17.67 0-32 14.33-32 32v144H32c-17.67 0-32 14.33-32 32v32c0 17.67 14.33 32 32 32h144v144c0 17.67 14.33 32 32 32h32c17.67 0 32-14.33 32-32V304h144c17.67 0 32-14.33 32-32v-32c0-17.67-14.33-32-32-32z\"><\/path><\/svg>\t\t\t<\/div>\n\t\t<\/div>\n\t\t\t\t<\/div>\n\t\t\t\t<\/div>\n\t\t\t\t<div class=\"elementor-element elementor-element-f4f1369 elementor-widget elementor-widget-heading\" data-id=\"f4f1369\" data-element_type=\"widget\" data-widget_type=\"heading.default\">\n\t\t\t\t<div class=\"elementor-widget-container\">\n\t\t\t<h5 class=\"elementor-heading-title elementor-size-default\">Ger\u00e7ek Zamanl\u0131 \u0130zleme: <\/h5>\t\t<\/div>\n\t\t\t\t<\/div>\n\t\t\t\t<div class=\"elementor-element elementor-element-c7883d0 elementor-widget elementor-widget-text-editor\" data-id=\"c7883d0\" data-element_type=\"widget\" data-widget_type=\"text-editor.default\">\n\t\t\t\t<div class=\"elementor-widget-container\">\n\t\t\t\t\t\t\t<p>Sistemlerin anl\u0131k olarak izlenmesi ve h\u0131zl\u0131 m\u00fcdahale imkan\u0131.<\/p>\t\t\t\t\t\t<\/div>\n\t\t\t\t<\/div>\n\t\t\t\t\t<\/div>\n\t\t<\/div>\n\t\t\t\t<div class=\"elementor-column elementor-col-33 elementor-top-column elementor-element elementor-element-7fd06a66\" data-id=\"7fd06a66\" data-element_type=\"column\">\n\t\t\t<div class=\"elementor-widget-wrap elementor-element-populated\">\n\t\t\t\t\t\t<div class=\"elementor-element elementor-element-d452bb4 elementor-widget elementor-widget-heading\" data-id=\"d452bb4\" data-element_type=\"widget\" data-widget_type=\"heading.default\">\n\t\t\t\t<div class=\"elementor-widget-container\">\n\t\t\t<h5 class=\"elementor-heading-title elementor-size-default\">Maliyet Tasarrufu: <\/h5>\t\t<\/div>\n\t\t\t\t<\/div>\n\t\t\t\t<div class=\"elementor-element elementor-element-ed1d263 elementor-widget elementor-widget-text-editor\" data-id=\"ed1d263\" data-element_type=\"widget\" data-widget_type=\"text-editor.default\">\n\t\t\t\t<div class=\"elementor-widget-container\">\n\t\t\t\t\t\t\t<p>Uzun vadede enerji ve i\u015f g\u00fcc\u00fc maliyetlerinin d\u00fc\u015f\u00fcr\u00fclmesi.<\/p>\t\t\t\t\t\t<\/div>\n\t\t\t\t<\/div>\n\t\t\t\t\t<\/div>\n\t\t<\/div>\n\t\t\t\t\t<\/div>\n\t\t<\/section>\n\t\t\t\t<\/div>","protected":false},"excerpt":{"rendered":"<p>Otomasyon ve SCADA (Supervisory Control and Data Acquisition) sistemleri, end\u00fcstriyel s\u00fcre\u00e7lerin izlenmesi, kontrol\u00fc ve otomasyonu i\u00e7in kritik \u00f6neme sahiptir. \u0130\u015fte bu sistemler hakk\u0131nda baz\u0131 temel bilgiler:<\/p>","protected":false},"author":1,"featured_media":988490,"parent":138,"menu_order":0,"comment_status":"closed","ping_status":"closed","template":"","meta":{"footnotes":""},"class_list":["post-593","page","type-page","status-publish","has-post-thumbnail","hentry"],"_links":{"self":[{"href":"https:\/\/www.egesmuhendislik.com.tr\/fr\/wp-json\/wp\/v2\/pages\/593","targetHints":{"allow":["GET"]}}],"collection":[{"href":"https:\/\/www.egesmuhendislik.com.tr\/fr\/wp-json\/wp\/v2\/pages"}],"about":[{"href":"https:\/\/www.egesmuhendislik.com.tr\/fr\/wp-json\/wp\/v2\/types\/page"}],"author":[{"embeddable":true,"href":"https:\/\/www.egesmuhendislik.com.tr\/fr\/wp-json\/wp\/v2\/users\/1"}],"replies":[{"embeddable":true,"href":"https:\/\/www.egesmuhendislik.com.tr\/fr\/wp-json\/wp\/v2\/comments?post=593"}],"version-history":[{"count":13,"href":"https:\/\/www.egesmuhendislik.com.tr\/fr\/wp-json\/wp\/v2\/pages\/593\/revisions"}],"predecessor-version":[{"id":988498,"href":"https:\/\/www.egesmuhendislik.com.tr\/fr\/wp-json\/wp\/v2\/pages\/593\/revisions\/988498"}],"up":[{"embeddable":true,"href":"https:\/\/www.egesmuhendislik.com.tr\/fr\/wp-json\/wp\/v2\/pages\/138"}],"wp:featuredmedia":[{"embeddable":true,"href":"https:\/\/www.egesmuhendislik.com.tr\/fr\/wp-json\/wp\/v2\/media\/988490"}],"wp:attachment":[{"href":"https:\/\/www.egesmuhendislik.com.tr\/fr\/wp-json\/wp\/v2\/media?parent=593"}],"curies":[{"name":"wp","href":"https:\/\/api.w.org\/{rel}","templated":true}]}}