{"id":987738,"date":"2024-09-05T14:35:46","date_gmt":"2024-09-05T11:35:46","guid":{"rendered":"https:\/\/www.egesmuhendislik.com.tr\/?page_id=987738"},"modified":"2025-06-02T00:22:40","modified_gmt":"2025-06-01T21:22:40","slug":"muhendislik-ve-danismanlik","status":"publish","type":"page","link":"https:\/\/www.egesmuhendislik.com.tr\/en\/our-solutions-2\/engineering-and-consulting-2\/","title":{"rendered":"Engineering and Consulting"},"content":{"rendered":"<div data-elementor-type=\"wp-page\" data-elementor-id=\"987738\" class=\"elementor elementor-987738\" data-elementor-post-type=\"page\">\n\t\t\t\t\t\t<section class=\"elementor-section elementor-top-section elementor-element elementor-element-2285f73e elementor-section-boxed elementor-section-height-default elementor-section-height-default\" data-id=\"2285f73e\" data-element_type=\"section\">\n\t\t\t\t\t\t<div class=\"elementor-container elementor-column-gap-no\">\n\t\t\t\t\t<div class=\"elementor-column elementor-col-33 elementor-top-column elementor-element elementor-element-41248a5b\" data-id=\"41248a5b\" data-element_type=\"column\">\n\t\t\t<div class=\"elementor-widget-wrap elementor-element-populated\">\n\t\t\t\t\t\t<div class=\"elementor-element elementor-element-56a7873e elementor-invisible elementor-widget elementor-widget-heading\" data-id=\"56a7873e\" data-element_type=\"widget\" data-settings=\"{&quot;_animation&quot;:&quot;fadeIn&quot;,&quot;_animation_tablet&quot;:&quot;none&quot;,&quot;_animation_delay&quot;:200}\" data-widget_type=\"heading.default\">\n\t\t\t\t<div class=\"elementor-widget-container\">\n\t\t\t<style>\/*! elementor - v3.23.0 - 05-08-2024 *\/\n.elementor-heading-title{padding:0;margin:0;line-height:1}.elementor-widget-heading .elementor-heading-title[class*=elementor-size-]>a{color:inherit;font-size:inherit;line-height:inherit}.elementor-widget-heading .elementor-heading-title.elementor-size-small{font-size:15px}.elementor-widget-heading .elementor-heading-title.elementor-size-medium{font-size:19px}.elementor-widget-heading .elementor-heading-title.elementor-size-large{font-size:29px}.elementor-widget-heading .elementor-heading-title.elementor-size-xl{font-size:39px}.elementor-widget-heading .elementor-heading-title.elementor-size-xxl{font-size:59px}<\/style><h2 class=\"elementor-heading-title elementor-size-default\">Electrical Engineering<\/h2>\t\t<\/div>\n\t\t\t\t<\/div>\n\t\t\t\t\t<\/div>\n\t\t<\/div>\n\t\t\t\t<div class=\"elementor-column elementor-col-33 elementor-top-column elementor-element elementor-element-7afb924c elementor-hidden-mobile\" data-id=\"7afb924c\" data-element_type=\"column\">\n\t\t\t<div class=\"elementor-widget-wrap elementor-element-populated\">\n\t\t\t\t\t\t<div class=\"elementor-element elementor-element-39832f6b elementor-widget elementor-widget-spacer\" data-id=\"39832f6b\" data-element_type=\"widget\" data-widget_type=\"spacer.default\">\n\t\t\t\t<div class=\"elementor-widget-container\">\n\t\t\t<style>\/*! elementor - v3.23.0 - 05-08-2024 *\/\n.elementor-column .elementor-spacer-inner{height:var(--spacer-size)}.e-con{--container-widget-width:100%}.e-con-inner>.elementor-widget-spacer,.e-con>.elementor-widget-spacer{width:var(--container-widget-width,var(--spacer-size));--align-self:var(--container-widget-align-self,initial);--flex-shrink:0}.e-con-inner>.elementor-widget-spacer>.elementor-widget-container,.e-con>.elementor-widget-spacer>.elementor-widget-container{height:100%;width:100%}.e-con-inner>.elementor-widget-spacer>.elementor-widget-container>.elementor-spacer,.e-con>.elementor-widget-spacer>.elementor-widget-container>.elementor-spacer{height:100%}.e-con-inner>.elementor-widget-spacer>.elementor-widget-container>.elementor-spacer>.elementor-spacer-inner,.e-con>.elementor-widget-spacer>.elementor-widget-container>.elementor-spacer>.elementor-spacer-inner{height:var(--container-widget-height,var(--spacer-size))}.e-con-inner>.elementor-widget-spacer.elementor-widget-empty,.e-con>.elementor-widget-spacer.elementor-widget-empty{position:relative;min-height:22px;min-width:22px}.e-con-inner>.elementor-widget-spacer.elementor-widget-empty .elementor-widget-empty-icon,.e-con>.elementor-widget-spacer.elementor-widget-empty .elementor-widget-empty-icon{position:absolute;top:0;bottom:0;left:0;right:0;margin:auto;padding:0;width:22px;height:22px}<\/style>\t\t<div class=\"elementor-spacer\">\n\t\t\t<div class=\"elementor-spacer-inner\"><\/div>\n\t\t<\/div>\n\t\t\t\t<\/div>\n\t\t\t\t<\/div>\n\t\t\t\t\t<\/div>\n\t\t<\/div>\n\t\t\t\t<div class=\"elementor-column elementor-col-33 elementor-top-column elementor-element elementor-element-7c9d35c7 elementor-hidden-mobile\" data-id=\"7c9d35c7\" data-element_type=\"column\">\n\t\t\t<div class=\"elementor-widget-wrap elementor-element-populated\">\n\t\t\t\t\t\t<div class=\"elementor-element elementor-element-23f9669c elementor-widget elementor-widget-spacer\" data-id=\"23f9669c\" data-element_type=\"widget\" data-widget_type=\"spacer.default\">\n\t\t\t\t<div class=\"elementor-widget-container\">\n\t\t\t\t\t<div class=\"elementor-spacer\">\n\t\t\t<div class=\"elementor-spacer-inner\"><\/div>\n\t\t<\/div>\n\t\t\t\t<\/div>\n\t\t\t\t<\/div>\n\t\t\t\t\t<\/div>\n\t\t<\/div>\n\t\t\t\t\t<\/div>\n\t\t<\/section>\n\t\t\t\t<section class=\"elementor-section elementor-top-section elementor-element elementor-element-680cc337 elementor-section-boxed elementor-section-height-default elementor-section-height-default\" data-id=\"680cc337\" data-element_type=\"section\">\n\t\t\t\t\t\t<div class=\"elementor-container elementor-column-gap-no\">\n\t\t\t\t\t<div class=\"elementor-column elementor-col-33 elementor-top-column elementor-element elementor-element-7fc24b90\" data-id=\"7fc24b90\" data-element_type=\"column\" data-settings=\"{&quot;background_background&quot;:&quot;classic&quot;}\">\n\t\t\t<div class=\"elementor-widget-wrap elementor-element-populated\">\n\t\t\t\t\t\t<div class=\"elementor-element elementor-element-2a1a6e59 elementor-widget elementor-widget-text-editor\" data-id=\"2a1a6e59\" data-element_type=\"widget\" data-widget_type=\"text-editor.default\">\n\t\t\t\t<div class=\"elementor-widget-container\">\n\t\t\t<style>\/*! elementor - v3.23.0 - 05-08-2024 *\/\n.elementor-widget-text-editor.elementor-drop-cap-view-stacked .elementor-drop-cap{background-color:#69727d;color:#fff}.elementor-widget-text-editor.elementor-drop-cap-view-framed .elementor-drop-cap{color:#69727d;border:3px solid;background-color:transparent}.elementor-widget-text-editor:not(.elementor-drop-cap-view-default) .elementor-drop-cap{margin-top:8px}.elementor-widget-text-editor:not(.elementor-drop-cap-view-default) .elementor-drop-cap-letter{width:1em;height:1em}.elementor-widget-text-editor .elementor-drop-cap{float:left;text-align:center;line-height:1;font-size:50px}.elementor-widget-text-editor .elementor-drop-cap-letter{display:inline-block}<\/style>\t\t\t\t<p>The main tasks of electrical engineers include the following:<\/p><ol><li><p><strong>Design and Planning<\/strong>:<\/p><ul><li><strong>Electrical System Design<\/strong>: Design power distribution systems, lighting systems, control systems and other electrical infrastructure.<\/li><li><strong>Schematics and Projects<\/strong>: Prepares electrical circuit diagrams, layout plans and technical projects.<\/li><\/ul><\/li><li><p><strong>Installation and Assembly<\/strong>:<\/p><ul><li><strong>System Setup<\/strong>: They install and assemble electrical systems, switchboards and other equipment.<\/li><li><strong>Testing and Commissioning<\/strong>: Tests and commissions systems after installation, checks performance and security.<\/li><\/ul><\/li><li><p><strong>Maintenance and Repair<\/strong>:<\/p><ul><li><strong>Troubleshooting<\/strong>: Diagnoses and repairs electrical faults.<\/li><li><strong>Regular Maintenance<\/strong>: Performs regular maintenance of electrical systems and ensures proper functioning of the systems.<\/li><\/ul><\/li><li><p><strong>Energy Management and Efficiency<\/strong>:<\/p><ul><li><strong>Energy Analysis<\/strong>: Analyzes energy consumption and makes recommendations to improve efficiency.<\/li><li><strong>Compensation and Power Factor Correction<\/strong>: Corrects the power factor to reduce energy costs.<\/li><\/ul><\/li><li><p><strong>Safety and Compliance<\/strong>:<\/p><ul><li><strong>Compliance with Regulations<\/strong>: Ensures that electrical systems comply with local and international safety standards.<\/li><li><strong>Risk Analysis<\/strong>: Assesses security risks and takes preventive measures.<\/li><\/ul><\/li><\/ol>\t\t\t\t\t\t<\/div>\n\t\t\t\t<\/div>\n\t\t\t\t\t<\/div>\n\t\t<\/div>\n\t\t\t\t<div class=\"elementor-column elementor-col-33 elementor-top-column elementor-element elementor-element-6efb1301\" data-id=\"6efb1301\" data-element_type=\"column\">\n\t\t\t<div class=\"elementor-widget-wrap elementor-element-populated\">\n\t\t\t\t\t\t<div class=\"elementor-element elementor-element-64fe04e2 elementor-widget elementor-widget-image\" data-id=\"64fe04e2\" data-element_type=\"widget\" data-settings=\"{&quot;motion_fx_motion_fx_scrolling&quot;:&quot;yes&quot;,&quot;motion_fx_translateY_effect&quot;:&quot;yes&quot;,&quot;motion_fx_translateY_speed&quot;:{&quot;unit&quot;:&quot;px&quot;,&quot;size&quot;:1,&quot;sizes&quot;:[]},&quot;motion_fx_devices&quot;:[&quot;desktop&quot;],&quot;motion_fx_translateY_direction&quot;:&quot;negative&quot;,&quot;motion_fx_translateY_affectedRange&quot;:{&quot;unit&quot;:&quot;%&quot;,&quot;size&quot;:&quot;&quot;,&quot;sizes&quot;:{&quot;start&quot;:0,&quot;end&quot;:100}}}\" data-widget_type=\"image.default\">\n\t\t\t\t<div class=\"elementor-widget-container\">\n\t\t\t<style>\/*! elementor - v3.23.0 - 05-08-2024 *\/\n.elementor-widget-image{text-align:center}.elementor-widget-image a{display:inline-block}.elementor-widget-image a img[src$=\".svg\"]{width:48px}.elementor-widget-image img{vertical-align:middle;display:inline-block}<\/style>\t\t\t\t\t\t\t\t\t\t<img fetchpriority=\"high\" decoding=\"async\" width=\"690\" height=\"1024\" src=\"https:\/\/www.egesmuhendislik.com.tr\/wp-content\/uploads\/2025\/06\/CozumlerimizYeni-2-690x1024.jpg\" class=\"attachment-large size-large wp-image-988671\" alt=\"\" srcset=\"https:\/\/www.egesmuhendislik.com.tr\/wp-content\/uploads\/2025\/06\/CozumlerimizYeni-2-690x1024.jpg 690w, https:\/\/www.egesmuhendislik.com.tr\/wp-content\/uploads\/2025\/06\/CozumlerimizYeni-2-202x300.jpg 202w, https:\/\/www.egesmuhendislik.com.tr\/wp-content\/uploads\/2025\/06\/CozumlerimizYeni-2.jpg 728w\" sizes=\"(max-width: 690px) 100vw, 690px\" \/>\t\t\t\t\t\t\t\t\t\t\t\t\t<\/div>\n\t\t\t\t<\/div>\n\t\t\t\t\t<\/div>\n\t\t<\/div>\n\t\t\t\t<div class=\"elementor-column elementor-col-33 elementor-top-column elementor-element elementor-element-648dd141\" data-id=\"648dd141\" data-element_type=\"column\">\n\t\t\t<div class=\"elementor-widget-wrap elementor-element-populated\">\n\t\t\t\t\t\t<div class=\"elementor-element elementor-element-15169fd4 elementor-widget elementor-widget-image\" data-id=\"15169fd4\" data-element_type=\"widget\" data-settings=\"{&quot;motion_fx_motion_fx_scrolling&quot;:&quot;yes&quot;,&quot;motion_fx_translateY_effect&quot;:&quot;yes&quot;,&quot;motion_fx_translateY_speed&quot;:{&quot;unit&quot;:&quot;px&quot;,&quot;size&quot;:1,&quot;sizes&quot;:[]},&quot;motion_fx_devices&quot;:[&quot;desktop&quot;],&quot;motion_fx_translateY_affectedRange&quot;:{&quot;unit&quot;:&quot;%&quot;,&quot;size&quot;:&quot;&quot;,&quot;sizes&quot;:{&quot;start&quot;:0,&quot;end&quot;:100}}}\" data-widget_type=\"image.default\">\n\t\t\t\t<div class=\"elementor-widget-container\">\n\t\t\t\t\t\t\t\t\t\t\t\t\t<img decoding=\"async\" width=\"728\" height=\"924\" src=\"https:\/\/www.egesmuhendislik.com.tr\/wp-content\/uploads\/2024\/09\/Resim-3.jpg\" class=\"attachment-large size-large wp-image-988009\" alt=\"\" srcset=\"https:\/\/www.egesmuhendislik.com.tr\/wp-content\/uploads\/2024\/09\/Resim-3.jpg 728w, https:\/\/www.egesmuhendislik.com.tr\/wp-content\/uploads\/2024\/09\/Resim-3-236x300.jpg 236w\" sizes=\"(max-width: 728px) 100vw, 728px\" \/>\t\t\t\t\t\t\t\t\t\t\t\t\t<\/div>\n\t\t\t\t<\/div>\n\t\t\t\t\t<\/div>\n\t\t<\/div>\n\t\t\t\t\t<\/div>\n\t\t<\/section>\n\t\t\t\t<section class=\"elementor-section elementor-top-section elementor-element elementor-element-7f7bf7c8 elementor-section-content-top elementor-section-boxed elementor-section-height-default elementor-section-height-default\" data-id=\"7f7bf7c8\" data-element_type=\"section\" data-settings=\"{&quot;background_background&quot;:&quot;classic&quot;}\">\n\t\t\t\t\t\t<div class=\"elementor-container elementor-column-gap-no\">\n\t\t\t\t\t<div class=\"elementor-column elementor-col-33 elementor-top-column elementor-element elementor-element-1a018a9b\" data-id=\"1a018a9b\" data-element_type=\"column\">\n\t\t\t<div class=\"elementor-widget-wrap elementor-element-populated\">\n\t\t\t\t\t\t<div class=\"elementor-element elementor-element-1f038d1b elementor-invisible elementor-widget elementor-widget-heading\" data-id=\"1f038d1b\" data-element_type=\"widget\" data-settings=\"{&quot;_animation&quot;:&quot;fadeIn&quot;,&quot;_animation_delay&quot;:200}\" data-widget_type=\"heading.default\">\n\t\t\t\t<div class=\"elementor-widget-container\">\n\t\t\t<h2 class=\"elementor-heading-title elementor-size-default\">Electricity Consultancy<\/h2>\t\t<\/div>\n\t\t\t\t<\/div>\n\t\t\t\t\t<\/div>\n\t\t<\/div>\n\t\t\t\t<div class=\"elementor-column elementor-col-66 elementor-top-column elementor-element elementor-element-c0d2e60\" data-id=\"c0d2e60\" data-element_type=\"column\">\n\t\t\t<div class=\"elementor-widget-wrap elementor-element-populated\">\n\t\t\t\t\t\t<div class=\"elementor-element elementor-element-21928a64 elementor-widget elementor-widget-text-editor\" data-id=\"21928a64\" data-element_type=\"widget\" data-widget_type=\"text-editor.default\">\n\t\t\t\t<div class=\"elementor-widget-container\">\n\t\t\t\t\t\t\t<p><strong>Electricity Consultancy<\/strong>is a service that provides expertise and strategic guidance on electrical engineering projects. Electrical consultants provide technical and strategic advice with the aim of enhancing the success of projects and preventing problems. The scope of consulting services usually includes:<\/p><ol><li><p><strong>Project Management<\/strong>:<\/p><ul><li><strong>Planning and Coordination<\/strong>: Provides guidance in the planning, coordination and execution of electrical projects.<\/li><li><strong>Budget and Time Management<\/strong>: Helps manage the project budget and timeline.<\/li><\/ul><\/li><li><p><strong>Technical Consulting<\/strong>:<\/p><ul><li><strong>Technical Analysis and Reporting<\/strong>: Performs technical analysis and prepares reports on electrical systems.<\/li><li><strong>Hardware and Software Selection<\/strong>: Advises on the selection of the most appropriate equipment and software.<\/li><\/ul><\/li><li><p><strong>Energy Efficiency and Conservation<\/strong>:<\/p><ul><li><strong>Energy Efficiency Strategies<\/strong>: Develops and implements strategies to increase energy efficiency.<\/li><li><strong>Energy Saving Projects<\/strong>: Proposes and implements projects to save energy.<\/li><\/ul><\/li><li><p><strong>Regulation and Compliance<\/strong>:<\/p><ul><li><strong>Legal Requirements<\/strong>: Advises on compliance with local and international electrical standards.<\/li><li><strong>Certification and Certification<\/strong>: Provides guidance on required certification and certification processes.<\/li><\/ul><\/li><li><p><strong>Risk Management<\/strong>:<\/p><ul><li><strong>Risk Analysis<\/strong>: Assesses the risks of electrical systems and develops risk management strategies.<\/li><li><strong>Emergency Plans<\/strong>: Creates emergency and crisis management plans.<\/li><\/ul><\/li><li><p><strong>Training and Support<\/strong>:<\/p><ul><li><strong>Education Programs<\/strong>: Provides training to customers and staff on electrical systems.<\/li><li><strong>Technical Support<\/strong>: Provides technical support related to electrical systems.<\/li><\/ul><\/li><\/ol>\t\t\t\t\t\t<\/div>\n\t\t\t\t<\/div>\n\t\t\t\t\t<\/div>\n\t\t<\/div>\n\t\t\t\t\t<\/div>\n\t\t<\/section>\n\t\t\t\t<section class=\"elementor-section elementor-top-section elementor-element elementor-element-3984c47c elementor-section-height-min-height elementor-section-items-stretch elementor-section-boxed elementor-section-height-default\" data-id=\"3984c47c\" data-element_type=\"section\" data-settings=\"{&quot;background_background&quot;:&quot;gradient&quot;}\">\n\t\t\t\t\t\t<div class=\"elementor-container elementor-column-gap-no\">\n\t\t\t\t\t<div class=\"elementor-column elementor-col-100 elementor-top-column elementor-element elementor-element-ad1a239\" data-id=\"ad1a239\" data-element_type=\"column\" data-settings=\"{&quot;background_background&quot;:&quot;classic&quot;,&quot;background_motion_fx_scale_effect&quot;:&quot;yes&quot;,&quot;background_motion_fx_scale_speed&quot;:{&quot;unit&quot;:&quot;px&quot;,&quot;size&quot;:1,&quot;sizes&quot;:[]},&quot;background_motion_fx_devices&quot;:[&quot;desktop&quot;],&quot;background_motion_fx_motion_fx_scrolling&quot;:&quot;yes&quot;,&quot;background_motion_fx_scale_direction&quot;:&quot;out-in&quot;,&quot;background_motion_fx_scale_range&quot;:{&quot;unit&quot;:&quot;%&quot;,&quot;size&quot;:&quot;&quot;,&quot;sizes&quot;:{&quot;start&quot;:20,&quot;end&quot;:80}}}\">\n\t\t\t<div class=\"elementor-widget-wrap elementor-element-populated\">\n\t\t\t\t\t\t<div class=\"elementor-element elementor-element-7c9bd8e5 elementor-widget elementor-widget-spacer\" data-id=\"7c9bd8e5\" data-element_type=\"widget\" data-widget_type=\"spacer.default\">\n\t\t\t\t<div class=\"elementor-widget-container\">\n\t\t\t\t\t<div class=\"elementor-spacer\">\n\t\t\t<div class=\"elementor-spacer-inner\"><\/div>\n\t\t<\/div>\n\t\t\t\t<\/div>\n\t\t\t\t<\/div>\n\t\t\t\t\t<\/div>\n\t\t<\/div>\n\t\t\t\t\t<\/div>\n\t\t<\/section>\n\t\t\t\t<section class=\"elementor-section elementor-top-section elementor-element elementor-element-439433df elementor-section-boxed elementor-section-height-default elementor-section-height-default\" data-id=\"439433df\" data-element_type=\"section\">\n\t\t\t\t\t\t<div class=\"elementor-container elementor-column-gap-no\">\n\t\t\t\t\t<div class=\"elementor-column elementor-col-33 elementor-top-column elementor-element elementor-element-3590489e\" data-id=\"3590489e\" data-element_type=\"column\">\n\t\t\t<div class=\"elementor-widget-wrap elementor-element-populated\">\n\t\t\t\t\t\t<div class=\"elementor-element elementor-element-15189d37 elementor-widget elementor-widget-heading\" data-id=\"15189d37\" data-element_type=\"widget\" data-widget_type=\"heading.default\">\n\t\t\t\t<div class=\"elementor-widget-container\">\n\t\t\t<h5 class=\"elementor-heading-title elementor-size-default\">Quality and Safe Systems<\/h5>\t\t<\/div>\n\t\t\t\t<\/div>\n\t\t\t\t<div class=\"elementor-element elementor-element-27870178 elementor-widget elementor-widget-text-editor\" data-id=\"27870178\" data-element_type=\"widget\" data-widget_type=\"text-editor.default\">\n\t\t\t\t<div class=\"elementor-widget-container\">\n\t\t\t\t\t\t\t<p>Electrical engineering enables the design and implementation of safe and effective electrical systems.<\/p>\t\t\t\t\t\t<\/div>\n\t\t\t\t<\/div>\n\t\t\t\t\t<\/div>\n\t\t<\/div>\n\t\t\t\t<div class=\"elementor-column elementor-col-33 elementor-top-column elementor-element elementor-element-5cd47aa5\" data-id=\"5cd47aa5\" data-element_type=\"column\">\n\t\t\t<div class=\"elementor-widget-wrap elementor-element-populated\">\n\t\t\t\t\t\t<div class=\"elementor-element elementor-element-6b97a3f2 elementor-widget elementor-widget-heading\" data-id=\"6b97a3f2\" data-element_type=\"widget\" data-widget_type=\"heading.default\">\n\t\t\t\t<div class=\"elementor-widget-container\">\n\t\t\t<h5 class=\"elementor-heading-title elementor-size-default\">Efficiency and Savings<\/h5>\t\t<\/div>\n\t\t\t\t<\/div>\n\t\t\t\t<div class=\"elementor-element elementor-element-4b9e75c3 elementor-widget elementor-widget-text-editor\" data-id=\"4b9e75c3\" data-element_type=\"widget\" data-widget_type=\"text-editor.default\">\n\t\t\t\t<div class=\"elementor-widget-container\">\n\t\t\t\t\t\t\t<p>Consulting saves costs by improving energy efficiency.<\/p>\t\t\t\t\t\t<\/div>\n\t\t\t\t<\/div>\n\t\t\t\t\t<\/div>\n\t\t<\/div>\n\t\t\t\t<div class=\"elementor-column elementor-col-33 elementor-top-column elementor-element elementor-element-79c6426a\" data-id=\"79c6426a\" data-element_type=\"column\">\n\t\t\t<div class=\"elementor-widget-wrap elementor-element-populated\">\n\t\t\t\t\t\t<div class=\"elementor-element elementor-element-177b644a elementor-widget elementor-widget-heading\" data-id=\"177b644a\" data-element_type=\"widget\" data-widget_type=\"heading.default\">\n\t\t\t\t<div class=\"elementor-widget-container\">\n\t\t\t<h5 class=\"elementor-heading-title elementor-size-default\">Professional Knowledge and Experience<\/h5>\t\t<\/div>\n\t\t\t\t<\/div>\n\t\t\t\t<div class=\"elementor-element elementor-element-86ba4f elementor-widget elementor-widget-text-editor\" data-id=\"86ba4f\" data-element_type=\"widget\" data-widget_type=\"text-editor.default\">\n\t\t\t\t<div class=\"elementor-widget-container\">\n\t\t\t\t\t\t\t<p>Experts offer technical knowledge and experience to achieve the best results in projects.<\/p>\t\t\t\t\t\t<\/div>\n\t\t\t\t<\/div>\n\t\t\t\t\t<\/div>\n\t\t<\/div>\n\t\t\t\t\t<\/div>\n\t\t<\/section>\n\t\t\t\t<\/div>","protected":false},"excerpt":{"rendered":"<p>Elektrik M\u00fchendisli\u011fi, elektrik enerjisinin \u00fcretimi, iletimi, da\u011f\u0131t\u0131m\u0131 ve kullan\u0131m\u0131n\u0131 i\u00e7eren geni\u015f bir m\u00fchendislik disiplinidir.<\/p>","protected":false},"author":1,"featured_media":988007,"parent":138,"menu_order":0,"comment_status":"closed","ping_status":"closed","template":"","meta":{"footnotes":""},"class_list":["post-987738","page","type-page","status-publish","has-post-thumbnail","hentry"],"_links":{"self":[{"href":"https:\/\/www.egesmuhendislik.com.tr\/en\/wp-json\/wp\/v2\/pages\/987738","targetHints":{"allow":["GET"]}}],"collection":[{"href":"https:\/\/www.egesmuhendislik.com.tr\/en\/wp-json\/wp\/v2\/pages"}],"about":[{"href":"https:\/\/www.egesmuhendislik.com.tr\/en\/wp-json\/wp\/v2\/types\/page"}],"author":[{"embeddable":true,"href":"https:\/\/www.egesmuhendislik.com.tr\/en\/wp-json\/wp\/v2\/users\/1"}],"replies":[{"embeddable":true,"href":"https:\/\/www.egesmuhendislik.com.tr\/en\/wp-json\/wp\/v2\/comments?post=987738"}],"version-history":[{"count":8,"href":"https:\/\/www.egesmuhendislik.com.tr\/en\/wp-json\/wp\/v2\/pages\/987738\/revisions"}],"predecessor-version":[{"id":988692,"href":"https:\/\/www.egesmuhendislik.com.tr\/en\/wp-json\/wp\/v2\/pages\/987738\/revisions\/988692"}],"up":[{"embeddable":true,"href":"https:\/\/www.egesmuhendislik.com.tr\/en\/wp-json\/wp\/v2\/pages\/138"}],"wp:featuredmedia":[{"embeddable":true,"href":"https:\/\/www.egesmuhendislik.com.tr\/en\/wp-json\/wp\/v2\/media\/988007"}],"wp:attachment":[{"href":"https:\/\/www.egesmuhendislik.com.tr\/en\/wp-json\/wp\/v2\/media?parent=987738"}],"curies":[{"name":"wp","href":"https:\/\/api.w.org\/{rel}","templated":true}]}}