{"id":987738,"date":"2024-09-05T14:35:46","date_gmt":"2024-09-05T11:35:46","guid":{"rendered":"https:\/\/www.egesmuhendislik.com.tr\/?page_id=987738"},"modified":"2025-06-02T00:22:40","modified_gmt":"2025-06-01T21:22:40","slug":"muhendislik-ve-danismanlik","status":"publish","type":"page","link":"https:\/\/www.egesmuhendislik.com.tr\/de\/cozumlerimiz\/muhendislik-ve-danismanlik\/","title":{"rendered":"Engineering und Beratung"},"content":{"rendered":"<div data-elementor-type=\"wp-page\" data-elementor-id=\"987738\" class=\"elementor elementor-987738\" data-elementor-post-type=\"page\">\n\t\t\t\t\t\t<section class=\"elementor-section elementor-top-section elementor-element elementor-element-2285f73e elementor-section-boxed elementor-section-height-default elementor-section-height-default\" data-id=\"2285f73e\" data-element_type=\"section\">\n\t\t\t\t\t\t<div class=\"elementor-container elementor-column-gap-no\">\n\t\t\t\t\t<div class=\"elementor-column elementor-col-33 elementor-top-column elementor-element elementor-element-41248a5b\" data-id=\"41248a5b\" data-element_type=\"column\">\n\t\t\t<div class=\"elementor-widget-wrap elementor-element-populated\">\n\t\t\t\t\t\t<div class=\"elementor-element elementor-element-56a7873e elementor-invisible elementor-widget elementor-widget-heading\" data-id=\"56a7873e\" data-element_type=\"widget\" data-settings=\"{&quot;_animation&quot;:&quot;fadeIn&quot;,&quot;_animation_tablet&quot;:&quot;none&quot;,&quot;_animation_delay&quot;:200}\" data-widget_type=\"heading.default\">\n\t\t\t\t<div class=\"elementor-widget-container\">\n\t\t\t<style>\/*! elementor - v3.23.0 - 05-08-2024 *\/\n.elementor-heading-title{padding:0;margin:0;line-height:1}.elementor-widget-heading .elementor-heading-title[class*=elementor-size-]>a{color:inherit;font-size:inherit;line-height:inherit}.elementor-widget-heading .elementor-heading-title.elementor-size-small{font-size:15px}.elementor-widget-heading .elementor-heading-title.elementor-size-medium{font-size:19px}.elementor-widget-heading .elementor-heading-title.elementor-size-large{font-size:29px}.elementor-widget-heading .elementor-heading-title.elementor-size-xl{font-size:39px}.elementor-widget-heading .elementor-heading-title.elementor-size-xxl{font-size:59px}<\/style><h2 class=\"elementor-heading-title elementor-size-default\">Elektrik M\u00fchendisli\u011fi<\/h2>\t\t<\/div>\n\t\t\t\t<\/div>\n\t\t\t\t\t<\/div>\n\t\t<\/div>\n\t\t\t\t<div class=\"elementor-column elementor-col-33 elementor-top-column elementor-element elementor-element-7afb924c elementor-hidden-mobile\" data-id=\"7afb924c\" data-element_type=\"column\">\n\t\t\t<div class=\"elementor-widget-wrap elementor-element-populated\">\n\t\t\t\t\t\t<div class=\"elementor-element elementor-element-39832f6b elementor-widget elementor-widget-spacer\" data-id=\"39832f6b\" data-element_type=\"widget\" data-widget_type=\"spacer.default\">\n\t\t\t\t<div class=\"elementor-widget-container\">\n\t\t\t<style>\/*! elementor - v3.23.0 - 05-08-2024 *\/\n.elementor-column .elementor-spacer-inner{height:var(--spacer-size)}.e-con{--container-widget-width:100%}.e-con-inner>.elementor-widget-spacer,.e-con>.elementor-widget-spacer{width:var(--container-widget-width,var(--spacer-size));--align-self:var(--container-widget-align-self,initial);--flex-shrink:0}.e-con-inner>.elementor-widget-spacer>.elementor-widget-container,.e-con>.elementor-widget-spacer>.elementor-widget-container{height:100%;width:100%}.e-con-inner>.elementor-widget-spacer>.elementor-widget-container>.elementor-spacer,.e-con>.elementor-widget-spacer>.elementor-widget-container>.elementor-spacer{height:100%}.e-con-inner>.elementor-widget-spacer>.elementor-widget-container>.elementor-spacer>.elementor-spacer-inner,.e-con>.elementor-widget-spacer>.elementor-widget-container>.elementor-spacer>.elementor-spacer-inner{height:var(--container-widget-height,var(--spacer-size))}.e-con-inner>.elementor-widget-spacer.elementor-widget-empty,.e-con>.elementor-widget-spacer.elementor-widget-empty{position:relative;min-height:22px;min-width:22px}.e-con-inner>.elementor-widget-spacer.elementor-widget-empty .elementor-widget-empty-icon,.e-con>.elementor-widget-spacer.elementor-widget-empty .elementor-widget-empty-icon{position:absolute;top:0;bottom:0;left:0;right:0;margin:auto;padding:0;width:22px;height:22px}<\/style>\t\t<div class=\"elementor-spacer\">\n\t\t\t<div class=\"elementor-spacer-inner\"><\/div>\n\t\t<\/div>\n\t\t\t\t<\/div>\n\t\t\t\t<\/div>\n\t\t\t\t\t<\/div>\n\t\t<\/div>\n\t\t\t\t<div class=\"elementor-column elementor-col-33 elementor-top-column elementor-element elementor-element-7c9d35c7 elementor-hidden-mobile\" data-id=\"7c9d35c7\" data-element_type=\"column\">\n\t\t\t<div class=\"elementor-widget-wrap elementor-element-populated\">\n\t\t\t\t\t\t<div class=\"elementor-element elementor-element-23f9669c elementor-widget elementor-widget-spacer\" data-id=\"23f9669c\" data-element_type=\"widget\" data-widget_type=\"spacer.default\">\n\t\t\t\t<div class=\"elementor-widget-container\">\n\t\t\t\t\t<div class=\"elementor-spacer\">\n\t\t\t<div class=\"elementor-spacer-inner\"><\/div>\n\t\t<\/div>\n\t\t\t\t<\/div>\n\t\t\t\t<\/div>\n\t\t\t\t\t<\/div>\n\t\t<\/div>\n\t\t\t\t\t<\/div>\n\t\t<\/section>\n\t\t\t\t<section class=\"elementor-section elementor-top-section elementor-element elementor-element-680cc337 elementor-section-boxed elementor-section-height-default elementor-section-height-default\" data-id=\"680cc337\" data-element_type=\"section\">\n\t\t\t\t\t\t<div class=\"elementor-container elementor-column-gap-no\">\n\t\t\t\t\t<div class=\"elementor-column elementor-col-33 elementor-top-column elementor-element elementor-element-7fc24b90\" data-id=\"7fc24b90\" data-element_type=\"column\" data-settings=\"{&quot;background_background&quot;:&quot;classic&quot;}\">\n\t\t\t<div class=\"elementor-widget-wrap elementor-element-populated\">\n\t\t\t\t\t\t<div class=\"elementor-element elementor-element-2a1a6e59 elementor-widget elementor-widget-text-editor\" data-id=\"2a1a6e59\" data-element_type=\"widget\" data-widget_type=\"text-editor.default\">\n\t\t\t\t<div class=\"elementor-widget-container\">\n\t\t\t<style>\/*! elementor - v3.23.0 - 05-08-2024 *\/\n.elementor-widget-text-editor.elementor-drop-cap-view-stacked .elementor-drop-cap{background-color:#69727d;color:#fff}.elementor-widget-text-editor.elementor-drop-cap-view-framed .elementor-drop-cap{color:#69727d;border:3px solid;background-color:transparent}.elementor-widget-text-editor:not(.elementor-drop-cap-view-default) .elementor-drop-cap{margin-top:8px}.elementor-widget-text-editor:not(.elementor-drop-cap-view-default) .elementor-drop-cap-letter{width:1em;height:1em}.elementor-widget-text-editor .elementor-drop-cap{float:left;text-align:center;line-height:1;font-size:50px}.elementor-widget-text-editor .elementor-drop-cap-letter{display:inline-block}<\/style>\t\t\t\t<p>Elektrik m\u00fchendislerinin temel g\u00f6revleri aras\u0131nda \u015funlar bulunur:<\/p><ol><li><p><strong>Tasar\u0131m ve Planlama<\/strong>:<\/p><ul><li><strong>Elektrik Sistem Tasar\u0131m\u0131<\/strong>: G\u00fc\u00e7 da\u011f\u0131t\u0131m sistemleri, ayd\u0131nlatma sistemleri, kontrol sistemleri ve di\u011fer elektrikli altyap\u0131lar\u0131n tasar\u0131m\u0131n\u0131 yaparlar.<\/li><li><strong>\u015eemalar ve Projeler<\/strong>: Elektrik devre \u015femalar\u0131, yerle\u015fim planlar\u0131 ve teknik projeler haz\u0131rlar.<\/li><\/ul><\/li><li><p><strong>Kurulum ve Montaj<\/strong>:<\/p><ul><li><strong>Sistem Kurulumu<\/strong>: Elektrik sistemlerinin, panolar\u0131n ve di\u011fer ekipmanlar\u0131n kurulumu ve montaj\u0131n\u0131 ger\u00e7ekle\u015ftirirler.<\/li><li><strong>Test ve Devreye Alma<\/strong>: Kurulum sonras\u0131 sistemleri test eder ve devreye al\u0131r, performans ve g\u00fcvenlik kontrol\u00fc yapar.<\/li><\/ul><\/li><li><p><strong>Bak\u0131m ve Onar\u0131m<\/strong>:<\/p><ul><li><strong>Ar\u0131za Giderme<\/strong>: Elektrik ar\u0131zalar\u0131n\u0131 te\u015fhis eder ve onar\u0131mlar\u0131n\u0131 yapar.<\/li><li><strong>D\u00fczenli Bak\u0131m<\/strong>: Elektrik sistemlerinin d\u00fczenli bak\u0131m\u0131n\u0131 yapar ve sistemlerin d\u00fczg\u00fcn \u00e7al\u0131\u015fmas\u0131n\u0131 sa\u011flar.<\/li><\/ul><\/li><li><p><strong>Enerji Y\u00f6netimi ve Verimlilik<\/strong>:<\/p><ul><li><strong>Enerji Analizi<\/strong>: Enerji t\u00fcketimini analiz eder ve verimlili\u011fi art\u0131rmak i\u00e7in \u00f6nerilerde bulunur.<\/li><li><strong>Kompanzasyon ve G\u00fc\u00e7 Fakt\u00f6r\u00fc D\u00fczeltmesi<\/strong>: Enerji maliyetlerini d\u00fc\u015f\u00fcrmek i\u00e7in g\u00fc\u00e7 fakt\u00f6r\u00fcn\u00fc d\u00fczeltir.<\/li><\/ul><\/li><li><p><strong>G\u00fcvenlik ve Standartlara Uyum<\/strong>:<\/p><ul><li><strong>Reg\u00fclasyonlara Uyum<\/strong>: Elektrik sistemlerinin yerel ve uluslararas\u0131 g\u00fcvenlik standartlar\u0131na uygun olmas\u0131n\u0131 sa\u011flar.<\/li><li><strong>Risk Analizi<\/strong>: G\u00fcvenlik risklerini de\u011ferlendirir ve \u00f6nleyici tedbirler al\u0131r.<\/li><\/ul><\/li><\/ol>\t\t\t\t\t\t<\/div>\n\t\t\t\t<\/div>\n\t\t\t\t\t<\/div>\n\t\t<\/div>\n\t\t\t\t<div class=\"elementor-column elementor-col-33 elementor-top-column elementor-element elementor-element-6efb1301\" data-id=\"6efb1301\" data-element_type=\"column\">\n\t\t\t<div class=\"elementor-widget-wrap elementor-element-populated\">\n\t\t\t\t\t\t<div class=\"elementor-element elementor-element-64fe04e2 elementor-widget elementor-widget-image\" data-id=\"64fe04e2\" data-element_type=\"widget\" data-settings=\"{&quot;motion_fx_motion_fx_scrolling&quot;:&quot;yes&quot;,&quot;motion_fx_translateY_effect&quot;:&quot;yes&quot;,&quot;motion_fx_translateY_speed&quot;:{&quot;unit&quot;:&quot;px&quot;,&quot;size&quot;:1,&quot;sizes&quot;:[]},&quot;motion_fx_devices&quot;:[&quot;desktop&quot;],&quot;motion_fx_translateY_direction&quot;:&quot;negative&quot;,&quot;motion_fx_translateY_affectedRange&quot;:{&quot;unit&quot;:&quot;%&quot;,&quot;size&quot;:&quot;&quot;,&quot;sizes&quot;:{&quot;start&quot;:0,&quot;end&quot;:100}}}\" data-widget_type=\"image.default\">\n\t\t\t\t<div class=\"elementor-widget-container\">\n\t\t\t<style>\/*! elementor - v3.23.0 - 05-08-2024 *\/\n.elementor-widget-image{text-align:center}.elementor-widget-image a{display:inline-block}.elementor-widget-image a img[src$=\".svg\"]{width:48px}.elementor-widget-image img{vertical-align:middle;display:inline-block}<\/style>\t\t\t\t\t\t\t\t\t\t<img fetchpriority=\"high\" decoding=\"async\" width=\"690\" height=\"1024\" src=\"https:\/\/www.egesmuhendislik.com.tr\/wp-content\/uploads\/2025\/06\/CozumlerimizYeni-2-690x1024.jpg\" class=\"attachment-large size-large wp-image-988671\" alt=\"\" srcset=\"https:\/\/www.egesmuhendislik.com.tr\/wp-content\/uploads\/2025\/06\/CozumlerimizYeni-2-690x1024.jpg 690w, https:\/\/www.egesmuhendislik.com.tr\/wp-content\/uploads\/2025\/06\/CozumlerimizYeni-2-202x300.jpg 202w, https:\/\/www.egesmuhendislik.com.tr\/wp-content\/uploads\/2025\/06\/CozumlerimizYeni-2.jpg 728w\" sizes=\"(max-width: 690px) 100vw, 690px\" \/>\t\t\t\t\t\t\t\t\t\t\t\t\t<\/div>\n\t\t\t\t<\/div>\n\t\t\t\t\t<\/div>\n\t\t<\/div>\n\t\t\t\t<div class=\"elementor-column elementor-col-33 elementor-top-column elementor-element elementor-element-648dd141\" data-id=\"648dd141\" data-element_type=\"column\">\n\t\t\t<div class=\"elementor-widget-wrap elementor-element-populated\">\n\t\t\t\t\t\t<div class=\"elementor-element elementor-element-15169fd4 elementor-widget elementor-widget-image\" data-id=\"15169fd4\" data-element_type=\"widget\" data-settings=\"{&quot;motion_fx_motion_fx_scrolling&quot;:&quot;yes&quot;,&quot;motion_fx_translateY_effect&quot;:&quot;yes&quot;,&quot;motion_fx_translateY_speed&quot;:{&quot;unit&quot;:&quot;px&quot;,&quot;size&quot;:1,&quot;sizes&quot;:[]},&quot;motion_fx_devices&quot;:[&quot;desktop&quot;],&quot;motion_fx_translateY_affectedRange&quot;:{&quot;unit&quot;:&quot;%&quot;,&quot;size&quot;:&quot;&quot;,&quot;sizes&quot;:{&quot;start&quot;:0,&quot;end&quot;:100}}}\" data-widget_type=\"image.default\">\n\t\t\t\t<div class=\"elementor-widget-container\">\n\t\t\t\t\t\t\t\t\t\t\t\t\t<img decoding=\"async\" width=\"728\" height=\"924\" src=\"https:\/\/www.egesmuhendislik.com.tr\/wp-content\/uploads\/2024\/09\/Resim-3.jpg\" class=\"attachment-large size-large wp-image-988009\" alt=\"\" srcset=\"https:\/\/www.egesmuhendislik.com.tr\/wp-content\/uploads\/2024\/09\/Resim-3.jpg 728w, https:\/\/www.egesmuhendislik.com.tr\/wp-content\/uploads\/2024\/09\/Resim-3-236x300.jpg 236w\" sizes=\"(max-width: 728px) 100vw, 728px\" \/>\t\t\t\t\t\t\t\t\t\t\t\t\t<\/div>\n\t\t\t\t<\/div>\n\t\t\t\t\t<\/div>\n\t\t<\/div>\n\t\t\t\t\t<\/div>\n\t\t<\/section>\n\t\t\t\t<section class=\"elementor-section elementor-top-section elementor-element elementor-element-7f7bf7c8 elementor-section-content-top elementor-section-boxed elementor-section-height-default elementor-section-height-default\" data-id=\"7f7bf7c8\" data-element_type=\"section\" data-settings=\"{&quot;background_background&quot;:&quot;classic&quot;}\">\n\t\t\t\t\t\t<div class=\"elementor-container elementor-column-gap-no\">\n\t\t\t\t\t<div class=\"elementor-column elementor-col-33 elementor-top-column elementor-element elementor-element-1a018a9b\" data-id=\"1a018a9b\" data-element_type=\"column\">\n\t\t\t<div class=\"elementor-widget-wrap elementor-element-populated\">\n\t\t\t\t\t\t<div class=\"elementor-element elementor-element-1f038d1b elementor-invisible elementor-widget elementor-widget-heading\" data-id=\"1f038d1b\" data-element_type=\"widget\" data-settings=\"{&quot;_animation&quot;:&quot;fadeIn&quot;,&quot;_animation_delay&quot;:200}\" data-widget_type=\"heading.default\">\n\t\t\t\t<div class=\"elementor-widget-container\">\n\t\t\t<h2 class=\"elementor-heading-title elementor-size-default\">Elektrik Dan\u0131\u015fmanl\u0131\u011f\u0131<\/h2>\t\t<\/div>\n\t\t\t\t<\/div>\n\t\t\t\t\t<\/div>\n\t\t<\/div>\n\t\t\t\t<div class=\"elementor-column elementor-col-66 elementor-top-column elementor-element elementor-element-c0d2e60\" data-id=\"c0d2e60\" data-element_type=\"column\">\n\t\t\t<div class=\"elementor-widget-wrap elementor-element-populated\">\n\t\t\t\t\t\t<div class=\"elementor-element elementor-element-21928a64 elementor-widget elementor-widget-text-editor\" data-id=\"21928a64\" data-element_type=\"widget\" data-widget_type=\"text-editor.default\">\n\t\t\t\t<div class=\"elementor-widget-container\">\n\t\t\t\t\t\t\t<p><strong>Elektrik Dan\u0131\u015fmanl\u0131\u011f\u0131<\/strong>, elektrik m\u00fchendisli\u011fi projelerinde uzmanl\u0131k ve stratejik rehberlik sa\u011flayan bir hizmettir. Elektrik dan\u0131\u015fmanlar\u0131, projelerin ba\u015far\u0131s\u0131n\u0131 art\u0131rmak ve sorunlar\u0131 \u00f6nlemek amac\u0131yla teknik ve stratejik tavsiyelerde bulunur. Dan\u0131\u015fmanl\u0131k hizmetlerinin kapsam\u0131 genellikle \u015funlar\u0131 i\u00e7erir:<\/p><ol><li><p><strong>Proje Y\u00f6netimi<\/strong>:<\/p><ul><li><strong>Planlama ve Koordinasyon<\/strong>: Elektrik projelerinin planlamas\u0131, koordinasyonu ve y\u00fcr\u00fct\u00fclmesi konusunda rehberlik eder.<\/li><li><strong>B\u00fct\u00e7e ve Zaman Y\u00f6netimi<\/strong>: Proje b\u00fct\u00e7esinin ve zaman \u00e7izelgesinin y\u00f6netilmesine yard\u0131mc\u0131 olur.<\/li><\/ul><\/li><li><p><strong>Teknik Dan\u0131\u015fmanl\u0131k<\/strong>:<\/p><ul><li><strong>Teknik Analiz ve Raporlama<\/strong>: Elektrik sistemleri ile ilgili teknik analizler yapar ve raporlar haz\u0131rlar.<\/li><li><strong>Donan\u0131m ve Yaz\u0131l\u0131m Se\u00e7imi<\/strong>: En uygun ekipman ve yaz\u0131l\u0131mlar\u0131n se\u00e7imi konusunda tavsiyelerde bulunur.<\/li><\/ul><\/li><li><p><strong>Enerji Verimlili\u011fi ve Tasarrufu<\/strong>:<\/p><ul><li><strong>Enerji Verimlili\u011fi Stratejileri<\/strong>: Enerji verimlili\u011fini art\u0131rmak i\u00e7in stratejiler geli\u015ftirir ve uygular.<\/li><li><strong>Enerji Tasarrufu Projeleri<\/strong>: Enerji tasarrufu sa\u011flamak i\u00e7in projeler \u00f6nerir ve uygular.<\/li><\/ul><\/li><li><p><strong>Reg\u00fclasyon ve Uygunluk<\/strong>:<\/p><ul><li><strong>Yasal Gereklilikler<\/strong>: Yerel ve uluslararas\u0131 elektrik standartlar\u0131na uyum konusunda dan\u0131\u015fmanl\u0131k yapar.<\/li><li><strong>Belgelendirme ve Sertifikasyon<\/strong>: Gereken belgelendirme ve sertifikasyon s\u00fcre\u00e7leri hakk\u0131nda rehberlik eder.<\/li><\/ul><\/li><li><p><strong>Risk Y\u00f6netimi<\/strong>:<\/p><ul><li><strong>Risk Analizi<\/strong>: Elektrik sistemlerinin risklerini de\u011ferlendirir ve risk y\u00f6netimi stratejileri geli\u015ftirir.<\/li><li><strong>Acil Durum Planlar\u0131<\/strong>: Acil durum ve kriz y\u00f6netimi planlar\u0131 olu\u015fturur.<\/li><\/ul><\/li><li><p><strong>E\u011fitim ve Destek<\/strong>:<\/p><ul><li><strong>E\u011fitim Programlar\u0131<\/strong>: M\u00fc\u015fterilere ve personellere elektrik sistemleri hakk\u0131nda e\u011fitimler verir.<\/li><li><strong>Teknik Destek<\/strong>: Elektrik sistemleri ile ilgili teknik destek sa\u011flar.<\/li><\/ul><\/li><\/ol>\t\t\t\t\t\t<\/div>\n\t\t\t\t<\/div>\n\t\t\t\t\t<\/div>\n\t\t<\/div>\n\t\t\t\t\t<\/div>\n\t\t<\/section>\n\t\t\t\t<section class=\"elementor-section elementor-top-section elementor-element elementor-element-3984c47c elementor-section-height-min-height elementor-section-items-stretch elementor-section-boxed elementor-section-height-default\" data-id=\"3984c47c\" data-element_type=\"section\" data-settings=\"{&quot;background_background&quot;:&quot;gradient&quot;}\">\n\t\t\t\t\t\t<div class=\"elementor-container elementor-column-gap-no\">\n\t\t\t\t\t<div class=\"elementor-column elementor-col-100 elementor-top-column elementor-element elementor-element-ad1a239\" data-id=\"ad1a239\" data-element_type=\"column\" data-settings=\"{&quot;background_background&quot;:&quot;classic&quot;,&quot;background_motion_fx_scale_effect&quot;:&quot;yes&quot;,&quot;background_motion_fx_scale_speed&quot;:{&quot;unit&quot;:&quot;px&quot;,&quot;size&quot;:1,&quot;sizes&quot;:[]},&quot;background_motion_fx_devices&quot;:[&quot;desktop&quot;],&quot;background_motion_fx_motion_fx_scrolling&quot;:&quot;yes&quot;,&quot;background_motion_fx_scale_direction&quot;:&quot;out-in&quot;,&quot;background_motion_fx_scale_range&quot;:{&quot;unit&quot;:&quot;%&quot;,&quot;size&quot;:&quot;&quot;,&quot;sizes&quot;:{&quot;start&quot;:20,&quot;end&quot;:80}}}\">\n\t\t\t<div class=\"elementor-widget-wrap elementor-element-populated\">\n\t\t\t\t\t\t<div class=\"elementor-element elementor-element-7c9bd8e5 elementor-widget elementor-widget-spacer\" data-id=\"7c9bd8e5\" data-element_type=\"widget\" data-widget_type=\"spacer.default\">\n\t\t\t\t<div class=\"elementor-widget-container\">\n\t\t\t\t\t<div class=\"elementor-spacer\">\n\t\t\t<div class=\"elementor-spacer-inner\"><\/div>\n\t\t<\/div>\n\t\t\t\t<\/div>\n\t\t\t\t<\/div>\n\t\t\t\t\t<\/div>\n\t\t<\/div>\n\t\t\t\t\t<\/div>\n\t\t<\/section>\n\t\t\t\t<section class=\"elementor-section elementor-top-section elementor-element elementor-element-439433df elementor-section-boxed elementor-section-height-default elementor-section-height-default\" data-id=\"439433df\" data-element_type=\"section\">\n\t\t\t\t\t\t<div class=\"elementor-container elementor-column-gap-no\">\n\t\t\t\t\t<div class=\"elementor-column elementor-col-33 elementor-top-column elementor-element elementor-element-3590489e\" data-id=\"3590489e\" data-element_type=\"column\">\n\t\t\t<div class=\"elementor-widget-wrap elementor-element-populated\">\n\t\t\t\t\t\t<div class=\"elementor-element elementor-element-15189d37 elementor-widget elementor-widget-heading\" data-id=\"15189d37\" data-element_type=\"widget\" data-widget_type=\"heading.default\">\n\t\t\t\t<div class=\"elementor-widget-container\">\n\t\t\t<h5 class=\"elementor-heading-title elementor-size-default\">Kaliteli ve G\u00fcvenli Sistemler<\/h5>\t\t<\/div>\n\t\t\t\t<\/div>\n\t\t\t\t<div class=\"elementor-element elementor-element-27870178 elementor-widget elementor-widget-text-editor\" data-id=\"27870178\" data-element_type=\"widget\" data-widget_type=\"text-editor.default\">\n\t\t\t\t<div class=\"elementor-widget-container\">\n\t\t\t\t\t\t\t<p>Elektrik m\u00fchendisli\u011fi, g\u00fcvenli ve etkili elektrik sistemlerinin tasar\u0131m\u0131 ve uygulanmas\u0131n\u0131 sa\u011flar.<\/p>\t\t\t\t\t\t<\/div>\n\t\t\t\t<\/div>\n\t\t\t\t\t<\/div>\n\t\t<\/div>\n\t\t\t\t<div class=\"elementor-column elementor-col-33 elementor-top-column elementor-element elementor-element-5cd47aa5\" data-id=\"5cd47aa5\" data-element_type=\"column\">\n\t\t\t<div class=\"elementor-widget-wrap elementor-element-populated\">\n\t\t\t\t\t\t<div class=\"elementor-element elementor-element-6b97a3f2 elementor-widget elementor-widget-heading\" data-id=\"6b97a3f2\" data-element_type=\"widget\" data-widget_type=\"heading.default\">\n\t\t\t\t<div class=\"elementor-widget-container\">\n\t\t\t<h5 class=\"elementor-heading-title elementor-size-default\">Verimlilik ve Tasarruf<\/h5>\t\t<\/div>\n\t\t\t\t<\/div>\n\t\t\t\t<div class=\"elementor-element elementor-element-4b9e75c3 elementor-widget elementor-widget-text-editor\" data-id=\"4b9e75c3\" data-element_type=\"widget\" data-widget_type=\"text-editor.default\">\n\t\t\t\t<div class=\"elementor-widget-container\">\n\t\t\t\t\t\t\t<p>Dan\u0131\u015fmanl\u0131k, enerji verimlili\u011fini art\u0131rarak maliyet tasarrufu sa\u011flar.<\/p>\t\t\t\t\t\t<\/div>\n\t\t\t\t<\/div>\n\t\t\t\t\t<\/div>\n\t\t<\/div>\n\t\t\t\t<div class=\"elementor-column elementor-col-33 elementor-top-column elementor-element elementor-element-79c6426a\" data-id=\"79c6426a\" data-element_type=\"column\">\n\t\t\t<div class=\"elementor-widget-wrap elementor-element-populated\">\n\t\t\t\t\t\t<div class=\"elementor-element elementor-element-177b644a elementor-widget elementor-widget-heading\" data-id=\"177b644a\" data-element_type=\"widget\" data-widget_type=\"heading.default\">\n\t\t\t\t<div class=\"elementor-widget-container\">\n\t\t\t<h5 class=\"elementor-heading-title elementor-size-default\">Profesyonel Bilgi ve Deneyim<\/h5>\t\t<\/div>\n\t\t\t\t<\/div>\n\t\t\t\t<div class=\"elementor-element elementor-element-86ba4f elementor-widget elementor-widget-text-editor\" data-id=\"86ba4f\" data-element_type=\"widget\" data-widget_type=\"text-editor.default\">\n\t\t\t\t<div class=\"elementor-widget-container\">\n\t\t\t\t\t\t\t<p>Uzmanlar, projelerde en iyi sonu\u00e7lar\u0131 elde etmek i\u00e7in teknik bilgi ve deneyim sunar.<\/p>\t\t\t\t\t\t<\/div>\n\t\t\t\t<\/div>\n\t\t\t\t\t<\/div>\n\t\t<\/div>\n\t\t\t\t\t<\/div>\n\t\t<\/section>\n\t\t\t\t<\/div>","protected":false},"excerpt":{"rendered":"<p>Elektrik M\u00fchendisli\u011fi, elektrik enerjisinin \u00fcretimi, iletimi, da\u011f\u0131t\u0131m\u0131 ve kullan\u0131m\u0131n\u0131 i\u00e7eren geni\u015f bir m\u00fchendislik disiplinidir.<\/p>","protected":false},"author":1,"featured_media":988007,"parent":138,"menu_order":0,"comment_status":"closed","ping_status":"closed","template":"","meta":{"footnotes":""},"class_list":["post-987738","page","type-page","status-publish","has-post-thumbnail","hentry"],"_links":{"self":[{"href":"https:\/\/www.egesmuhendislik.com.tr\/de\/wp-json\/wp\/v2\/pages\/987738","targetHints":{"allow":["GET"]}}],"collection":[{"href":"https:\/\/www.egesmuhendislik.com.tr\/de\/wp-json\/wp\/v2\/pages"}],"about":[{"href":"https:\/\/www.egesmuhendislik.com.tr\/de\/wp-json\/wp\/v2\/types\/page"}],"author":[{"embeddable":true,"href":"https:\/\/www.egesmuhendislik.com.tr\/de\/wp-json\/wp\/v2\/users\/1"}],"replies":[{"embeddable":true,"href":"https:\/\/www.egesmuhendislik.com.tr\/de\/wp-json\/wp\/v2\/comments?post=987738"}],"version-history":[{"count":8,"href":"https:\/\/www.egesmuhendislik.com.tr\/de\/wp-json\/wp\/v2\/pages\/987738\/revisions"}],"predecessor-version":[{"id":988692,"href":"https:\/\/www.egesmuhendislik.com.tr\/de\/wp-json\/wp\/v2\/pages\/987738\/revisions\/988692"}],"up":[{"embeddable":true,"href":"https:\/\/www.egesmuhendislik.com.tr\/de\/wp-json\/wp\/v2\/pages\/138"}],"wp:featuredmedia":[{"embeddable":true,"href":"https:\/\/www.egesmuhendislik.com.tr\/de\/wp-json\/wp\/v2\/media\/988007"}],"wp:attachment":[{"href":"https:\/\/www.egesmuhendislik.com.tr\/de\/wp-json\/wp\/v2\/media?parent=987738"}],"curies":[{"name":"wp","href":"https:\/\/api.w.org\/{rel}","templated":true}]}}