{"id":585,"date":"2023-08-02T11:49:13","date_gmt":"2023-08-02T11:49:13","guid":{"rendered":"https:\/\/fabrik.vamtam.com\/?page_id=585"},"modified":"2024-10-14T16:42:50","modified_gmt":"2024-10-14T13:42:50","slug":"res-projeleri","status":"publish","type":"page","link":"https:\/\/www.egesmuhendislik.com.tr\/az\/cozumlerimiz\/res-projeleri\/","title":{"rendered":"RES Projeleri"},"content":{"rendered":"<div data-elementor-type=\"wp-page\" data-elementor-id=\"585\" class=\"elementor elementor-585\" data-elementor-post-type=\"page\">\n\t\t\t\t\t\t<section class=\"elementor-section elementor-top-section elementor-element elementor-element-15540fd6 elementor-section-boxed elementor-section-height-default elementor-section-height-default\" data-id=\"15540fd6\" data-element_type=\"section\">\n\t\t\t\t\t\t<div class=\"elementor-container elementor-column-gap-no\">\n\t\t\t\t\t<div class=\"elementor-column elementor-col-33 elementor-top-column elementor-element elementor-element-4a7a81f7\" data-id=\"4a7a81f7\" data-element_type=\"column\">\n\t\t\t<div class=\"elementor-widget-wrap elementor-element-populated\">\n\t\t\t\t\t\t<div class=\"elementor-element elementor-element-7176763f elementor-invisible elementor-widget elementor-widget-heading\" data-id=\"7176763f\" data-element_type=\"widget\" data-settings=\"{&quot;_animation&quot;:&quot;fadeIn&quot;,&quot;_animation_tablet&quot;:&quot;none&quot;,&quot;_animation_delay&quot;:200}\" data-widget_type=\"heading.default\">\n\t\t\t\t<div class=\"elementor-widget-container\">\n\t\t\t<style>\/*! elementor - v3.23.0 - 05-08-2024 *\/\n.elementor-heading-title{padding:0;margin:0;line-height:1}.elementor-widget-heading .elementor-heading-title[class*=elementor-size-]>a{color:inherit;font-size:inherit;line-height:inherit}.elementor-widget-heading .elementor-heading-title.elementor-size-small{font-size:15px}.elementor-widget-heading .elementor-heading-title.elementor-size-medium{font-size:19px}.elementor-widget-heading .elementor-heading-title.elementor-size-large{font-size:29px}.elementor-widget-heading .elementor-heading-title.elementor-size-xl{font-size:39px}.elementor-widget-heading .elementor-heading-title.elementor-size-xxl{font-size:59px}<\/style><h2 class=\"elementor-heading-title elementor-size-default\">RES Projeleri<\/h2>\t\t<\/div>\n\t\t\t\t<\/div>\n\t\t\t\t\t<\/div>\n\t\t<\/div>\n\t\t\t\t<div class=\"elementor-column elementor-col-33 elementor-top-column elementor-element elementor-element-707c3130 elementor-hidden-mobile\" data-id=\"707c3130\" data-element_type=\"column\">\n\t\t\t<div class=\"elementor-widget-wrap elementor-element-populated\">\n\t\t\t\t\t\t<div class=\"elementor-element elementor-element-53eeafaa elementor-widget elementor-widget-spacer\" data-id=\"53eeafaa\" data-element_type=\"widget\" data-widget_type=\"spacer.default\">\n\t\t\t\t<div class=\"elementor-widget-container\">\n\t\t\t<style>\/*! elementor - v3.23.0 - 05-08-2024 *\/\n.elementor-column .elementor-spacer-inner{height:var(--spacer-size)}.e-con{--container-widget-width:100%}.e-con-inner>.elementor-widget-spacer,.e-con>.elementor-widget-spacer{width:var(--container-widget-width,var(--spacer-size));--align-self:var(--container-widget-align-self,initial);--flex-shrink:0}.e-con-inner>.elementor-widget-spacer>.elementor-widget-container,.e-con>.elementor-widget-spacer>.elementor-widget-container{height:100%;width:100%}.e-con-inner>.elementor-widget-spacer>.elementor-widget-container>.elementor-spacer,.e-con>.elementor-widget-spacer>.elementor-widget-container>.elementor-spacer{height:100%}.e-con-inner>.elementor-widget-spacer>.elementor-widget-container>.elementor-spacer>.elementor-spacer-inner,.e-con>.elementor-widget-spacer>.elementor-widget-container>.elementor-spacer>.elementor-spacer-inner{height:var(--container-widget-height,var(--spacer-size))}.e-con-inner>.elementor-widget-spacer.elementor-widget-empty,.e-con>.elementor-widget-spacer.elementor-widget-empty{position:relative;min-height:22px;min-width:22px}.e-con-inner>.elementor-widget-spacer.elementor-widget-empty .elementor-widget-empty-icon,.e-con>.elementor-widget-spacer.elementor-widget-empty .elementor-widget-empty-icon{position:absolute;top:0;bottom:0;left:0;right:0;margin:auto;padding:0;width:22px;height:22px}<\/style>\t\t<div class=\"elementor-spacer\">\n\t\t\t<div class=\"elementor-spacer-inner\"><\/div>\n\t\t<\/div>\n\t\t\t\t<\/div>\n\t\t\t\t<\/div>\n\t\t\t\t\t<\/div>\n\t\t<\/div>\n\t\t\t\t<div class=\"elementor-column elementor-col-33 elementor-top-column elementor-element elementor-element-2bed8e6f elementor-hidden-mobile\" data-id=\"2bed8e6f\" data-element_type=\"column\">\n\t\t\t<div class=\"elementor-widget-wrap elementor-element-populated\">\n\t\t\t\t\t\t<div class=\"elementor-element elementor-element-ca2772b elementor-widget elementor-widget-spacer\" data-id=\"ca2772b\" data-element_type=\"widget\" data-widget_type=\"spacer.default\">\n\t\t\t\t<div class=\"elementor-widget-container\">\n\t\t\t\t\t<div class=\"elementor-spacer\">\n\t\t\t<div class=\"elementor-spacer-inner\"><\/div>\n\t\t<\/div>\n\t\t\t\t<\/div>\n\t\t\t\t<\/div>\n\t\t\t\t\t<\/div>\n\t\t<\/div>\n\t\t\t\t\t<\/div>\n\t\t<\/section>\n\t\t\t\t<section class=\"elementor-section elementor-top-section elementor-element elementor-element-3a0dbbc6 elementor-section-boxed elementor-section-height-default elementor-section-height-default\" data-id=\"3a0dbbc6\" data-element_type=\"section\">\n\t\t\t\t\t\t<div class=\"elementor-container elementor-column-gap-no\">\n\t\t\t\t\t<div class=\"elementor-column elementor-col-33 elementor-top-column elementor-element elementor-element-fa0e8e8\" data-id=\"fa0e8e8\" data-element_type=\"column\" data-settings=\"{&quot;background_background&quot;:&quot;classic&quot;}\">\n\t\t\t<div class=\"elementor-widget-wrap elementor-element-populated\">\n\t\t\t\t\t\t<div class=\"elementor-element elementor-element-6eb7903f elementor-widget elementor-widget-text-editor\" data-id=\"6eb7903f\" data-element_type=\"widget\" data-widget_type=\"text-editor.default\">\n\t\t\t\t<div class=\"elementor-widget-container\">\n\t\t\t<style>\/*! elementor - v3.23.0 - 05-08-2024 *\/\n.elementor-widget-text-editor.elementor-drop-cap-view-stacked .elementor-drop-cap{background-color:#69727d;color:#fff}.elementor-widget-text-editor.elementor-drop-cap-view-framed .elementor-drop-cap{color:#69727d;border:3px solid;background-color:transparent}.elementor-widget-text-editor:not(.elementor-drop-cap-view-default) .elementor-drop-cap{margin-top:8px}.elementor-widget-text-editor:not(.elementor-drop-cap-view-default) .elementor-drop-cap-letter{width:1em;height:1em}.elementor-widget-text-editor .elementor-drop-cap{float:left;text-align:center;line-height:1;font-size:50px}.elementor-widget-text-editor .elementor-drop-cap-letter{display:inline-block}<\/style>\t\t\t\t<ul><li><p>RES (R\u00fczgar Enerjisi Santrali) projeleri, r\u00fczgar enerjisinin elektrik enerjisine d\u00f6n\u00fc\u015ft\u00fcr\u00fclmesi amac\u0131yla tasarlanm\u0131\u015f tesislerdir. Bu projeler, s\u00fcrd\u00fcr\u00fclebilir enerji \u00fcretimi ve \u00e7evresel etkilerin azalt\u0131lmas\u0131 a\u00e7\u0131s\u0131ndan \u00f6nemlidir. \u0130\u015fte RES projeleri hakk\u0131nda baz\u0131 temel bilgiler:<\/p><h3>Proje A\u015famalar\u0131<\/h3><ol><li><p><strong>\u00d6n Fizibilite \u00c7al\u0131\u015fmalar\u0131:<\/strong><\/p><ul><li>R\u00fczgar h\u0131z\u0131n\u0131n ve y\u00f6n\u00fcn\u00fcn \u00f6l\u00e7\u00fclmesi i\u00e7in anemometre ile veri toplanmas\u0131.<\/li><li>Arazi uygunlu\u011funun de\u011ferlendirilmesi.<\/li><\/ul><\/li><li><p><strong>Fizibilite \u00c7al\u0131\u015fmalar\u0131:<\/strong><\/p><ul><li>Ekonomik, teknik ve \u00e7evresel analizlerin yap\u0131lmas\u0131.<\/li><li>Yat\u0131r\u0131m maliyetlerinin hesaplanmas\u0131 ve geri d\u00f6n\u00fc\u015f s\u00fcrelerinin belirlenmesi.<\/li><\/ul><\/li><li><p><strong>\u0130zin S\u00fcre\u00e7leri:<\/strong><\/p><ul><li>Yerel ve ulusal d\u00fczeyde gerekli izinlerin al\u0131nmas\u0131.<\/li><li>\u00c7evresel etki de\u011ferlendirmesi (\u00c7ED) raporlar\u0131n\u0131n haz\u0131rlanmas\u0131.<\/li><\/ul><\/li><li><p><strong>Proje Tasar\u0131m\u0131:<\/strong><\/p><ul><li>R\u00fczgar t\u00fcrbini yerle\u015fimi, altyap\u0131 planlamas\u0131 ve elektrik ba\u011flant\u0131lar\u0131.<\/li><li>Enerji \u00fcretim kapasitesinin hesaplanmas\u0131.<\/li><\/ul><\/li><li><p><strong>\u0130n\u015faat A\u015famas\u0131:<\/strong><\/p><ul><li>T\u00fcrbinlerin kurulumu, enerji iletim hatlar\u0131n\u0131n d\u00f6\u015fenmesi.<\/li><li>Altyap\u0131 in\u015faat\u0131 ve ba\u011flant\u0131 noktalar\u0131n\u0131n olu\u015fturulmas\u0131.<\/li><\/ul><\/li><li><p><strong>\u0130\u015fletme ve Bak\u0131m:<\/strong><\/p><ul><li>RES\u2019in i\u015fletmeye al\u0131nmas\u0131.<\/li><li>D\u00fczenli bak\u0131m ve izleme s\u00fcre\u00e7lerinin y\u00fcr\u00fct\u00fclmesi.<\/li><\/ul><\/li><\/ol><\/li><\/ul>\t\t\t\t\t\t<\/div>\n\t\t\t\t<\/div>\n\t\t\t\t\t<\/div>\n\t\t<\/div>\n\t\t\t\t<div class=\"elementor-column elementor-col-33 elementor-top-column elementor-element elementor-element-4cdd8e09\" data-id=\"4cdd8e09\" data-element_type=\"column\">\n\t\t\t<div class=\"elementor-widget-wrap elementor-element-populated\">\n\t\t\t\t\t\t<div class=\"elementor-element elementor-element-2529c846 elementor-widget elementor-widget-image\" data-id=\"2529c846\" data-element_type=\"widget\" data-settings=\"{&quot;motion_fx_motion_fx_scrolling&quot;:&quot;yes&quot;,&quot;motion_fx_translateY_effect&quot;:&quot;yes&quot;,&quot;motion_fx_translateY_speed&quot;:{&quot;unit&quot;:&quot;px&quot;,&quot;size&quot;:1,&quot;sizes&quot;:[]},&quot;motion_fx_devices&quot;:[&quot;desktop&quot;],&quot;motion_fx_translateY_direction&quot;:&quot;negative&quot;,&quot;motion_fx_translateY_affectedRange&quot;:{&quot;unit&quot;:&quot;%&quot;,&quot;size&quot;:&quot;&quot;,&quot;sizes&quot;:{&quot;start&quot;:0,&quot;end&quot;:100}}}\" data-widget_type=\"image.default\">\n\t\t\t\t<div class=\"elementor-widget-container\">\n\t\t\t<style>\/*! elementor - v3.23.0 - 05-08-2024 *\/\n.elementor-widget-image{text-align:center}.elementor-widget-image a{display:inline-block}.elementor-widget-image a img[src$=\".svg\"]{width:48px}.elementor-widget-image img{vertical-align:middle;display:inline-block}<\/style>\t\t\t\t\t\t\t\t\t\t<img fetchpriority=\"high\" decoding=\"async\" width=\"1024\" height=\"1024\" src=\"https:\/\/www.egesmuhendislik.com.tr\/wp-content\/uploads\/2024\/10\/res-1-1024x1024.jpg\" class=\"attachment-large size-large wp-image-988500\" alt=\"\" srcset=\"https:\/\/www.egesmuhendislik.com.tr\/wp-content\/uploads\/2024\/10\/res-1-1024x1024.jpg 1024w, https:\/\/www.egesmuhendislik.com.tr\/wp-content\/uploads\/2024\/10\/res-1-300x300.jpg 300w, https:\/\/www.egesmuhendislik.com.tr\/wp-content\/uploads\/2024\/10\/res-1-150x150.jpg 150w, https:\/\/www.egesmuhendislik.com.tr\/wp-content\/uploads\/2024\/10\/res-1-768x768.jpg 768w, https:\/\/www.egesmuhendislik.com.tr\/wp-content\/uploads\/2024\/10\/res-1-1536x1536.jpg 1536w, https:\/\/www.egesmuhendislik.com.tr\/wp-content\/uploads\/2024\/10\/res-1-2048x2048.jpg 2048w\" sizes=\"(max-width: 1024px) 100vw, 1024px\" \/>\t\t\t\t\t\t\t\t\t\t\t\t\t<\/div>\n\t\t\t\t<\/div>\n\t\t\t\t\t<\/div>\n\t\t<\/div>\n\t\t\t\t<div class=\"elementor-column elementor-col-33 elementor-top-column elementor-element elementor-element-6913a95b\" data-id=\"6913a95b\" data-element_type=\"column\">\n\t\t\t<div class=\"elementor-widget-wrap elementor-element-populated\">\n\t\t\t\t\t\t<div class=\"elementor-element elementor-element-43cec5fe elementor-widget elementor-widget-image\" data-id=\"43cec5fe\" data-element_type=\"widget\" data-settings=\"{&quot;motion_fx_motion_fx_scrolling&quot;:&quot;yes&quot;,&quot;motion_fx_translateY_effect&quot;:&quot;yes&quot;,&quot;motion_fx_translateY_speed&quot;:{&quot;unit&quot;:&quot;px&quot;,&quot;size&quot;:1,&quot;sizes&quot;:[]},&quot;motion_fx_devices&quot;:[&quot;desktop&quot;],&quot;motion_fx_translateY_affectedRange&quot;:{&quot;unit&quot;:&quot;%&quot;,&quot;size&quot;:&quot;&quot;,&quot;sizes&quot;:{&quot;start&quot;:0,&quot;end&quot;:100}}}\" data-widget_type=\"image.default\">\n\t\t\t\t<div class=\"elementor-widget-container\">\n\t\t\t\t\t\t\t\t\t\t\t\t\t<img decoding=\"async\" width=\"683\" height=\"1024\" src=\"https:\/\/www.egesmuhendislik.com.tr\/wp-content\/uploads\/2024\/10\/res-2-683x1024.jpg\" class=\"attachment-large size-large wp-image-988502\" alt=\"\" srcset=\"https:\/\/www.egesmuhendislik.com.tr\/wp-content\/uploads\/2024\/10\/res-2-683x1024.jpg 683w, https:\/\/www.egesmuhendislik.com.tr\/wp-content\/uploads\/2024\/10\/res-2-200x300.jpg 200w, https:\/\/www.egesmuhendislik.com.tr\/wp-content\/uploads\/2024\/10\/res-2-768x1152.jpg 768w, https:\/\/www.egesmuhendislik.com.tr\/wp-content\/uploads\/2024\/10\/res-2-1024x1536.jpg 1024w, https:\/\/www.egesmuhendislik.com.tr\/wp-content\/uploads\/2024\/10\/res-2-1366x2048.jpg 1366w, https:\/\/www.egesmuhendislik.com.tr\/wp-content\/uploads\/2024\/10\/res-2-scaled.jpg 1707w\" sizes=\"(max-width: 683px) 100vw, 683px\" \/>\t\t\t\t\t\t\t\t\t\t\t\t\t<\/div>\n\t\t\t\t<\/div>\n\t\t\t\t\t<\/div>\n\t\t<\/div>\n\t\t\t\t\t<\/div>\n\t\t<\/section>\n\t\t\t\t<section class=\"elementor-section elementor-top-section elementor-element elementor-element-89fe595 elementor-section-content-top elementor-section-boxed elementor-section-height-default elementor-section-height-default\" data-id=\"89fe595\" data-element_type=\"section\" data-settings=\"{&quot;background_background&quot;:&quot;classic&quot;}\">\n\t\t\t\t\t\t<div class=\"elementor-container elementor-column-gap-no\">\n\t\t\t\t\t<div class=\"elementor-column elementor-col-33 elementor-top-column elementor-element elementor-element-88ff965\" data-id=\"88ff965\" data-element_type=\"column\">\n\t\t\t<div class=\"elementor-widget-wrap elementor-element-populated\">\n\t\t\t\t\t\t<div class=\"elementor-element elementor-element-67b6b2c elementor-invisible elementor-widget elementor-widget-heading\" data-id=\"67b6b2c\" data-element_type=\"widget\" data-settings=\"{&quot;_animation&quot;:&quot;fadeIn&quot;,&quot;_animation_delay&quot;:200}\" data-widget_type=\"heading.default\">\n\t\t\t\t<div class=\"elementor-widget-container\">\n\t\t\t<h2 class=\"elementor-heading-title elementor-size-default\">Avantajlar<\/h2>\t\t<\/div>\n\t\t\t\t<\/div>\n\t\t\t\t\t<\/div>\n\t\t<\/div>\n\t\t\t\t<div class=\"elementor-column elementor-col-66 elementor-top-column elementor-element elementor-element-dcce246\" data-id=\"dcce246\" data-element_type=\"column\">\n\t\t\t<div class=\"elementor-widget-wrap elementor-element-populated\">\n\t\t\t\t\t\t<div class=\"elementor-element elementor-element-5d2acdc elementor-widget elementor-widget-text-editor\" data-id=\"5d2acdc\" data-element_type=\"widget\" data-widget_type=\"text-editor.default\">\n\t\t\t\t<div class=\"elementor-widget-container\">\n\t\t\t\t\t\t\t<ul><li><ul><li><strong>S\u00fcrd\u00fcr\u00fclebilir Enerji:<\/strong> Fosil yak\u0131tlar\u0131n kullan\u0131m\u0131n\u0131 azaltarak \u00e7evresel etkileri en aza indirir.<\/li><li><strong>Enerji G\u00fcvenli\u011fi:<\/strong> Yerli enerji kaynaklar\u0131 kullanarak d\u0131\u015fa ba\u011f\u0131ml\u0131l\u0131\u011f\u0131 azalt\u0131r.<\/li><li><strong>Ekonomik Faydalar:<\/strong> \u0130stihdam yaratma ve yerel ekonomilere katk\u0131 sa\u011flar.<\/li><\/ul><\/li><\/ul>\t\t\t\t\t\t<\/div>\n\t\t\t\t<\/div>\n\t\t\t\t\t<\/div>\n\t\t<\/div>\n\t\t\t\t\t<\/div>\n\t\t<\/section>\n\t\t\t\t<section class=\"elementor-section elementor-top-section elementor-element elementor-element-56d577bc elementor-section-height-min-height elementor-section-items-stretch elementor-section-boxed elementor-section-height-default\" data-id=\"56d577bc\" data-element_type=\"section\" data-settings=\"{&quot;background_background&quot;:&quot;gradient&quot;}\">\n\t\t\t\t\t\t<div class=\"elementor-container elementor-column-gap-no\">\n\t\t\t\t\t<div class=\"elementor-column elementor-col-100 elementor-top-column elementor-element elementor-element-50cdf1a4\" data-id=\"50cdf1a4\" data-element_type=\"column\" data-settings=\"{&quot;background_background&quot;:&quot;classic&quot;,&quot;background_motion_fx_scale_effect&quot;:&quot;yes&quot;,&quot;background_motion_fx_scale_speed&quot;:{&quot;unit&quot;:&quot;px&quot;,&quot;size&quot;:1,&quot;sizes&quot;:[]},&quot;background_motion_fx_devices&quot;:[&quot;desktop&quot;],&quot;background_motion_fx_motion_fx_scrolling&quot;:&quot;yes&quot;,&quot;background_motion_fx_scale_direction&quot;:&quot;out-in&quot;,&quot;background_motion_fx_scale_range&quot;:{&quot;unit&quot;:&quot;%&quot;,&quot;size&quot;:&quot;&quot;,&quot;sizes&quot;:{&quot;start&quot;:20,&quot;end&quot;:80}}}\">\n\t\t\t<div class=\"elementor-widget-wrap elementor-element-populated\">\n\t\t\t\t\t\t<div class=\"elementor-element elementor-element-4ab7f447 elementor-widget elementor-widget-spacer\" data-id=\"4ab7f447\" data-element_type=\"widget\" data-widget_type=\"spacer.default\">\n\t\t\t\t<div class=\"elementor-widget-container\">\n\t\t\t\t\t<div class=\"elementor-spacer\">\n\t\t\t<div class=\"elementor-spacer-inner\"><\/div>\n\t\t<\/div>\n\t\t\t\t<\/div>\n\t\t\t\t<\/div>\n\t\t\t\t\t<\/div>\n\t\t<\/div>\n\t\t\t\t\t<\/div>\n\t\t<\/section>\n\t\t\t\t<section class=\"elementor-section elementor-top-section elementor-element elementor-element-28426fa8 elementor-section-boxed elementor-section-height-default elementor-section-height-default\" data-id=\"28426fa8\" data-element_type=\"section\">\n\t\t\t\t\t\t<div class=\"elementor-container elementor-column-gap-no\">\n\t\t\t\t\t<div class=\"elementor-column elementor-col-33 elementor-top-column elementor-element elementor-element-2d7e4c15\" data-id=\"2d7e4c15\" data-element_type=\"column\">\n\t\t\t<div class=\"elementor-widget-wrap elementor-element-populated\">\n\t\t\t\t\t\t<div class=\"elementor-element elementor-element-2f129c9b elementor-widget elementor-widget-heading\" data-id=\"2f129c9b\" data-element_type=\"widget\" data-widget_type=\"heading.default\">\n\t\t\t\t<div class=\"elementor-widget-container\">\n\t\t\t<h5 class=\"elementor-heading-title elementor-size-default\">Yer Se\u00e7imi: <\/h5>\t\t<\/div>\n\t\t\t\t<\/div>\n\t\t\t\t<div class=\"elementor-element elementor-element-1d39f985 elementor-widget elementor-widget-text-editor\" data-id=\"1d39f985\" data-element_type=\"widget\" data-widget_type=\"text-editor.default\">\n\t\t\t\t<div class=\"elementor-widget-container\">\n\t\t\t\t\t\t\t<ul><li>Uygun alanlar\u0131n bulunmas\u0131 ve toplumsal kabul.<\/li><\/ul>\t\t\t\t\t\t<\/div>\n\t\t\t\t<\/div>\n\t\t\t\t\t<\/div>\n\t\t<\/div>\n\t\t\t\t<div class=\"elementor-column elementor-col-33 elementor-top-column elementor-element elementor-element-3f548936\" data-id=\"3f548936\" data-element_type=\"column\">\n\t\t\t<div class=\"elementor-widget-wrap elementor-element-populated\">\n\t\t\t\t\t\t<div class=\"elementor-element elementor-element-62a2346f elementor-view-default elementor-widget elementor-widget-icon\" data-id=\"62a2346f\" data-element_type=\"widget\" data-settings=\"{&quot;motion_fx_motion_fx_scrolling&quot;:&quot;yes&quot;,&quot;motion_fx_translateY_effect&quot;:&quot;yes&quot;,&quot;motion_fx_translateY_speed&quot;:{&quot;unit&quot;:&quot;px&quot;,&quot;size&quot;:1,&quot;sizes&quot;:[]},&quot;motion_fx_devices&quot;:[&quot;desktop&quot;],&quot;motion_fx_translateY_affectedRange&quot;:{&quot;unit&quot;:&quot;%&quot;,&quot;size&quot;:&quot;&quot;,&quot;sizes&quot;:{&quot;start&quot;:0,&quot;end&quot;:100}}}\" data-widget_type=\"icon.default\">\n\t\t\t\t<div class=\"elementor-widget-container\">\n\t\t\t\t\t<div class=\"elementor-icon-wrapper\">\n\t\t\t<div class=\"elementor-icon\">\n\t\t\t<svg aria-hidden=\"true\" class=\"e-font-icon-svg e-fas-user-injured\" viewbox=\"0 0 448 512\" xmlns=\"http:\/\/www.w3.org\/2000\/svg\"><path d=\"M277.37 11.98C261.08 4.47 243.11 0 224 0c-53.69 0-99.5 33.13-118.51 80h81.19l90.69-68.02zM342.51 80c-7.9-19.47-20.67-36.2-36.49-49.52L239.99 80h102.52zM224 256c70.69 0 128-57.31 128-128 0-5.48-.95-10.7-1.61-16H97.61c-.67 5.3-1.61 10.52-1.61 16 0 70.69 57.31 128 128 128zM80 299.7V512h128.26l-98.45-221.52A132.835 132.835 0 0 0 80 299.7zM0 464c0 26.51 21.49 48 48 48V320.24C18.88 344.89 0 381.26 0 422.4V464zm256-48h-55.38l42.67 96H256c26.47 0 48-21.53 48-48s-21.53-48-48-48zm57.6-128h-16.71c-22.24 10.18-46.88 16-72.89 16s-50.65-5.82-72.89-16h-7.37l42.67 96H256c44.11 0 80 35.89 80 80 0 18.08-6.26 34.59-16.41 48H400c26.51 0 48-21.49 48-48v-41.6c0-74.23-60.17-134.4-134.4-134.4z\"><\/path><\/svg>\t\t\t<\/div>\n\t\t<\/div>\n\t\t\t\t<\/div>\n\t\t\t\t<\/div>\n\t\t\t\t<div class=\"elementor-element elementor-element-637b4d85 elementor-widget elementor-widget-heading\" data-id=\"637b4d85\" data-element_type=\"widget\" data-widget_type=\"heading.default\">\n\t\t\t\t<div class=\"elementor-widget-container\">\n\t\t\t<h5 class=\"elementor-heading-title elementor-size-default\">\u00c7evresel Etkiler: <\/h5>\t\t<\/div>\n\t\t\t\t<\/div>\n\t\t\t\t<div class=\"elementor-element elementor-element-4aaa04f9 elementor-widget elementor-widget-text-editor\" data-id=\"4aaa04f9\" data-element_type=\"widget\" data-widget_type=\"text-editor.default\">\n\t\t\t\t<div class=\"elementor-widget-container\">\n\t\t\t\t\t\t\t<ul><li>Ku\u015f g\u00f6\u00e7 yollar\u0131 ve yerel ekosistemler \u00fczerindeki olas\u0131 etkiler.<\/li><\/ul>\t\t\t\t\t\t<\/div>\n\t\t\t\t<\/div>\n\t\t\t\t\t<\/div>\n\t\t<\/div>\n\t\t\t\t<div class=\"elementor-column elementor-col-33 elementor-top-column elementor-element elementor-element-7b653910\" data-id=\"7b653910\" data-element_type=\"column\">\n\t\t\t<div class=\"elementor-widget-wrap elementor-element-populated\">\n\t\t\t\t\t\t<div class=\"elementor-element elementor-element-618484a9 elementor-widget elementor-widget-heading\" data-id=\"618484a9\" data-element_type=\"widget\" data-widget_type=\"heading.default\">\n\t\t\t\t<div class=\"elementor-widget-container\">\n\t\t\t<h5 class=\"elementor-heading-title elementor-size-default\">Maliyet: <\/h5>\t\t<\/div>\n\t\t\t\t<\/div>\n\t\t\t\t<div class=\"elementor-element elementor-element-34a46c3d elementor-widget elementor-widget-text-editor\" data-id=\"34a46c3d\" data-element_type=\"widget\" data-widget_type=\"text-editor.default\">\n\t\t\t\t<div class=\"elementor-widget-container\">\n\t\t\t\t\t\t\t<ul><li>Y\u00fcksek ba\u015flang\u0131\u00e7 yat\u0131r\u0131m\u0131 ve maliyetlerin y\u00f6netimi.<\/li><\/ul>\t\t\t\t\t\t<\/div>\n\t\t\t\t<\/div>\n\t\t\t\t\t<\/div>\n\t\t<\/div>\n\t\t\t\t\t<\/div>\n\t\t<\/section>\n\t\t\t\t<\/div>","protected":false},"excerpt":{"rendered":"<p>T\u00fcrkiye, r\u00fczgar enerjisi potansiyeli y\u00fcksek \u00fclkelerden biridir. Son y\u0131llarda bir\u00e7ok RES projesi hayata ge\u00e7irilmi\u015f ve r\u00fczgar enerjisi, enerji \u00fcretiminde \u00f6nemli bir yer edinmi\u015ftir. \u00d6zellikle Ege ve Marmara b\u00f6lgeleri, r\u00fczgar enerjisi potansiyeli bak\u0131m\u0131ndan \u00f6ne \u00e7\u0131kmaktad\u0131r.<\/p>\n<p>RES projeleri, hem enerji ihtiya\u00e7lar\u0131n\u0131 kar\u015f\u0131lamak hem de \u00e7evresel s\u00fcrd\u00fcr\u00fclebilirlik hedeflerine ula\u015fmak i\u00e7in kritik bir rol oynamaktad\u0131r. <\/p>","protected":false},"author":1,"featured_media":988501,"parent":138,"menu_order":0,"comment_status":"closed","ping_status":"closed","template":"","meta":{"footnotes":""},"class_list":["post-585","page","type-page","status-publish","has-post-thumbnail","hentry"],"_links":{"self":[{"href":"https:\/\/www.egesmuhendislik.com.tr\/az\/wp-json\/wp\/v2\/pages\/585","targetHints":{"allow":["GET"]}}],"collection":[{"href":"https:\/\/www.egesmuhendislik.com.tr\/az\/wp-json\/wp\/v2\/pages"}],"about":[{"href":"https:\/\/www.egesmuhendislik.com.tr\/az\/wp-json\/wp\/v2\/types\/page"}],"author":[{"embeddable":true,"href":"https:\/\/www.egesmuhendislik.com.tr\/az\/wp-json\/wp\/v2\/users\/1"}],"replies":[{"embeddable":true,"href":"https:\/\/www.egesmuhendislik.com.tr\/az\/wp-json\/wp\/v2\/comments?post=585"}],"version-history":[{"count":13,"href":"https:\/\/www.egesmuhendislik.com.tr\/az\/wp-json\/wp\/v2\/pages\/585\/revisions"}],"predecessor-version":[{"id":988505,"href":"https:\/\/www.egesmuhendislik.com.tr\/az\/wp-json\/wp\/v2\/pages\/585\/revisions\/988505"}],"up":[{"embeddable":true,"href":"https:\/\/www.egesmuhendislik.com.tr\/az\/wp-json\/wp\/v2\/pages\/138"}],"wp:featuredmedia":[{"embeddable":true,"href":"https:\/\/www.egesmuhendislik.com.tr\/az\/wp-json\/wp\/v2\/media\/988501"}],"wp:attachment":[{"href":"https:\/\/www.egesmuhendislik.com.tr\/az\/wp-json\/wp\/v2\/media?parent=585"}],"curies":[{"name":"wp","href":"https:\/\/api.w.org\/{rel}","templated":true}]}}