{"id":3252,"date":"2023-08-14T17:05:32","date_gmt":"2023-08-14T17:05:32","guid":{"rendered":"https:\/\/fabrik.vamtam.com\/?page_id=3252"},"modified":"2025-06-02T00:22:56","modified_gmt":"2025-06-01T21:22:56","slug":"orta-gerilim-projelendirme","status":"publish","type":"page","link":"https:\/\/www.egesmuhendislik.com.tr\/az\/cozumlerimiz\/orta-gerilim-projelendirme\/","title":{"rendered":"Orta Gerilim Projelendirme"},"content":{"rendered":"<div data-elementor-type=\"wp-page\" data-elementor-id=\"3252\" class=\"elementor elementor-3252\" data-elementor-post-type=\"page\">\n\t\t\t\t\t\t<section class=\"elementor-section elementor-top-section elementor-element elementor-element-52c03d1a elementor-section-boxed elementor-section-height-default elementor-section-height-default\" data-id=\"52c03d1a\" data-element_type=\"section\">\n\t\t\t\t\t\t<div class=\"elementor-container elementor-column-gap-no\">\n\t\t\t\t\t<div class=\"elementor-column elementor-col-33 elementor-top-column elementor-element elementor-element-137b1fb\" data-id=\"137b1fb\" data-element_type=\"column\">\n\t\t\t<div class=\"elementor-widget-wrap elementor-element-populated\">\n\t\t\t\t\t\t<div class=\"elementor-element elementor-element-51004ff elementor-invisible elementor-widget elementor-widget-heading\" data-id=\"51004ff\" data-element_type=\"widget\" data-settings=\"{&quot;_animation&quot;:&quot;fadeIn&quot;,&quot;_animation_tablet&quot;:&quot;none&quot;,&quot;_animation_delay&quot;:200}\" data-widget_type=\"heading.default\">\n\t\t\t\t<div class=\"elementor-widget-container\">\n\t\t\t<style>\/*! elementor - v3.23.0 - 05-08-2024 *\/\n.elementor-heading-title{padding:0;margin:0;line-height:1}.elementor-widget-heading .elementor-heading-title[class*=elementor-size-]>a{color:inherit;font-size:inherit;line-height:inherit}.elementor-widget-heading .elementor-heading-title.elementor-size-small{font-size:15px}.elementor-widget-heading .elementor-heading-title.elementor-size-medium{font-size:19px}.elementor-widget-heading .elementor-heading-title.elementor-size-large{font-size:29px}.elementor-widget-heading .elementor-heading-title.elementor-size-xl{font-size:39px}.elementor-widget-heading .elementor-heading-title.elementor-size-xxl{font-size:59px}<\/style><h2 class=\"elementor-heading-title elementor-size-default\">Orta Gerilim<\/h2>\t\t<\/div>\n\t\t\t\t<\/div>\n\t\t\t\t\t<\/div>\n\t\t<\/div>\n\t\t\t\t<div class=\"elementor-column elementor-col-33 elementor-top-column elementor-element elementor-element-66c1bb15 elementor-hidden-mobile\" data-id=\"66c1bb15\" data-element_type=\"column\">\n\t\t\t<div class=\"elementor-widget-wrap elementor-element-populated\">\n\t\t\t\t\t\t<div class=\"elementor-element elementor-element-14944c9 elementor-widget elementor-widget-spacer\" data-id=\"14944c9\" data-element_type=\"widget\" data-widget_type=\"spacer.default\">\n\t\t\t\t<div class=\"elementor-widget-container\">\n\t\t\t<style>\/*! elementor - v3.23.0 - 05-08-2024 *\/\n.elementor-column .elementor-spacer-inner{height:var(--spacer-size)}.e-con{--container-widget-width:100%}.e-con-inner>.elementor-widget-spacer,.e-con>.elementor-widget-spacer{width:var(--container-widget-width,var(--spacer-size));--align-self:var(--container-widget-align-self,initial);--flex-shrink:0}.e-con-inner>.elementor-widget-spacer>.elementor-widget-container,.e-con>.elementor-widget-spacer>.elementor-widget-container{height:100%;width:100%}.e-con-inner>.elementor-widget-spacer>.elementor-widget-container>.elementor-spacer,.e-con>.elementor-widget-spacer>.elementor-widget-container>.elementor-spacer{height:100%}.e-con-inner>.elementor-widget-spacer>.elementor-widget-container>.elementor-spacer>.elementor-spacer-inner,.e-con>.elementor-widget-spacer>.elementor-widget-container>.elementor-spacer>.elementor-spacer-inner{height:var(--container-widget-height,var(--spacer-size))}.e-con-inner>.elementor-widget-spacer.elementor-widget-empty,.e-con>.elementor-widget-spacer.elementor-widget-empty{position:relative;min-height:22px;min-width:22px}.e-con-inner>.elementor-widget-spacer.elementor-widget-empty .elementor-widget-empty-icon,.e-con>.elementor-widget-spacer.elementor-widget-empty .elementor-widget-empty-icon{position:absolute;top:0;bottom:0;left:0;right:0;margin:auto;padding:0;width:22px;height:22px}<\/style>\t\t<div class=\"elementor-spacer\">\n\t\t\t<div class=\"elementor-spacer-inner\"><\/div>\n\t\t<\/div>\n\t\t\t\t<\/div>\n\t\t\t\t<\/div>\n\t\t\t\t\t<\/div>\n\t\t<\/div>\n\t\t\t\t<div class=\"elementor-column elementor-col-33 elementor-top-column elementor-element elementor-element-46653d62 elementor-hidden-mobile\" data-id=\"46653d62\" data-element_type=\"column\">\n\t\t\t<div class=\"elementor-widget-wrap elementor-element-populated\">\n\t\t\t\t\t\t<div class=\"elementor-element elementor-element-110f4645 elementor-widget elementor-widget-spacer\" data-id=\"110f4645\" data-element_type=\"widget\" data-widget_type=\"spacer.default\">\n\t\t\t\t<div class=\"elementor-widget-container\">\n\t\t\t\t\t<div class=\"elementor-spacer\">\n\t\t\t<div class=\"elementor-spacer-inner\"><\/div>\n\t\t<\/div>\n\t\t\t\t<\/div>\n\t\t\t\t<\/div>\n\t\t\t\t\t<\/div>\n\t\t<\/div>\n\t\t\t\t\t<\/div>\n\t\t<\/section>\n\t\t\t\t<section class=\"elementor-section elementor-top-section elementor-element elementor-element-37498009 elementor-section-boxed elementor-section-height-default elementor-section-height-default\" data-id=\"37498009\" data-element_type=\"section\">\n\t\t\t\t\t\t<div class=\"elementor-container elementor-column-gap-no\">\n\t\t\t\t\t<div class=\"elementor-column elementor-col-33 elementor-top-column elementor-element elementor-element-35625337\" data-id=\"35625337\" data-element_type=\"column\" data-settings=\"{&quot;background_background&quot;:&quot;classic&quot;}\">\n\t\t\t<div class=\"elementor-widget-wrap elementor-element-populated\">\n\t\t\t\t\t\t<div class=\"elementor-element elementor-element-7acc9e21 elementor-widget elementor-widget-text-editor\" data-id=\"7acc9e21\" data-element_type=\"widget\" data-widget_type=\"text-editor.default\">\n\t\t\t\t<div class=\"elementor-widget-container\">\n\t\t\t<style>\/*! elementor - v3.23.0 - 05-08-2024 *\/\n.elementor-widget-text-editor.elementor-drop-cap-view-stacked .elementor-drop-cap{background-color:#69727d;color:#fff}.elementor-widget-text-editor.elementor-drop-cap-view-framed .elementor-drop-cap{color:#69727d;border:3px solid;background-color:transparent}.elementor-widget-text-editor:not(.elementor-drop-cap-view-default) .elementor-drop-cap{margin-top:8px}.elementor-widget-text-editor:not(.elementor-drop-cap-view-default) .elementor-drop-cap-letter{width:1em;height:1em}.elementor-widget-text-editor .elementor-drop-cap{float:left;text-align:center;line-height:1;font-size:50px}.elementor-widget-text-editor .elementor-drop-cap-letter{display:inline-block}<\/style>\t\t\t\t<p>Orta gerilim (OG) da\u011f\u0131t\u0131m sistemi, enerji santrallerinden \u00e7\u0131kan y\u00fcksek gerilimli elektri\u011fi, daha d\u00fc\u015f\u00fck gerilim seviyelerine indirerek yerle\u015fim yerleri, end\u00fcstriyel tesisler ve ticari binalar gibi son t\u00fcketicilere ula\u015ft\u0131r\u0131r.<\/p><h3>(OG)\u0130\u015flevleri:<\/h3><ol><li><p><strong>Enerji Da\u011f\u0131t\u0131m\u0131<\/strong>: Elektrik enerjisi, jenerat\u00f6rlerden \u00e7\u0131kt\u0131ktan sonra y\u00fcksek gerilim seviyesine y\u00fckseltilir ve uzun mesafelere ta\u015f\u0131n\u0131r. T\u00fcketiciye yak\u0131n bir b\u00f6lgede, bu y\u00fcksek gerilim, orta gerilim seviyesine d\u00fc\u015f\u00fcr\u00fcl\u00fcr ve daha sonra son kullan\u0131c\u0131lara da\u011f\u0131t\u0131l\u0131r.<\/p><\/li><li><p><strong>Verimlilik<\/strong>: Orta gerilim seviyeleri, uzun mesafelere enerji ta\u015f\u0131rken kay\u0131plar\u0131 azalt\u0131r. Y\u00fcksek gerilimli enerji ta\u015f\u0131maya g\u00f6re daha uygun maliyetlidir ve yerle\u015fim yerlerine g\u00fcvenli bir \u015fekilde elektrik sa\u011flar.<\/p><\/li><li><p><strong>G\u00fcvenlik ve Koruma<\/strong>: Orta gerilim sistemleri, g\u00fcvenlik a\u00e7\u0131s\u0131ndan kritik olan a\u015f\u0131r\u0131 ak\u0131m, k\u0131sa devre ve di\u011fer ar\u0131zalara kar\u015f\u0131 koruma sistemlerine sahiptir.<\/p><\/li><\/ol>\t\t\t\t\t\t<\/div>\n\t\t\t\t<\/div>\n\t\t\t\t\t<\/div>\n\t\t<\/div>\n\t\t\t\t<div class=\"elementor-column elementor-col-33 elementor-top-column elementor-element elementor-element-5927215a\" data-id=\"5927215a\" data-element_type=\"column\">\n\t\t\t<div class=\"elementor-widget-wrap elementor-element-populated\">\n\t\t\t\t\t\t<div class=\"elementor-element elementor-element-5dec7b31 elementor-widget elementor-widget-image\" data-id=\"5dec7b31\" data-element_type=\"widget\" data-settings=\"{&quot;motion_fx_motion_fx_scrolling&quot;:&quot;yes&quot;,&quot;motion_fx_translateY_effect&quot;:&quot;yes&quot;,&quot;motion_fx_translateY_speed&quot;:{&quot;unit&quot;:&quot;px&quot;,&quot;size&quot;:1,&quot;sizes&quot;:[]},&quot;motion_fx_devices&quot;:[&quot;desktop&quot;],&quot;motion_fx_translateY_direction&quot;:&quot;negative&quot;,&quot;motion_fx_translateY_affectedRange&quot;:{&quot;unit&quot;:&quot;%&quot;,&quot;size&quot;:&quot;&quot;,&quot;sizes&quot;:{&quot;start&quot;:0,&quot;end&quot;:100}}}\" data-widget_type=\"image.default\">\n\t\t\t\t<div class=\"elementor-widget-container\">\n\t\t\t<style>\/*! elementor - v3.23.0 - 05-08-2024 *\/\n.elementor-widget-image{text-align:center}.elementor-widget-image a{display:inline-block}.elementor-widget-image a img[src$=\".svg\"]{width:48px}.elementor-widget-image img{vertical-align:middle;display:inline-block}<\/style>\t\t\t\t\t\t\t\t\t\t<img fetchpriority=\"high\" decoding=\"async\" width=\"690\" height=\"1024\" src=\"https:\/\/www.egesmuhendislik.com.tr\/wp-content\/uploads\/2025\/06\/CozumlerimizYeni-2-690x1024.jpg\" class=\"attachment-large size-large wp-image-988671\" alt=\"\" srcset=\"https:\/\/www.egesmuhendislik.com.tr\/wp-content\/uploads\/2025\/06\/CozumlerimizYeni-2-690x1024.jpg 690w, https:\/\/www.egesmuhendislik.com.tr\/wp-content\/uploads\/2025\/06\/CozumlerimizYeni-2-202x300.jpg 202w, https:\/\/www.egesmuhendislik.com.tr\/wp-content\/uploads\/2025\/06\/CozumlerimizYeni-2.jpg 728w\" sizes=\"(max-width: 690px) 100vw, 690px\" \/>\t\t\t\t\t\t\t\t\t\t\t\t\t<\/div>\n\t\t\t\t<\/div>\n\t\t\t\t\t<\/div>\n\t\t<\/div>\n\t\t\t\t<div class=\"elementor-column elementor-col-33 elementor-top-column elementor-element elementor-element-634abae\" data-id=\"634abae\" data-element_type=\"column\">\n\t\t\t<div class=\"elementor-widget-wrap elementor-element-populated\">\n\t\t\t\t\t\t<div class=\"elementor-element elementor-element-3fbc9773 elementor-widget elementor-widget-image\" data-id=\"3fbc9773\" data-element_type=\"widget\" data-settings=\"{&quot;motion_fx_motion_fx_scrolling&quot;:&quot;yes&quot;,&quot;motion_fx_translateY_effect&quot;:&quot;yes&quot;,&quot;motion_fx_translateY_speed&quot;:{&quot;unit&quot;:&quot;px&quot;,&quot;size&quot;:1,&quot;sizes&quot;:[]},&quot;motion_fx_devices&quot;:[&quot;desktop&quot;],&quot;motion_fx_translateY_affectedRange&quot;:{&quot;unit&quot;:&quot;%&quot;,&quot;size&quot;:&quot;&quot;,&quot;sizes&quot;:{&quot;start&quot;:0,&quot;end&quot;:100}}}\" data-widget_type=\"image.default\">\n\t\t\t\t<div class=\"elementor-widget-container\">\n\t\t\t\t\t\t\t\t\t\t\t\t\t<img decoding=\"async\" width=\"728\" height=\"924\" src=\"https:\/\/www.egesmuhendislik.com.tr\/wp-content\/uploads\/2024\/09\/Resim-3.jpg\" class=\"attachment-large size-large wp-image-988009\" alt=\"\" srcset=\"https:\/\/www.egesmuhendislik.com.tr\/wp-content\/uploads\/2024\/09\/Resim-3.jpg 728w, https:\/\/www.egesmuhendislik.com.tr\/wp-content\/uploads\/2024\/09\/Resim-3-236x300.jpg 236w\" sizes=\"(max-width: 728px) 100vw, 728px\" \/>\t\t\t\t\t\t\t\t\t\t\t\t\t<\/div>\n\t\t\t\t<\/div>\n\t\t\t\t\t<\/div>\n\t\t<\/div>\n\t\t\t\t\t<\/div>\n\t\t<\/section>\n\t\t\t\t<section class=\"elementor-section elementor-top-section elementor-element elementor-element-55ef6ea elementor-section-content-top elementor-section-boxed elementor-section-height-default elementor-section-height-default\" data-id=\"55ef6ea\" data-element_type=\"section\" data-settings=\"{&quot;background_background&quot;:&quot;classic&quot;}\">\n\t\t\t\t\t\t<div class=\"elementor-container elementor-column-gap-no\">\n\t\t\t\t\t<div class=\"elementor-column elementor-col-33 elementor-top-column elementor-element elementor-element-2bfa5763\" data-id=\"2bfa5763\" data-element_type=\"column\">\n\t\t\t<div class=\"elementor-widget-wrap elementor-element-populated\">\n\t\t\t\t\t\t<div class=\"elementor-element elementor-element-4647de76 elementor-invisible elementor-widget elementor-widget-heading\" data-id=\"4647de76\" data-element_type=\"widget\" data-settings=\"{&quot;_animation&quot;:&quot;fadeIn&quot;,&quot;_animation_delay&quot;:200}\" data-widget_type=\"heading.default\">\n\t\t\t\t<div class=\"elementor-widget-container\">\n\t\t\t<h2 class=\"elementor-heading-title elementor-size-default\">Orta Gerilim Bile\u015fenleri<\/h2>\t\t<\/div>\n\t\t\t\t<\/div>\n\t\t\t\t\t<\/div>\n\t\t<\/div>\n\t\t\t\t<div class=\"elementor-column elementor-col-66 elementor-top-column elementor-element elementor-element-6697d461\" data-id=\"6697d461\" data-element_type=\"column\">\n\t\t\t<div class=\"elementor-widget-wrap elementor-element-populated\">\n\t\t\t\t\t\t<div class=\"elementor-element elementor-element-43e75b8e elementor-widget elementor-widget-text-editor\" data-id=\"43e75b8e\" data-element_type=\"widget\" data-widget_type=\"text-editor.default\">\n\t\t\t\t<div class=\"elementor-widget-container\">\n\t\t\t\t\t\t\t<ol><li><p><strong>Transformat\u00f6rler (Trafolar)<\/strong>: Y\u00fcksek gerilimdeki elektrik enerjisini orta gerilim seviyesine d\u00fc\u015f\u00fcren cihazlard\u0131r. Transformat\u00f6rler, enerji kay\u0131plar\u0131n\u0131 en aza indirerek elektrik enerjisinin g\u00fcvenli ve verimli bir \u015fekilde t\u00fcketiciye ula\u015fmas\u0131n\u0131 sa\u011flar.<\/p><\/li><li><p><strong>Orta Gerilim \u015ealt Tesisleri<\/strong>: Elektrik enerjisinin da\u011f\u0131t\u0131m\u0131 ve kontrol\u00fc i\u00e7in kullan\u0131lan \u015falt cihazlar\u0131, kesiciler, ay\u0131r\u0131c\u0131lar, y\u00fck ay\u0131r\u0131c\u0131lar\u0131, koruma r\u00f6leleri ve \u00f6l\u00e7\u00fc cihazlar\u0131n\u0131 i\u00e7erir. \u015ealt tesisleri, ar\u0131za durumlar\u0131nda elektrik ak\u0131\u015f\u0131n\u0131 keser ve sistemi korur.<\/p><\/li><li><p><strong>OG Da\u011f\u0131t\u0131m Panolar\u0131<\/strong>: Orta gerilimdeki elektri\u011fi kontrol etmek ve y\u00f6nlendirmek i\u00e7in kullan\u0131lan panolard\u0131r. Bu panolar, enerji ak\u0131\u015f\u0131n\u0131 izler, koruma sa\u011flar ve gerekli yerlerde elektri\u011fi keser.<\/p><\/li><li><p><strong>Kablolar ve Hatlar<\/strong>: Orta gerilim kablolar\u0131 ve havai hatlar, enerjiyi transformat\u00f6rlerden son kullan\u0131c\u0131lara ileten yap\u0131lard\u0131r. Yeralt\u0131 veya havai hat olarak d\u00f6\u015fenebilirler.<\/p><\/li><li><p><strong>Kesiciler ve Y\u00fck Ay\u0131r\u0131c\u0131lar\u0131<\/strong>: Orta gerilim hatlar\u0131ndaki enerjiyi kontrol etmek, da\u011f\u0131tmak ve gerekti\u011finde sistemi devre d\u0131\u015f\u0131 b\u0131rakmak i\u00e7in kullan\u0131l\u0131rlar. \u00d6zellikle ar\u0131za durumlar\u0131nda sistemin g\u00fcvenli\u011fini sa\u011flarlar.<\/p><\/li><li><p><strong>Koruma R\u00f6leleri<\/strong>: Orta gerilim sistemlerinde k\u0131sa devre, a\u015f\u0131r\u0131 ak\u0131m ve gerilim d\u00fc\u015fmesi gibi durumlarda devreyi keserek sistemin zarar g\u00f6rmesini engelleyen r\u00f6lelerdir.<\/p><\/li><\/ol><h3>\u00a0<\/h3>\t\t\t\t\t\t<\/div>\n\t\t\t\t<\/div>\n\t\t\t\t\t<\/div>\n\t\t<\/div>\n\t\t\t\t\t<\/div>\n\t\t<\/section>\n\t\t\t\t<section class=\"elementor-section elementor-top-section elementor-element elementor-element-39bbe904 elementor-section-height-min-height elementor-section-items-stretch elementor-section-boxed elementor-section-height-default\" data-id=\"39bbe904\" data-element_type=\"section\" data-settings=\"{&quot;background_background&quot;:&quot;gradient&quot;}\">\n\t\t\t\t\t\t<div class=\"elementor-container elementor-column-gap-no\">\n\t\t\t\t\t<div class=\"elementor-column elementor-col-100 elementor-top-column elementor-element elementor-element-1275de08\" data-id=\"1275de08\" data-element_type=\"column\" data-settings=\"{&quot;background_background&quot;:&quot;classic&quot;,&quot;background_motion_fx_scale_effect&quot;:&quot;yes&quot;,&quot;background_motion_fx_scale_speed&quot;:{&quot;unit&quot;:&quot;px&quot;,&quot;size&quot;:1,&quot;sizes&quot;:[]},&quot;background_motion_fx_devices&quot;:[&quot;desktop&quot;],&quot;background_motion_fx_motion_fx_scrolling&quot;:&quot;yes&quot;,&quot;background_motion_fx_scale_direction&quot;:&quot;out-in&quot;,&quot;background_motion_fx_scale_range&quot;:{&quot;unit&quot;:&quot;%&quot;,&quot;size&quot;:&quot;&quot;,&quot;sizes&quot;:{&quot;start&quot;:20,&quot;end&quot;:80}}}\">\n\t\t\t<div class=\"elementor-widget-wrap elementor-element-populated\">\n\t\t\t\t\t\t<div class=\"elementor-element elementor-element-366d9422 elementor-widget elementor-widget-spacer\" data-id=\"366d9422\" data-element_type=\"widget\" data-widget_type=\"spacer.default\">\n\t\t\t\t<div class=\"elementor-widget-container\">\n\t\t\t\t\t<div class=\"elementor-spacer\">\n\t\t\t<div class=\"elementor-spacer-inner\"><\/div>\n\t\t<\/div>\n\t\t\t\t<\/div>\n\t\t\t\t<\/div>\n\t\t\t\t\t<\/div>\n\t\t<\/div>\n\t\t\t\t\t<\/div>\n\t\t<\/section>\n\t\t\t\t<section class=\"elementor-section elementor-top-section elementor-element elementor-element-7d7c40b7 elementor-section-boxed elementor-section-height-default elementor-section-height-default\" data-id=\"7d7c40b7\" data-element_type=\"section\">\n\t\t\t\t\t\t<div class=\"elementor-container elementor-column-gap-no\">\n\t\t\t\t\t<div class=\"elementor-column elementor-col-33 elementor-top-column elementor-element elementor-element-6cac4559\" data-id=\"6cac4559\" data-element_type=\"column\">\n\t\t\t<div class=\"elementor-widget-wrap elementor-element-populated\">\n\t\t\t\t\t\t<div class=\"elementor-element elementor-element-6932ad52 elementor-widget elementor-widget-heading\" data-id=\"6932ad52\" data-element_type=\"widget\" data-widget_type=\"heading.default\">\n\t\t\t\t<div class=\"elementor-widget-container\">\n\t\t\t<h5 class=\"elementor-heading-title elementor-size-default\">Daha Az Enerji Kayb\u0131<\/h5>\t\t<\/div>\n\t\t\t\t<\/div>\n\t\t\t\t<div class=\"elementor-element elementor-element-65b2f0ad elementor-widget elementor-widget-text-editor\" data-id=\"65b2f0ad\" data-element_type=\"widget\" data-widget_type=\"text-editor.default\">\n\t\t\t\t<div class=\"elementor-widget-container\">\n\t\t\t\t\t\t\t<p>Y\u00fcksek voltajl\u0131 elektrik hatlar\u0131na k\u0131yasla, orta gerilim da\u011f\u0131t\u0131m\u0131nda enerji kay\u0131plar\u0131 daha azd\u0131r.<\/p>\t\t\t\t\t\t<\/div>\n\t\t\t\t<\/div>\n\t\t\t\t\t<\/div>\n\t\t<\/div>\n\t\t\t\t<div class=\"elementor-column elementor-col-33 elementor-top-column elementor-element elementor-element-4f436732\" data-id=\"4f436732\" data-element_type=\"column\">\n\t\t\t<div class=\"elementor-widget-wrap elementor-element-populated\">\n\t\t\t\t\t\t<div class=\"elementor-element elementor-element-3ef8cec7 elementor-widget elementor-widget-heading\" data-id=\"3ef8cec7\" data-element_type=\"widget\" data-widget_type=\"heading.default\">\n\t\t\t\t<div class=\"elementor-widget-container\">\n\t\t\t<h5 class=\"elementor-heading-title elementor-size-default\">G\u00fcvenli Da\u011f\u0131t\u0131m<\/h5>\t\t<\/div>\n\t\t\t\t<\/div>\n\t\t\t\t<div class=\"elementor-element elementor-element-4a946412 elementor-widget elementor-widget-text-editor\" data-id=\"4a946412\" data-element_type=\"widget\" data-widget_type=\"text-editor.default\">\n\t\t\t\t<div class=\"elementor-widget-container\">\n\t\t\t\t\t\t\t<p>Orta gerilim, \u015fehir i\u00e7i ve end\u00fcstriyel alanlara enerji da\u011f\u0131t\u0131m\u0131nda daha g\u00fcvenlidir ve kullan\u0131c\u0131ya yak\u0131n b\u00f6lgelerde daha kolay y\u00f6netilebilir.<\/p>\t\t\t\t\t\t<\/div>\n\t\t\t\t<\/div>\n\t\t\t\t\t<\/div>\n\t\t<\/div>\n\t\t\t\t<div class=\"elementor-column elementor-col-33 elementor-top-column elementor-element elementor-element-1ca8a3f4\" data-id=\"1ca8a3f4\" data-element_type=\"column\">\n\t\t\t<div class=\"elementor-widget-wrap elementor-element-populated\">\n\t\t\t\t\t\t<div class=\"elementor-element elementor-element-710a1812 elementor-widget elementor-widget-heading\" data-id=\"710a1812\" data-element_type=\"widget\" data-widget_type=\"heading.default\">\n\t\t\t\t<div class=\"elementor-widget-container\">\n\t\t\t<h5 class=\"elementor-heading-title elementor-size-default\">Y\u00fcksek Verimlilik<\/h5>\t\t<\/div>\n\t\t\t\t<\/div>\n\t\t\t\t<div class=\"elementor-element elementor-element-41ae0f94 elementor-widget elementor-widget-text-editor\" data-id=\"41ae0f94\" data-element_type=\"widget\" data-widget_type=\"text-editor.default\">\n\t\t\t\t<div class=\"elementor-widget-container\">\n\t\t\t\t\t\t\t<p>Uzun mesafelerde y\u00fcksek gerilimli hatlarla ta\u015f\u0131nan elektrik enerjisinin orta gerilim seviyelerine indirgenmesi, da\u011f\u0131t\u0131m s\u0131ras\u0131nda daha verimli hale gelir.<\/p>\t\t\t\t\t\t<\/div>\n\t\t\t\t<\/div>\n\t\t\t\t\t<\/div>\n\t\t<\/div>\n\t\t\t\t\t<\/div>\n\t\t<\/section>\n\t\t\t\t<\/div>","protected":false},"excerpt":{"rendered":"<p>Orta Gerilim Da\u011f\u0131t\u0131m Sistemi, genellikle 1 kV ile 36 kV aral\u0131\u011f\u0131ndaki elektrik enerjisinin t\u00fcketiciye iletilmesi ve da\u011f\u0131t\u0131lmas\u0131 i\u00e7in kullan\u0131lan bir enerji da\u011f\u0131t\u0131m sistemidir. <\/p>","protected":false},"author":1,"featured_media":988007,"parent":138,"menu_order":0,"comment_status":"closed","ping_status":"closed","template":"","meta":{"footnotes":""},"class_list":["post-3252","page","type-page","status-publish","has-post-thumbnail","hentry"],"_links":{"self":[{"href":"https:\/\/www.egesmuhendislik.com.tr\/az\/wp-json\/wp\/v2\/pages\/3252","targetHints":{"allow":["GET"]}}],"collection":[{"href":"https:\/\/www.egesmuhendislik.com.tr\/az\/wp-json\/wp\/v2\/pages"}],"about":[{"href":"https:\/\/www.egesmuhendislik.com.tr\/az\/wp-json\/wp\/v2\/types\/page"}],"author":[{"embeddable":true,"href":"https:\/\/www.egesmuhendislik.com.tr\/az\/wp-json\/wp\/v2\/users\/1"}],"replies":[{"embeddable":true,"href":"https:\/\/www.egesmuhendislik.com.tr\/az\/wp-json\/wp\/v2\/comments?post=3252"}],"version-history":[{"count":10,"href":"https:\/\/www.egesmuhendislik.com.tr\/az\/wp-json\/wp\/v2\/pages\/3252\/revisions"}],"predecessor-version":[{"id":988698,"href":"https:\/\/www.egesmuhendislik.com.tr\/az\/wp-json\/wp\/v2\/pages\/3252\/revisions\/988698"}],"up":[{"embeddable":true,"href":"https:\/\/www.egesmuhendislik.com.tr\/az\/wp-json\/wp\/v2\/pages\/138"}],"wp:featuredmedia":[{"embeddable":true,"href":"https:\/\/www.egesmuhendislik.com.tr\/az\/wp-json\/wp\/v2\/media\/988007"}],"wp:attachment":[{"href":"https:\/\/www.egesmuhendislik.com.tr\/az\/wp-json\/wp\/v2\/media?parent=3252"}],"curies":[{"name":"wp","href":"https:\/\/api.w.org\/{rel}","templated":true}]}}