{"id":3256,"date":"2023-08-14T17:06:04","date_gmt":"2023-08-14T17:06:04","guid":{"rendered":"https:\/\/fabrik.vamtam.com\/?page_id=3256"},"modified":"2025-06-02T00:22:49","modified_gmt":"2025-06-01T21:22:49","slug":"olcum-ve-raporlama","status":"publish","type":"page","link":"https:\/\/www.egesmuhendislik.com.tr\/ar\/cozumlerimiz\/olcum-ve-raporlama\/","title":{"rendered":"\u0627\u0644\u0642\u064a\u0627\u0633 \u0648\u0627\u0644\u0625\u0628\u0644\u0627\u063a"},"content":{"rendered":"<div data-elementor-type=\"wp-page\" data-elementor-id=\"3256\" class=\"elementor elementor-3256\" data-elementor-post-type=\"page\">\n\t\t\t\t\t\t<section class=\"elementor-section elementor-top-section elementor-element elementor-element-565175fb elementor-section-boxed elementor-section-height-default elementor-section-height-default\" data-id=\"565175fb\" data-element_type=\"section\">\n\t\t\t\t\t\t<div class=\"elementor-container elementor-column-gap-no\">\n\t\t\t\t\t<div class=\"elementor-column elementor-col-33 elementor-top-column elementor-element elementor-element-6176f9dc\" data-id=\"6176f9dc\" data-element_type=\"column\">\n\t\t\t<div class=\"elementor-widget-wrap elementor-element-populated\">\n\t\t\t\t\t\t<div class=\"elementor-element elementor-element-4183ad1e elementor-invisible elementor-widget elementor-widget-heading\" data-id=\"4183ad1e\" data-element_type=\"widget\" data-settings=\"{&quot;_animation&quot;:&quot;fadeIn&quot;,&quot;_animation_tablet&quot;:&quot;none&quot;,&quot;_animation_delay&quot;:200}\" data-widget_type=\"heading.default\">\n\t\t\t\t<div class=\"elementor-widget-container\">\n\t\t\t<style>\/*! elementor - v3.23.0 - 05-08-2024 *\/\n.elementor-heading-title{padding:0;margin:0;line-height:1}.elementor-widget-heading .elementor-heading-title[class*=elementor-size-]>a{color:inherit;font-size:inherit;line-height:inherit}.elementor-widget-heading .elementor-heading-title.elementor-size-small{font-size:15px}.elementor-widget-heading .elementor-heading-title.elementor-size-medium{font-size:19px}.elementor-widget-heading .elementor-heading-title.elementor-size-large{font-size:29px}.elementor-widget-heading .elementor-heading-title.elementor-size-xl{font-size:39px}.elementor-widget-heading .elementor-heading-title.elementor-size-xxl{font-size:59px}<\/style><h2 class=\"elementor-heading-title elementor-size-default\">\u0627\u0644\u0642\u064a\u0627\u0633 \u0648\u0627\u0644\u0625\u0628\u0644\u0627\u063a<\/h2>\t\t<\/div>\n\t\t\t\t<\/div>\n\t\t\t\t\t<\/div>\n\t\t<\/div>\n\t\t\t\t<div class=\"elementor-column elementor-col-33 elementor-top-column elementor-element elementor-element-605d8202 elementor-hidden-mobile\" data-id=\"605d8202\" data-element_type=\"column\">\n\t\t\t<div class=\"elementor-widget-wrap elementor-element-populated\">\n\t\t\t\t\t\t<div class=\"elementor-element elementor-element-17c74d03 elementor-widget elementor-widget-spacer\" data-id=\"17c74d03\" data-element_type=\"widget\" data-widget_type=\"spacer.default\">\n\t\t\t\t<div class=\"elementor-widget-container\">\n\t\t\t<style>\/*! elementor - v3.23.0 - 05-08-2024 *\/\n.elementor-column .elementor-spacer-inner{height:var(--spacer-size)}.e-con{--container-widget-width:100%}.e-con-inner>.elementor-widget-spacer,.e-con>.elementor-widget-spacer{width:var(--container-widget-width,var(--spacer-size));--align-self:var(--container-widget-align-self,initial);--flex-shrink:0}.e-con-inner>.elementor-widget-spacer>.elementor-widget-container,.e-con>.elementor-widget-spacer>.elementor-widget-container{height:100%;width:100%}.e-con-inner>.elementor-widget-spacer>.elementor-widget-container>.elementor-spacer,.e-con>.elementor-widget-spacer>.elementor-widget-container>.elementor-spacer{height:100%}.e-con-inner>.elementor-widget-spacer>.elementor-widget-container>.elementor-spacer>.elementor-spacer-inner,.e-con>.elementor-widget-spacer>.elementor-widget-container>.elementor-spacer>.elementor-spacer-inner{height:var(--container-widget-height,var(--spacer-size))}.e-con-inner>.elementor-widget-spacer.elementor-widget-empty,.e-con>.elementor-widget-spacer.elementor-widget-empty{position:relative;min-height:22px;min-width:22px}.e-con-inner>.elementor-widget-spacer.elementor-widget-empty .elementor-widget-empty-icon,.e-con>.elementor-widget-spacer.elementor-widget-empty .elementor-widget-empty-icon{position:absolute;top:0;bottom:0;left:0;right:0;margin:auto;padding:0;width:22px;height:22px}<\/style>\t\t<div class=\"elementor-spacer\">\n\t\t\t<div class=\"elementor-spacer-inner\"><\/div>\n\t\t<\/div>\n\t\t\t\t<\/div>\n\t\t\t\t<\/div>\n\t\t\t\t\t<\/div>\n\t\t<\/div>\n\t\t\t\t<div class=\"elementor-column elementor-col-33 elementor-top-column elementor-element elementor-element-367c0bb4 elementor-hidden-mobile\" data-id=\"367c0bb4\" data-element_type=\"column\">\n\t\t\t<div class=\"elementor-widget-wrap elementor-element-populated\">\n\t\t\t\t\t\t<div class=\"elementor-element elementor-element-7e79f6f6 elementor-widget elementor-widget-spacer\" data-id=\"7e79f6f6\" data-element_type=\"widget\" data-widget_type=\"spacer.default\">\n\t\t\t\t<div class=\"elementor-widget-container\">\n\t\t\t\t\t<div class=\"elementor-spacer\">\n\t\t\t<div class=\"elementor-spacer-inner\"><\/div>\n\t\t<\/div>\n\t\t\t\t<\/div>\n\t\t\t\t<\/div>\n\t\t\t\t\t<\/div>\n\t\t<\/div>\n\t\t\t\t\t<\/div>\n\t\t<\/section>\n\t\t\t\t<section class=\"elementor-section elementor-top-section elementor-element elementor-element-26a8e684 elementor-section-boxed elementor-section-height-default elementor-section-height-default\" data-id=\"26a8e684\" data-element_type=\"section\">\n\t\t\t\t\t\t<div class=\"elementor-container elementor-column-gap-no\">\n\t\t\t\t\t<div class=\"elementor-column elementor-col-33 elementor-top-column elementor-element elementor-element-5e1775ba\" data-id=\"5e1775ba\" data-element_type=\"column\" data-settings=\"{&quot;background_background&quot;:&quot;classic&quot;}\">\n\t\t\t<div class=\"elementor-widget-wrap elementor-element-populated\">\n\t\t\t\t\t\t<div class=\"elementor-element elementor-element-54411e59 elementor-widget elementor-widget-text-editor\" data-id=\"54411e59\" data-element_type=\"widget\" data-widget_type=\"text-editor.default\">\n\t\t\t\t<div class=\"elementor-widget-container\">\n\t\t\t<style>\/*! elementor - v3.23.0 - 05-08-2024 *\/\n.elementor-widget-text-editor.elementor-drop-cap-view-stacked .elementor-drop-cap{background-color:#69727d;color:#fff}.elementor-widget-text-editor.elementor-drop-cap-view-framed .elementor-drop-cap{color:#69727d;border:3px solid;background-color:transparent}.elementor-widget-text-editor:not(.elementor-drop-cap-view-default) .elementor-drop-cap{margin-top:8px}.elementor-widget-text-editor:not(.elementor-drop-cap-view-default) .elementor-drop-cap-letter{width:1em;height:1em}.elementor-widget-text-editor .elementor-drop-cap{float:left;text-align:center;line-height:1;font-size:50px}.elementor-widget-text-editor .elementor-drop-cap-letter{display:inline-block}<\/style>\t\t\t\t<p>Bu s\u00fcre\u00e7, \u00e7e\u015fitli elektriksel parametrelerin \u00f6l\u00e7\u00fclmesini, analiz edilmesini ve raporlanmas\u0131n\u0131 kapsar. \u0130\u015fte elektrik m\u00fchendisli\u011fi ba\u011flam\u0131nda \u00f6l\u00e7\u00fcm ve raporlaman\u0131n temel unsurlar\u0131:<\/p><h3>\u00d6l\u00e7\u00fcm:<\/h3><ol><li><p><strong>Gerilim (Voltaj) \u00d6l\u00e7\u00fcm\u00fc<\/strong>:<\/p><ul><li><strong>Y\u00fcksek Voltaj<\/strong>: Y\u00fcksek gerilimli sistemlerde voltaj, voltmetreler veya osiloskoplarla \u00f6l\u00e7\u00fcl\u00fcr.<\/li><li><strong>D\u00fc\u015f\u00fck Voltaj<\/strong>: Ev ve ticari binalarda, dijital voltmetreler veya multimetreler kullan\u0131l\u0131r.<\/li><\/ul><\/li><li><p><strong>Ak\u0131m \u00d6l\u00e7\u00fcm\u00fc<\/strong>:<\/p><ul><li><strong>Y\u00fcksek Ak\u0131m<\/strong>: Ak\u0131m transformat\u00f6rleri (CT) kullan\u0131larak \u00f6l\u00e7\u00fcl\u00fcr. Y\u00fcksek ak\u0131m uygulamalar\u0131nda ak\u0131m \u00f6l\u00e7\u00fcm cihazlar\u0131 genellikle bu y\u00f6ntemle yap\u0131l\u0131r.<\/li><li><strong>D\u00fc\u015f\u00fck Ak\u0131m<\/strong>: Multimetreler veya klemmeli ampermetreler kullan\u0131l\u0131r.<\/li><\/ul><\/li><li><p><strong>Diren\u00e7 \u00d6l\u00e7\u00fcm\u00fc<\/strong>:<\/p><ul><li><strong>Yal\u0131t\u0131m Direnci<\/strong>: Yal\u0131t\u0131m test cihazlar\u0131 ile \u00f6l\u00e7\u00fcl\u00fcr. Elektrik tesisatlar\u0131ndaki yal\u0131t\u0131m\u0131n durumunu de\u011ferlendirmek i\u00e7in kullan\u0131l\u0131r.<\/li><li><strong>Diren\u00e7 Testi<\/strong>: Diren\u00e7 \u00f6l\u00e7\u00fcm cihazlar\u0131, elektrik devrelerinin diren\u00e7lerini \u00f6l\u00e7er.<\/li><\/ul><\/li><li><p><strong>G\u00fc\u00e7 \u00d6l\u00e7\u00fcm\u00fc<\/strong>:<\/p><ul><li><strong>Aktif G\u00fc\u00e7 (Watt)<\/strong>: G\u00fc\u00e7 analiz\u00f6rleri veya wattmetrelerle \u00f6l\u00e7\u00fcl\u00fcr.<\/li><li><strong>Reaktif G\u00fc\u00e7 (Volt-Amper Reaktif, VAR)<\/strong> ve <strong>G\u00f6r\u00fcn\u00fcr G\u00fc\u00e7 (Volt-Amper, VA)<\/strong>: G\u00fc\u00e7 analizi yapan cihazlar kullan\u0131larak \u00f6l\u00e7\u00fcl\u00fcr.<\/li><\/ul><\/li><li><p><strong>Frekans \u00d6l\u00e7\u00fcm\u00fc<\/strong>:<\/p><ul><li><strong>Frekans<\/strong>: Frekans \u00f6l\u00e7erler veya osiloskoplar kullan\u0131larak AC sinyallerinin frekanslar\u0131 \u00f6l\u00e7\u00fcl\u00fcr.<\/li><\/ul><\/li><li><p><strong>Enerji T\u00fcketimi \u00d6l\u00e7\u00fcm\u00fc<\/strong>:<\/p><ul><li><strong>Enerji Sayac\u0131<\/strong>: Elektrik t\u00fcketimini izlemek i\u00e7in kullan\u0131l\u0131r ve genellikle enerji \u00f6l\u00e7\u00fcm cihazlar\u0131yla ger\u00e7ekle\u015ftirilir.<\/li><\/ul><\/li><li><p><strong>Harmonik Analizi<\/strong>:<\/p><ul><li><strong>Harmonikler<\/strong>: Harmonik analiz cihazlar\u0131 veya g\u00fc\u00e7 analiz\u00f6rleri ile sistemdeki harmonik bozulmalar\u0131n \u00f6l\u00e7\u00fclmesi yap\u0131l\u0131r.<\/li><\/ul><\/li><\/ol>\t\t\t\t\t\t<\/div>\n\t\t\t\t<\/div>\n\t\t\t\t\t<\/div>\n\t\t<\/div>\n\t\t\t\t<div class=\"elementor-column elementor-col-33 elementor-top-column elementor-element elementor-element-51277a95\" data-id=\"51277a95\" data-element_type=\"column\">\n\t\t\t<div class=\"elementor-widget-wrap elementor-element-populated\">\n\t\t\t\t\t\t<div class=\"elementor-element elementor-element-2c5339fd elementor-widget elementor-widget-image\" data-id=\"2c5339fd\" data-element_type=\"widget\" data-settings=\"{&quot;motion_fx_motion_fx_scrolling&quot;:&quot;yes&quot;,&quot;motion_fx_translateY_effect&quot;:&quot;yes&quot;,&quot;motion_fx_translateY_speed&quot;:{&quot;unit&quot;:&quot;px&quot;,&quot;size&quot;:1,&quot;sizes&quot;:[]},&quot;motion_fx_devices&quot;:[&quot;desktop&quot;],&quot;motion_fx_translateY_direction&quot;:&quot;negative&quot;,&quot;motion_fx_translateY_affectedRange&quot;:{&quot;unit&quot;:&quot;%&quot;,&quot;size&quot;:&quot;&quot;,&quot;sizes&quot;:{&quot;start&quot;:0,&quot;end&quot;:100}}}\" data-widget_type=\"image.default\">\n\t\t\t\t<div class=\"elementor-widget-container\">\n\t\t\t<style>\/*! elementor - v3.23.0 - 05-08-2024 *\/\n.elementor-widget-image{text-align:center}.elementor-widget-image a{display:inline-block}.elementor-widget-image a img[src$=\".svg\"]{width:48px}.elementor-widget-image img{vertical-align:middle;display:inline-block}<\/style>\t\t\t\t\t\t\t\t\t\t<img fetchpriority=\"high\" decoding=\"async\" width=\"690\" height=\"1024\" src=\"https:\/\/www.egesmuhendislik.com.tr\/wp-content\/uploads\/2025\/06\/CozumlerimizYeni-2-690x1024.jpg\" class=\"attachment-large size-large wp-image-988671\" alt=\"\" srcset=\"https:\/\/www.egesmuhendislik.com.tr\/wp-content\/uploads\/2025\/06\/CozumlerimizYeni-2-690x1024.jpg 690w, https:\/\/www.egesmuhendislik.com.tr\/wp-content\/uploads\/2025\/06\/CozumlerimizYeni-2-202x300.jpg 202w, https:\/\/www.egesmuhendislik.com.tr\/wp-content\/uploads\/2025\/06\/CozumlerimizYeni-2.jpg 728w\" sizes=\"(max-width: 690px) 100vw, 690px\" \/>\t\t\t\t\t\t\t\t\t\t\t\t\t<\/div>\n\t\t\t\t<\/div>\n\t\t\t\t\t<\/div>\n\t\t<\/div>\n\t\t\t\t<div class=\"elementor-column elementor-col-33 elementor-top-column elementor-element elementor-element-3c0307f3\" data-id=\"3c0307f3\" data-element_type=\"column\">\n\t\t\t<div class=\"elementor-widget-wrap elementor-element-populated\">\n\t\t\t\t\t\t<div class=\"elementor-element elementor-element-5a9005b9 elementor-widget elementor-widget-image\" data-id=\"5a9005b9\" data-element_type=\"widget\" data-settings=\"{&quot;motion_fx_motion_fx_scrolling&quot;:&quot;yes&quot;,&quot;motion_fx_translateY_effect&quot;:&quot;yes&quot;,&quot;motion_fx_translateY_speed&quot;:{&quot;unit&quot;:&quot;px&quot;,&quot;size&quot;:1,&quot;sizes&quot;:[]},&quot;motion_fx_devices&quot;:[&quot;desktop&quot;],&quot;motion_fx_translateY_affectedRange&quot;:{&quot;unit&quot;:&quot;%&quot;,&quot;size&quot;:&quot;&quot;,&quot;sizes&quot;:{&quot;start&quot;:0,&quot;end&quot;:100}}}\" data-widget_type=\"image.default\">\n\t\t\t\t<div class=\"elementor-widget-container\">\n\t\t\t\t\t\t\t\t\t\t\t\t\t<img decoding=\"async\" width=\"728\" height=\"924\" src=\"https:\/\/www.egesmuhendislik.com.tr\/wp-content\/uploads\/2024\/09\/Resim-3.jpg\" class=\"attachment-large size-large wp-image-988009\" alt=\"\" srcset=\"https:\/\/www.egesmuhendislik.com.tr\/wp-content\/uploads\/2024\/09\/Resim-3.jpg 728w, https:\/\/www.egesmuhendislik.com.tr\/wp-content\/uploads\/2024\/09\/Resim-3-236x300.jpg 236w\" sizes=\"(max-width: 728px) 100vw, 728px\" \/>\t\t\t\t\t\t\t\t\t\t\t\t\t<\/div>\n\t\t\t\t<\/div>\n\t\t\t\t\t<\/div>\n\t\t<\/div>\n\t\t\t\t\t<\/div>\n\t\t<\/section>\n\t\t\t\t<section class=\"elementor-section elementor-top-section elementor-element elementor-element-10acc1fe elementor-section-content-top elementor-section-boxed elementor-section-height-default elementor-section-height-default\" data-id=\"10acc1fe\" data-element_type=\"section\" data-settings=\"{&quot;background_background&quot;:&quot;classic&quot;}\">\n\t\t\t\t\t\t<div class=\"elementor-container elementor-column-gap-no\">\n\t\t\t\t\t<div class=\"elementor-column elementor-col-33 elementor-top-column elementor-element elementor-element-37718257\" data-id=\"37718257\" data-element_type=\"column\">\n\t\t\t<div class=\"elementor-widget-wrap elementor-element-populated\">\n\t\t\t\t\t\t<div class=\"elementor-element elementor-element-7740e21f elementor-invisible elementor-widget elementor-widget-heading\" data-id=\"7740e21f\" data-element_type=\"widget\" data-settings=\"{&quot;_animation&quot;:&quot;fadeIn&quot;,&quot;_animation_delay&quot;:200}\" data-widget_type=\"heading.default\">\n\t\t\t\t<div class=\"elementor-widget-container\">\n\t\t\t<h2 class=\"elementor-heading-title elementor-size-default\">Raporlama<\/h2>\t\t<\/div>\n\t\t\t\t<\/div>\n\t\t\t\t\t<\/div>\n\t\t<\/div>\n\t\t\t\t<div class=\"elementor-column elementor-col-66 elementor-top-column elementor-element elementor-element-5efa734c\" data-id=\"5efa734c\" data-element_type=\"column\">\n\t\t\t<div class=\"elementor-widget-wrap elementor-element-populated\">\n\t\t\t\t\t\t<div class=\"elementor-element elementor-element-39062bdb elementor-widget elementor-widget-text-editor\" data-id=\"39062bdb\" data-element_type=\"widget\" data-widget_type=\"text-editor.default\">\n\t\t\t\t<div class=\"elementor-widget-container\">\n\t\t\t\t\t\t\t<ol><li><p><strong>\u00d6l\u00e7\u00fcm Sonu\u00e7lar\u0131n\u0131n Belgelendirilmesi<\/strong>:<\/p><ul><li>\u00d6l\u00e7\u00fcm sonu\u00e7lar\u0131n\u0131n detayl\u0131 olarak raporlanmas\u0131 ve belgelenmesi, elektrik sistemlerinin performans\u0131n\u0131 ve durumunu g\u00f6sterir. Bu raporlar genellikle veri tabanlar\u0131nda saklan\u0131r veya bas\u0131l\u0131 olarak sunulur.<\/li><\/ul><\/li><li><p><strong>Performans Raporlar\u0131<\/strong>:<\/p><ul><li>Elektrik sistemlerinin performans\u0131n\u0131 de\u011ferlendiren raporlar haz\u0131rlan\u0131r. Bu raporlar, enerji verimlili\u011fi, g\u00fc\u00e7 kalitesi ve sistem g\u00fcvenilirli\u011fi hakk\u0131nda bilgi verir.<\/li><\/ul><\/li><li><p><strong>Bak\u0131m ve Ar\u0131za Raporlar\u0131<\/strong>:<\/p><ul><li>Yap\u0131lan bak\u0131m i\u015flemleri ve ar\u0131zalar\u0131n detayl\u0131 olarak raporlanmas\u0131, gelecekteki bak\u0131m ihtiya\u00e7lar\u0131n\u0131 belirlemek i\u00e7in kullan\u0131l\u0131r.<\/li><\/ul><\/li><li><p><strong>G\u00fcvenlik Raporlar\u0131<\/strong>:<\/p><ul><li>Elektrik sistemleriyle ilgili g\u00fcvenlik denetimlerinin sonu\u00e7lar\u0131 raporlan\u0131r. Bu raporlar, sistemin g\u00fcvenli\u011fini sa\u011flamak i\u00e7in gerekli \u00f6nlemleri i\u00e7erir.<\/li><\/ul><\/li><li><p><strong>Uyumluluk Raporlar\u0131<\/strong>:<\/p><ul><li>Elektrik tesisatlar\u0131n\u0131n, yerel ve uluslararas\u0131 standartlara uyup uymad\u0131\u011f\u0131n\u0131 g\u00f6steren raporlar haz\u0131rlan\u0131r. Bu, d\u00fczenleyici gerekliliklere uyumu sa\u011flar.<\/li><\/ul><\/li><li><p><strong>Enerji Verimlili\u011fi Raporlar\u0131<\/strong>:<\/p><ul><li>Enerji t\u00fcketiminin ve verimlili\u011finin analiz edilmesi ve bu konuda iyile\u015ftirme \u00f6nerilerinin sunulmas\u0131 sa\u011flan\u0131r. Bu raporlar, enerji tasarrufu sa\u011flamak i\u00e7in kullan\u0131l\u0131r.<\/li><\/ul><\/li><li><p><strong>Harmonik Analiz Raporlar\u0131<\/strong>:<\/p><ul><li>Sistemlerdeki harmonik bozulmalar\u0131n analiz edilmesi ve bunlar\u0131n etkilerini raporlama. Bu raporlar, enerji kalitesini art\u0131rmak i\u00e7in yap\u0131lacak d\u00fczeltici \u00f6nlemleri belirler.<\/li><\/ul><\/li><li><p><strong>Tesisat Kontrol Raporlar\u0131<\/strong>:<\/p><ul><li>Elektrik tesisatlar\u0131n\u0131n d\u00fczenli kontrolleri sonucunda haz\u0131rlanan raporlard\u0131r. Bu raporlar, tesisat\u0131n genel durumunu ve olas\u0131 riskleri i\u00e7erir.<\/li><\/ul><\/li><\/ol><h3>\u00a0<\/h3>\t\t\t\t\t\t<\/div>\n\t\t\t\t<\/div>\n\t\t\t\t\t<\/div>\n\t\t<\/div>\n\t\t\t\t\t<\/div>\n\t\t<\/section>\n\t\t\t\t<section class=\"elementor-section elementor-top-section elementor-element elementor-element-6c110ad3 elementor-section-height-min-height elementor-section-items-stretch elementor-section-boxed elementor-section-height-default\" data-id=\"6c110ad3\" data-element_type=\"section\" data-settings=\"{&quot;background_background&quot;:&quot;gradient&quot;}\">\n\t\t\t\t\t\t<div class=\"elementor-container elementor-column-gap-no\">\n\t\t\t\t\t<div class=\"elementor-column elementor-col-100 elementor-top-column elementor-element elementor-element-34166a10\" data-id=\"34166a10\" data-element_type=\"column\" data-settings=\"{&quot;background_background&quot;:&quot;classic&quot;,&quot;background_motion_fx_scale_effect&quot;:&quot;yes&quot;,&quot;background_motion_fx_scale_speed&quot;:{&quot;unit&quot;:&quot;px&quot;,&quot;size&quot;:1,&quot;sizes&quot;:[]},&quot;background_motion_fx_devices&quot;:[&quot;desktop&quot;],&quot;background_motion_fx_motion_fx_scrolling&quot;:&quot;yes&quot;,&quot;background_motion_fx_scale_direction&quot;:&quot;out-in&quot;,&quot;background_motion_fx_scale_range&quot;:{&quot;unit&quot;:&quot;%&quot;,&quot;size&quot;:&quot;&quot;,&quot;sizes&quot;:{&quot;start&quot;:20,&quot;end&quot;:80}}}\">\n\t\t\t<div class=\"elementor-widget-wrap elementor-element-populated\">\n\t\t\t\t\t\t<div class=\"elementor-element elementor-element-1a99efd9 elementor-widget elementor-widget-spacer\" data-id=\"1a99efd9\" data-element_type=\"widget\" data-widget_type=\"spacer.default\">\n\t\t\t\t<div class=\"elementor-widget-container\">\n\t\t\t\t\t<div class=\"elementor-spacer\">\n\t\t\t<div class=\"elementor-spacer-inner\"><\/div>\n\t\t<\/div>\n\t\t\t\t<\/div>\n\t\t\t\t<\/div>\n\t\t\t\t\t<\/div>\n\t\t<\/div>\n\t\t\t\t\t<\/div>\n\t\t<\/section>\n\t\t\t\t<section class=\"elementor-section elementor-top-section elementor-element elementor-element-31cd1fe4 elementor-section-boxed elementor-section-height-default elementor-section-height-default\" data-id=\"31cd1fe4\" data-element_type=\"section\">\n\t\t\t\t\t\t<div class=\"elementor-container elementor-column-gap-no\">\n\t\t\t\t\t<div class=\"elementor-column elementor-col-33 elementor-top-column elementor-element elementor-element-789cb63d\" data-id=\"789cb63d\" data-element_type=\"column\">\n\t\t\t<div class=\"elementor-widget-wrap elementor-element-populated\">\n\t\t\t\t\t\t<div class=\"elementor-element elementor-element-31c62cd9 elementor-widget elementor-widget-heading\" data-id=\"31c62cd9\" data-element_type=\"widget\" data-widget_type=\"heading.default\">\n\t\t\t\t<div class=\"elementor-widget-container\">\n\t\t\t<h5 class=\"elementor-heading-title elementor-size-default\">Verimlilik Art\u0131\u015f\u0131:<\/h5>\t\t<\/div>\n\t\t\t\t<\/div>\n\t\t\t\t<div class=\"elementor-element elementor-element-742d0723 elementor-widget elementor-widget-text-editor\" data-id=\"742d0723\" data-element_type=\"widget\" data-widget_type=\"text-editor.default\">\n\t\t\t\t<div class=\"elementor-widget-container\">\n\t\t\t\t\t\t\t<p>\u00d6l\u00e7\u00fcm ve analizler, enerji verimlili\u011fini art\u0131rmak ve maliyetleri d\u00fc\u015f\u00fcrmek i\u00e7in kritik bilgiler sa\u011flar.<\/p>\t\t\t\t\t\t<\/div>\n\t\t\t\t<\/div>\n\t\t\t\t\t<\/div>\n\t\t<\/div>\n\t\t\t\t<div class=\"elementor-column elementor-col-33 elementor-top-column elementor-element elementor-element-5a37ed70\" data-id=\"5a37ed70\" data-element_type=\"column\">\n\t\t\t<div class=\"elementor-widget-wrap elementor-element-populated\">\n\t\t\t\t\t\t<div class=\"elementor-element elementor-element-574d1d89 elementor-widget elementor-widget-heading\" data-id=\"574d1d89\" data-element_type=\"widget\" data-widget_type=\"heading.default\">\n\t\t\t\t<div class=\"elementor-widget-container\">\n\t\t\t<h5 class=\"elementor-heading-title elementor-size-default\">G\u00fcvenlik, Bak\u0131m ve Onar\u0131m<\/h5>\t\t<\/div>\n\t\t\t\t<\/div>\n\t\t\t\t<div class=\"elementor-element elementor-element-72d471c5 elementor-widget elementor-widget-text-editor\" data-id=\"72d471c5\" data-element_type=\"widget\" data-widget_type=\"text-editor.default\">\n\t\t\t\t<div class=\"elementor-widget-container\">\n\t\t\t\t\t\t\t<p>Elektrik sistemlerinin g\u00fcvenli bir \u015fekilde \u00e7al\u0131\u015fmas\u0131n\u0131 sa\u011flamak i\u00e7in d\u00fczenli \u00f6l\u00e7\u00fcm ve raporlama yap\u0131l\u0131r.<\/p><p>Sistem performans\u0131n\u0131 izleyerek, olas\u0131 ar\u0131zalar\u0131 \u00f6nceden tespit etmek ve bak\u0131m ihtiya\u00e7lar\u0131n\u0131 belirlemek i\u00e7in kullan\u0131l\u0131r.<\/p>\t\t\t\t\t\t<\/div>\n\t\t\t\t<\/div>\n\t\t\t\t\t<\/div>\n\t\t<\/div>\n\t\t\t\t<div class=\"elementor-column elementor-col-33 elementor-top-column elementor-element elementor-element-5e82d46\" data-id=\"5e82d46\" data-element_type=\"column\">\n\t\t\t<div class=\"elementor-widget-wrap elementor-element-populated\">\n\t\t\t\t\t\t<div class=\"elementor-element elementor-element-5243c8c2 elementor-widget elementor-widget-heading\" data-id=\"5243c8c2\" data-element_type=\"widget\" data-widget_type=\"heading.default\">\n\t\t\t\t<div class=\"elementor-widget-container\">\n\t\t\t<h5 class=\"elementor-heading-title elementor-size-default\">Reg\u00fclasyon ve Uyumluluk<\/h5>\t\t<\/div>\n\t\t\t\t<\/div>\n\t\t\t\t<div class=\"elementor-element elementor-element-17175368 elementor-widget elementor-widget-text-editor\" data-id=\"17175368\" data-element_type=\"widget\" data-widget_type=\"text-editor.default\">\n\t\t\t\t<div class=\"elementor-widget-container\">\n\t\t\t\t\t\t\t<p>Yerel ve uluslararas\u0131 standartlara uyumu sa\u011flamak i\u00e7in d\u00fczenli raporlama gereklidir.<\/p>\t\t\t\t\t\t<\/div>\n\t\t\t\t<\/div>\n\t\t\t\t\t<\/div>\n\t\t<\/div>\n\t\t\t\t\t<\/div>\n\t\t<\/section>\n\t\t\t\t<\/div>","protected":false},"excerpt":{"rendered":"<p>Elektrik M\u00fchendisli\u011fi&#8217;nde \u00d6l\u00e7\u00fcm ve Raporlama, elektrik sistemlerinin performans\u0131n\u0131 izlemek, g\u00fcvenli\u011fini sa\u011flamak ve verimlili\u011fini art\u0131rmak amac\u0131yla yap\u0131lan bir dizi uygulama ve i\u015flemi i\u00e7erir. <\/p>","protected":false},"author":1,"featured_media":988007,"parent":138,"menu_order":0,"comment_status":"closed","ping_status":"closed","template":"","meta":{"footnotes":""},"class_list":["post-3256","page","type-page","status-publish","has-post-thumbnail","hentry"],"_links":{"self":[{"href":"https:\/\/www.egesmuhendislik.com.tr\/ar\/wp-json\/wp\/v2\/pages\/3256","targetHints":{"allow":["GET"]}}],"collection":[{"href":"https:\/\/www.egesmuhendislik.com.tr\/ar\/wp-json\/wp\/v2\/pages"}],"about":[{"href":"https:\/\/www.egesmuhendislik.com.tr\/ar\/wp-json\/wp\/v2\/types\/page"}],"author":[{"embeddable":true,"href":"https:\/\/www.egesmuhendislik.com.tr\/ar\/wp-json\/wp\/v2\/users\/1"}],"replies":[{"embeddable":true,"href":"https:\/\/www.egesmuhendislik.com.tr\/ar\/wp-json\/wp\/v2\/comments?post=3256"}],"version-history":[{"count":8,"href":"https:\/\/www.egesmuhendislik.com.tr\/ar\/wp-json\/wp\/v2\/pages\/3256\/revisions"}],"predecessor-version":[{"id":988695,"href":"https:\/\/www.egesmuhendislik.com.tr\/ar\/wp-json\/wp\/v2\/pages\/3256\/revisions\/988695"}],"up":[{"embeddable":true,"href":"https:\/\/www.egesmuhendislik.com.tr\/ar\/wp-json\/wp\/v2\/pages\/138"}],"wp:featuredmedia":[{"embeddable":true,"href":"https:\/\/www.egesmuhendislik.com.tr\/ar\/wp-json\/wp\/v2\/media\/988007"}],"wp:attachment":[{"href":"https:\/\/www.egesmuhendislik.com.tr\/ar\/wp-json\/wp\/v2\/media?parent=3256"}],"curies":[{"name":"wp","href":"https:\/\/api.w.org\/{rel}","templated":true}]}}